{"id":4288,"date":"2022-08-17T10:18:26","date_gmt":"2022-08-17T08:18:26","guid":{"rendered":"https:\/\/ten-haaft.com\/?page_id=4288"},"modified":"2025-03-21T16:25:50","modified_gmt":"2025-03-21T15:25:50","slug":"all-update-via-usb","status":"publish","type":"page","link":"https:\/\/ten-haaft.com\/en\/all-update-via-usb\/","title":{"rendered":"All Update via USB"},"content":{"rendered":"<p>[et_pb_section fb_built=&#8221;1&#8243; custom_padding_last_edited=&#8221;on|phone&#8221; _builder_version=&#8221;4.17.3&#8243; _module_preset=&#8221;default&#8221; background_enable_image=&#8221;off&#8221; custom_padding_tablet=&#8221;&#8221; custom_padding_phone=&#8221;0px||||false|false&#8221; global_colors_info=&#8221;{}&#8221;][et_pb_row _builder_version=&#8221;4.17.3&#8243; _module_preset=&#8221;default&#8221; global_colors_info=&#8221;{}&#8221;][et_pb_column type=&#8221;4_4&#8243; _builder_version=&#8221;4.17.3&#8243; _module_preset=&#8221;default&#8221; global_colors_info=&#8221;{}&#8221;][et_pb_text _builder_version=&#8221;4.17.3&#8243; _module_preset=&#8221;default&#8221; text_text_color=&#8221;#000000&#8243; header_font=&#8221;|||on|||||&#8221; header_text_color=&#8221;#213A8F&#8221; header_font_size=&#8221;60px&#8221; header_2_font=&#8221;||||||||&#8221; header_2_text_color=&#8221;#213A8F&#8221; header_2_font_size=&#8221;46px&#8221; header_4_font=&#8221;|||on|||||&#8221; header_4_font_size=&#8221;16px&#8221; custom_margin=&#8221;||0px||false|false&#8221; header_font_size_tablet=&#8221;46px&#8221; header_font_size_phone=&#8221;32px&#8221; header_font_size_last_edited=&#8221;on|phone&#8221; header_2_font_size_tablet=&#8221;46px&#8221; header_2_font_size_phone=&#8221;32px&#8221; header_2_font_size_last_edited=&#8221;on|phone&#8221; global_colors_info=&#8221;{}&#8221;]<\/p>\n<h1 style=\"text-align: center;\">All Update via USB<\/h1>\n<p>[\/et_pb_text][\/et_pb_column][\/et_pb_row][\/et_pb_section][et_pb_section fb_built=&#8221;1&#8243; custom_padding_last_edited=&#8221;on|phone&#8221; disabled_on=&#8221;off|off|off&#8221; admin_label=&#8221;Vision Variante&#8221; module_class=&#8221;vision active&#8221; _builder_version=&#8221;4.17.3&#8243; _module_preset=&#8221;default&#8221; background_enable_image=&#8221;off&#8221; custom_padding_tablet=&#8221;&#8221; custom_padding_phone=&#8221;0px||||false|false&#8221; collapsed=&#8221;on&#8221; global_colors_info=&#8221;{}&#8221;][et_pb_row _builder_version=&#8221;4.17.3&#8243; _module_preset=&#8221;default&#8221; global_colors_info=&#8221;{}&#8221;][et_pb_column type=&#8221;4_4&#8243; _builder_version=&#8221;4.17.3&#8243; _module_preset=&#8221;default&#8221; global_colors_info=&#8221;{}&#8221;][et_pb_text _builder_version=&#8221;4.17.3&#8243; _module_preset=&#8221;default&#8221; header_2_font=&#8221;||||||||&#8221; header_2_text_color=&#8221;#213A8F&#8221; header_2_font_size=&#8221;46px&#8221; custom_margin=&#8221;||0px||false|false&#8221; custom_padding=&#8221;||0px||false|false&#8221; header_2_font_size_tablet=&#8221;46px&#8221; header_2_font_size_phone=&#8221;32px&#8221; header_2_font_size_last_edited=&#8221;on|phone&#8221; global_colors_info=&#8221;{}&#8221;]<\/p>\n<h2 class=\"panel-title\"><strong>H\u00e4ndlerpaket f\u00fcr Update via USB \/<br \/>\nDealer package for update via USB \/<br \/>\nPack pour Distributeur mise \u00e0 jour par cl\u00e9 USB:<\/strong><\/h2>\n<p>[\/et_pb_text][et_pb_divider color=&#8221;#213A8F&#8221; divider_weight=&#8221;3px&#8221; _builder_version=&#8221;4.17.3&#8243; _module_preset=&#8221;default&#8221; width=&#8221;15%&#8221; custom_margin=&#8221;15px||15px||true|false&#8221; custom_padding=&#8221;||||false|false&#8221; global_colors_info=&#8221;{}&#8221;][\/et_pb_divider][et_pb_text _builder_version=&#8221;4.27.4&#8243; _module_preset=&#8221;default&#8221; hover_enabled=&#8221;0&#8243; global_colors_info=&#8221;{}&#8221; sticky_enabled=&#8221;0&#8243;]<\/p>\n<p>Laden Sie mit dem unten hinterlegten Link das aktuelle Download Paket zum Update der Steuerger\u00e4te via USB herunter.<\/p>\n<p><span class=\"tlid-translation translation\" lang=\"en\"><span class=\"\" title=\"\">Use the link below to download the current download package for updating the ECUs via USB.<\/span><\/span><\/p>\n<p><span class=\"tlid-translation translation\" lang=\"fr\"><span class=\"\" title=\"\">Utilisez le lien ci-dessous pour t\u00e9l\u00e9charger le package de t\u00e9l\u00e9chargement actuel pour la mise \u00e0 jour via USB.<\/span><\/span><\/p>\n<p>&nbsp;<\/p>\n<p><strong><a href=\"https:\/\/update.ten-haaft.com\/Daten\/all_update_via_USB.zip\">USB Update Paket<\/a><\/strong> &#8211; (06.02.2023)<\/p>\n<p>&nbsp;<\/p>\n<p><img decoding=\"async\" src=\"https:\/\/ten-haaft.com\/wp-content\/uploads\/2022\/08\/bedienteil_vision_v5_steuergeraet-satellitenanlage-oyster-ten_haaft-300x225.png\" alt=\"\" class=\"wp-image-3538 alignnone size-medium\" width=\"300\" height=\"225\" \/><\/p>\n<p>&nbsp;<\/p>\n<p>F\u00fcr ein Vision und\/oder Solarupdate wird ein Servicebedienteil V5 ben\u00f6tigt.<\/p>\n<p><span id=\"result_box\" class=\"\" lang=\"en\"><span class=\"\">For a Vision and\/or Solar update, a service control panel V5 is required<\/span><\/span>.<\/p>\n<p>Un bo\u00eetier de contr\u00f4le V5 est n\u00e9cessaire pour faire la mise \u00e0 jour d\u2019une installation Solar ou Vision.<\/p>\n<p>&nbsp;<\/p>\n<p>&nbsp;<\/p>\n<p>Laden Sie mit dem unten hinterlegten Link die Beschreibungen zum Update der Steuerger\u00e4te via USB herunter.<\/p>\n<p><a href=\"https:\/\/update.ten-haaft.com\/Anleitung\/Beschreibung_de_USB-Update.zip\">Beschreibung_de_USB-Update<\/a><\/p>\n<p>&nbsp;<\/p>\n<p><span class=\"tlid-translation translation\" lang=\"en\"><span class=\"\" title=\"\">Use the link below to download the description for updating the ECUs via USB.<\/span><\/span><\/p>\n<p><a href=\"https:\/\/update.ten-haaft.com\/Anleitung\/Description_en_USB-Update.zip\">Description_en_USB-Update<\/a><\/p>\n<p>&nbsp;<\/p>\n<p><span class=\"tlid-translation translation\" lang=\"fr\"><span class=\"\" title=\"\">Utilisez le lien suivant pour t\u00e9l\u00e9charger les descriptions relatives \u00e0 la mise \u00e0 jour des unit\u00e9 de commande via USB.<\/span><\/span><\/p>\n<p><a href=\"https:\/\/update.ten-haaft.com\/Anleitung\/Description_fr_USB-Update.zip\">Description_fr_USB-Update<\/a><\/p>\n<p>[\/et_pb_text][\/et_pb_column][\/et_pb_row][\/et_pb_section]<\/p>\n","protected":false},"excerpt":{"rendered":"<p>All Update via USBH\u00e4ndlerpaket f\u00fcr Update via USB \/ Dealer package for update via USB \/ Pack pour Distributeur mise \u00e0 jour par cl\u00e9 USB:Laden Sie mit dem unten hinterlegten Link das aktuelle Download Paket zum Update der Steuerger\u00e4te via USB herunter. Use the link below to download the current download package for updating the ECUs via USB. Utilisez le lien ci-dessous pour t\u00e9l\u00e9charger le package de t\u00e9l\u00e9chargement actuel pour la mise \u00e0 jour via USB. &nbsp; USB Update Paket &#8211; (06.02.2023) &nbsp; &nbsp; F\u00fcr ein Vision und\/oder Solarupdate wird ein Servicebedienteil V5 ben\u00f6tigt. For a Vision and\/or Solar update, a service control panel V5 is required. Un bo\u00eetier de contr\u00f4le V5 est n\u00e9cessaire pour faire la mise \u00e0 jour d\u2019une installation Solar ou Vision. &nbsp; &nbsp; Laden Sie mit dem unten hinterlegten Link die Beschreibungen zum Update der Steuerger\u00e4te via USB herunter. Beschreibung_de_USB-Update &nbsp; Use the link below to download the description for updating the ECUs via USB. Description_en_USB-Update &nbsp; Utilisez le lien suivant pour t\u00e9l\u00e9charger les descriptions relatives \u00e0 la mise \u00e0 jour des unit\u00e9 de commande via USB. Description_fr_USB-Update<\/p>\n","protected":false},"author":8,"featured_media":0,"parent":0,"menu_order":0,"comment_status":"closed","ping_status":"closed","template":"","meta":{"_et_pb_use_builder":"on","_et_pb_old_content":"[et_pb_section fb_built=\"1\" custom_padding_last_edited=\"on|phone\" _builder_version=\"4.17.3\" _module_preset=\"default\" background_enable_image=\"off\" custom_padding_tablet=\"\" custom_padding_phone=\"0px||||false|false\" global_colors_info=\"{}\" theme_builder_area=\"post_content\"][et_pb_row _builder_version=\"4.17.3\" _module_preset=\"default\" global_colors_info=\"{}\" theme_builder_area=\"post_content\"][et_pb_column type=\"4_4\" _builder_version=\"4.17.3\" _module_preset=\"default\" global_colors_info=\"{}\" theme_builder_area=\"post_content\"][et_pb_text _builder_version=\"4.17.3\" _module_preset=\"default\" text_text_color=\"#000000\" header_font=\"|||on|||||\" header_text_color=\"#213A8F\" header_font_size=\"60px\" header_2_font=\"||||||||\" header_2_text_color=\"#213A8F\" header_2_font_size=\"46px\" header_4_font=\"|||on|||||\" header_4_font_size=\"16px\" custom_margin=\"||0px||false|false\" hover_enabled=\"0\" header_font_size_tablet=\"46px\" header_font_size_phone=\"32px\" header_font_size_last_edited=\"on|phone\" header_2_font_size_tablet=\"46px\" header_2_font_size_phone=\"32px\" header_2_font_size_last_edited=\"on|phone\" global_colors_info=\"{}\" theme_builder_area=\"post_content\" sticky_enabled=\"0\"]\n<h1 style=\"text-align: center;\">All Update via USB<\/h1>\n[\/et_pb_text][\/et_pb_column][\/et_pb_row][\/et_pb_section][et_pb_section fb_built=\"1\" custom_padding_last_edited=\"on|phone\" disabled_on=\"off|off|off\" admin_label=\"Vision Variante\" module_class=\"vision active\" _builder_version=\"4.17.3\" _module_preset=\"default\" background_enable_image=\"off\" custom_padding_tablet=\"\" custom_padding_phone=\"0px||||false|false\" collapsed=\"on\" global_colors_info=\"{}\" theme_builder_area=\"post_content\"][et_pb_row _builder_version=\"4.17.3\" _module_preset=\"default\" global_colors_info=\"{}\" theme_builder_area=\"post_content\"][et_pb_column type=\"4_4\" _builder_version=\"4.17.3\" _module_preset=\"default\" global_colors_info=\"{}\" theme_builder_area=\"post_content\"][et_pb_text _builder_version=\"4.17.3\" _module_preset=\"default\" header_2_font=\"||||||||\" header_2_text_color=\"#213A8F\" header_2_font_size=\"46px\" custom_margin=\"||0px||false|false\" custom_padding=\"||0px||false|false\" hover_enabled=\"0\" header_2_font_size_tablet=\"46px\" header_2_font_size_phone=\"32px\" header_2_font_size_last_edited=\"on|phone\" global_colors_info=\"{}\" theme_builder_area=\"post_content\" sticky_enabled=\"0\"]\n<h2 class=\"panel-title\"><strong>H\u00e4ndlerpaket f\u00fcr Update via USB \/\nDealer package for update via USB \/\nPack pour Distributeur mise \u00e0 jour par cl\u00e9 USB:<\/strong><\/h2>\n[\/et_pb_text][et_pb_divider color=\"#213A8F\" divider_weight=\"3px\" _builder_version=\"4.17.3\" _module_preset=\"default\" width=\"15%\" custom_margin=\"15px||15px||true|false\" custom_padding=\"||||false|false\" global_colors_info=\"{}\" theme_builder_area=\"post_content\"][\/et_pb_divider][et_pb_text _builder_version=\"4.17.3\" _module_preset=\"default\" hover_enabled=\"0\" global_colors_info=\"{}\" theme_builder_area=\"post_content\" sticky_enabled=\"0\"]\n\nLaden Sie mit dem unten hinterlegten Link das aktuelle Download Paket zum Update der Steuerger\u00e4te via USB herunter.\n\n<span class=\"tlid-translation translation\" lang=\"en\"><span class=\"\" title=\"\">Use the link below to download the current download package for updating the ECUs via USB.<\/span><\/span>\n\n<span class=\"tlid-translation translation\" lang=\"fr\"><span class=\"\" title=\"\">Utilisez le lien ci-dessous pour t\u00e9l\u00e9charger le package de t\u00e9l\u00e9chargement actuel pour la mise \u00e0 jour via USB.<\/span><\/span>\n\n&nbsp;\n\n<strong><a href=\"https:\/\/update.ten-haaft.com\/Daten\/all_update_via_USB.zip\">USB Update Paket<\/a><\/strong> - (16.08.2022)\n\n&nbsp;\n\n<img src=\"https:\/\/ten-haaft.com\/wp-content\/uploads\/2022\/08\/bedienteil_vision_v5_steuergeraet-satellitenanlage-oyster-ten_haaft-300x225.png\" alt=\"\" class=\"wp-image-3538 alignnone size-medium\" width=\"300\" height=\"225\">\n\n&nbsp;\n\nF\u00fcr ein Vision und\/oder Solarupdate wird ein Servicebedienteil V5 ben\u00f6tigt.\n\n<span id=\"result_box\" class=\"\" lang=\"en\"><span class=\"\">For a Vision and\/or Solar update, a service control panel V5 is required<\/span><\/span>.\n\nUn bo\u00eetier de contr\u00f4le V5 est n\u00e9cessaire pour faire la mise \u00e0 jour d\u2019une installation Solar ou Vision.\n\n&nbsp;\n\n&nbsp;\n\nLaden Sie mit dem unten hinterlegten Link die Beschreibungen zum Update der Steuerger\u00e4te via USB herunter.\n\n<a href=\"https:\/\/update.ten-haaft.com\/Anleitung\/Beschreibung_de_USB-Update.zip\">Beschreibung_de_USB-Update<\/a>\n\n&nbsp;\n\n<span class=\"tlid-translation translation\" lang=\"en\"><span class=\"\" title=\"\">Use the link below to download the description for updating the ECUs via USB.<\/span><\/span>\n\n<a href=\"https:\/\/update.ten-haaft.com\/Anleitung\/Description_en_USB-Update.zip\">Description_en_USB-Update<\/a>\n\n&nbsp;\n\n<span class=\"tlid-translation translation\" lang=\"fr\"><span class=\"\" title=\"\">Utilisez le lien suivant pour t\u00e9l\u00e9charger les descriptions relatives \u00e0 la mise \u00e0 jour des unit\u00e9 de commande via USB.<\/span><\/span>\n\n<a href=\"https:\/\/update.ten-haaft.com\/Anleitung\/Description_fr_USB-Update.zip\">Description_fr_USB-Update<\/a>\n\n[\/et_pb_text][\/et_pb_column][\/et_pb_row][\/et_pb_section]","_et_gb_content_width":"","footnotes":""},"class_list":["post-4288","page","type-page","status-publish","hentry"],"yoast_head":"<!-- This site is optimized with the Yoast SEO plugin v27.3 - https:\/\/yoast.com\/product\/yoast-seo-wordpress\/ -->\n<title>All Updates via USB | Oyster by ten-Haaft<\/title>\n<meta name=\"description\" content=\"Find the latest download package for updating the control units here and download it via USB.\" \/>\n<meta name=\"robots\" content=\"index, follow, max-snippet:-1, max-image-preview:large, max-video-preview:-1\" \/>\n<link rel=\"canonical\" href=\"https:\/\/ten-haaft.com\/en\/all-update-via-usb\/\" \/>\n<meta property=\"og:locale\" content=\"en_US\" \/>\n<meta property=\"og:type\" content=\"article\" \/>\n<meta property=\"og:title\" content=\"All Updates via USB | Oyster by ten-Haaft\" \/>\n<meta property=\"og:description\" content=\"Find the latest download package for updating the control units here and download it via USB.\" \/>\n<meta property=\"og:url\" content=\"https:\/\/ten-haaft.com\/en\/all-update-via-usb\/\" \/>\n<meta property=\"og:site_name\" content=\"ten-haaft\" \/>\n<meta property=\"article:modified_time\" content=\"2025-03-21T15:25:50+00:00\" \/>\n<meta property=\"og:image\" content=\"https:\/\/ten-haaft.com\/wp-content\/uploads\/2022\/08\/bedienteil_vision_v5_steuergeraet-satellitenanlage-oyster-ten_haaft.png\" \/>\n\t<meta property=\"og:image:width\" content=\"1000\" \/>\n\t<meta property=\"og:image:height\" content=\"750\" \/>\n\t<meta property=\"og:image:type\" content=\"image\/png\" \/>\n<meta name=\"twitter:card\" content=\"summary_large_image\" \/>\n<meta name=\"twitter:label1\" content=\"Est. reading time\" \/>\n\t<meta name=\"twitter:data1\" content=\"2 minutes\" \/>\n<script type=\"application\/ld+json\" class=\"yoast-schema-graph\">{\"@context\":\"https:\\\/\\\/schema.org\",\"@graph\":[{\"@type\":\"WebPage\",\"@id\":\"https:\\\/\\\/ten-haaft.com\\\/en\\\/all-update-via-usb\\\/\",\"url\":\"https:\\\/\\\/ten-haaft.com\\\/en\\\/all-update-via-usb\\\/\",\"name\":\"All Updates via USB | Oyster by ten-Haaft\",\"isPartOf\":{\"@id\":\"https:\\\/\\\/ten-haaft.com\\\/en\\\/#website\"},\"primaryImageOfPage\":{\"@id\":\"https:\\\/\\\/ten-haaft.com\\\/en\\\/all-update-via-usb\\\/#primaryimage\"},\"image\":{\"@id\":\"https:\\\/\\\/ten-haaft.com\\\/en\\\/all-update-via-usb\\\/#primaryimage\"},\"thumbnailUrl\":\"https:\\\/\\\/ten-haaft.com\\\/wp-content\\\/uploads\\\/2022\\\/08\\\/bedienteil_vision_v5_steuergeraet-satellitenanlage-oyster-ten_haaft-300x225.png\",\"datePublished\":\"2022-08-17T08:18:26+00:00\",\"dateModified\":\"2025-03-21T15:25:50+00:00\",\"description\":\"Find the latest download package for updating the control units here and download it via USB.\",\"breadcrumb\":{\"@id\":\"https:\\\/\\\/ten-haaft.com\\\/en\\\/all-update-via-usb\\\/#breadcrumb\"},\"inLanguage\":\"en-US\",\"potentialAction\":[{\"@type\":\"ReadAction\",\"target\":[\"https:\\\/\\\/ten-haaft.com\\\/en\\\/all-update-via-usb\\\/\"]}]},{\"@type\":\"ImageObject\",\"inLanguage\":\"en-US\",\"@id\":\"https:\\\/\\\/ten-haaft.com\\\/en\\\/all-update-via-usb\\\/#primaryimage\",\"url\":\"https:\\\/\\\/ten-haaft.com\\\/wp-content\\\/uploads\\\/2022\\\/08\\\/bedienteil_vision_v5_steuergeraet-satellitenanlage-oyster-ten_haaft-300x225.png\",\"contentUrl\":\"https:\\\/\\\/ten-haaft.com\\\/wp-content\\\/uploads\\\/2022\\\/08\\\/bedienteil_vision_v5_steuergeraet-satellitenanlage-oyster-ten_haaft-300x225.png\"},{\"@type\":\"BreadcrumbList\",\"@id\":\"https:\\\/\\\/ten-haaft.com\\\/en\\\/all-update-via-usb\\\/#breadcrumb\",\"itemListElement\":[{\"@type\":\"ListItem\",\"position\":1,\"name\":\"Startseite\",\"item\":\"https:\\\/\\\/ten-haaft.com\\\/en\\\/\"},{\"@type\":\"ListItem\",\"position\":2,\"name\":\"All Update via USB\"}]},{\"@type\":\"WebSite\",\"@id\":\"https:\\\/\\\/ten-haaft.com\\\/en\\\/#website\",\"url\":\"https:\\\/\\\/ten-haaft.com\\\/en\\\/\",\"name\":\"ten-haaft\",\"description\":\"\",\"potentialAction\":[{\"@type\":\"SearchAction\",\"target\":{\"@type\":\"EntryPoint\",\"urlTemplate\":\"https:\\\/\\\/ten-haaft.com\\\/en\\\/?s={search_term_string}\"},\"query-input\":{\"@type\":\"PropertyValueSpecification\",\"valueRequired\":true,\"valueName\":\"search_term_string\"}}],\"inLanguage\":\"en-US\"}]}<\/script>\n<!-- \/ Yoast SEO plugin. -->","yoast_head_json":{"title":"All Updates via USB | Oyster by ten-Haaft","description":"Find the latest download package for updating the control units here and download it via USB.","robots":{"index":"index","follow":"follow","max-snippet":"max-snippet:-1","max-image-preview":"max-image-preview:large","max-video-preview":"max-video-preview:-1"},"canonical":"https:\/\/ten-haaft.com\/en\/all-update-via-usb\/","og_locale":"en_US","og_type":"article","og_title":"All Updates via USB | Oyster by ten-Haaft","og_description":"Find the latest download package for updating the control units here and download it via USB.","og_url":"https:\/\/ten-haaft.com\/en\/all-update-via-usb\/","og_site_name":"ten-haaft","article_modified_time":"2025-03-21T15:25:50+00:00","og_image":[{"width":1000,"height":750,"url":"https:\/\/ten-haaft.com\/wp-content\/uploads\/2022\/08\/bedienteil_vision_v5_steuergeraet-satellitenanlage-oyster-ten_haaft.png","type":"image\/png"}],"twitter_card":"summary_large_image","twitter_misc":{"Est. reading time":"2 minutes"},"schema":{"@context":"https:\/\/schema.org","@graph":[{"@type":"WebPage","@id":"https:\/\/ten-haaft.com\/en\/all-update-via-usb\/","url":"https:\/\/ten-haaft.com\/en\/all-update-via-usb\/","name":"All Updates via USB | Oyster by ten-Haaft","isPartOf":{"@id":"https:\/\/ten-haaft.com\/en\/#website"},"primaryImageOfPage":{"@id":"https:\/\/ten-haaft.com\/en\/all-update-via-usb\/#primaryimage"},"image":{"@id":"https:\/\/ten-haaft.com\/en\/all-update-via-usb\/#primaryimage"},"thumbnailUrl":"https:\/\/ten-haaft.com\/wp-content\/uploads\/2022\/08\/bedienteil_vision_v5_steuergeraet-satellitenanlage-oyster-ten_haaft-300x225.png","datePublished":"2022-08-17T08:18:26+00:00","dateModified":"2025-03-21T15:25:50+00:00","description":"Find the latest download package for updating the control units here and download it via USB.","breadcrumb":{"@id":"https:\/\/ten-haaft.com\/en\/all-update-via-usb\/#breadcrumb"},"inLanguage":"en-US","potentialAction":[{"@type":"ReadAction","target":["https:\/\/ten-haaft.com\/en\/all-update-via-usb\/"]}]},{"@type":"ImageObject","inLanguage":"en-US","@id":"https:\/\/ten-haaft.com\/en\/all-update-via-usb\/#primaryimage","url":"https:\/\/ten-haaft.com\/wp-content\/uploads\/2022\/08\/bedienteil_vision_v5_steuergeraet-satellitenanlage-oyster-ten_haaft-300x225.png","contentUrl":"https:\/\/ten-haaft.com\/wp-content\/uploads\/2022\/08\/bedienteil_vision_v5_steuergeraet-satellitenanlage-oyster-ten_haaft-300x225.png"},{"@type":"BreadcrumbList","@id":"https:\/\/ten-haaft.com\/en\/all-update-via-usb\/#breadcrumb","itemListElement":[{"@type":"ListItem","position":1,"name":"Startseite","item":"https:\/\/ten-haaft.com\/en\/"},{"@type":"ListItem","position":2,"name":"All Update via USB"}]},{"@type":"WebSite","@id":"https:\/\/ten-haaft.com\/en\/#website","url":"https:\/\/ten-haaft.com\/en\/","name":"ten-haaft","description":"","potentialAction":[{"@type":"SearchAction","target":{"@type":"EntryPoint","urlTemplate":"https:\/\/ten-haaft.com\/en\/?s={search_term_string}"},"query-input":{"@type":"PropertyValueSpecification","valueRequired":true,"valueName":"search_term_string"}}],"inLanguage":"en-US"}]}},"_links":{"self":[{"href":"https:\/\/ten-haaft.com\/en\/wp-json\/wp\/v2\/pages\/4288","targetHints":{"allow":["GET"]}}],"collection":[{"href":"https:\/\/ten-haaft.com\/en\/wp-json\/wp\/v2\/pages"}],"about":[{"href":"https:\/\/ten-haaft.com\/en\/wp-json\/wp\/v2\/types\/page"}],"author":[{"embeddable":true,"href":"https:\/\/ten-haaft.com\/en\/wp-json\/wp\/v2\/users\/8"}],"replies":[{"embeddable":true,"href":"https:\/\/ten-haaft.com\/en\/wp-json\/wp\/v2\/comments?post=4288"}],"version-history":[{"count":5,"href":"https:\/\/ten-haaft.com\/en\/wp-json\/wp\/v2\/pages\/4288\/revisions"}],"predecessor-version":[{"id":17766,"href":"https:\/\/ten-haaft.com\/en\/wp-json\/wp\/v2\/pages\/4288\/revisions\/17766"}],"wp:attachment":[{"href":"https:\/\/ten-haaft.com\/en\/wp-json\/wp\/v2\/media?parent=4288"}],"curies":[{"name":"wp","href":"https:\/\/api.w.org\/{rel}","templated":true}]}}