{"id":5328,"date":"2022-08-17T10:18:26","date_gmt":"2022-08-17T08:18:26","guid":{"rendered":"https:\/\/ten-haaft.com\/?page_id=5328"},"modified":"2025-04-04T18:35:14","modified_gmt":"2025-04-04T16:35:14","slug":"all_update_via_usb","status":"publish","type":"page","link":"https:\/\/ten-haaft.com\/fr\/all_update_via_usb\/","title":{"rendered":"All Updates via USB | Oyster by ten-Haaft"},"content":{"rendered":"<p>[et_pb_section fb_built=\u00a0\u00bb1&Prime; custom_padding_last_edited=\u00a0\u00bbon|phone\u00a0\u00bb _builder_version=\u00a0\u00bb4.17.3&Prime; _module_preset=\u00a0\u00bbdefault\u00a0\u00bb background_enable_image=\u00a0\u00bboff\u00a0\u00bb custom_padding_tablet=\u00a0\u00bb\u00a0\u00bb custom_padding_phone=\u00a0\u00bb0px||||false|false\u00a0\u00bb global_colors_info=\u00a0\u00bb{}\u00a0\u00bb][et_pb_row _builder_version=\u00a0\u00bb4.17.3&Prime; _module_preset=\u00a0\u00bbdefault\u00a0\u00bb global_colors_info=\u00a0\u00bb{}\u00a0\u00bb][et_pb_column type=\u00a0\u00bb4_4&Prime; _builder_version=\u00a0\u00bb4.17.3&Prime; _module_preset=\u00a0\u00bbdefault\u00a0\u00bb global_colors_info=\u00a0\u00bb{}\u00a0\u00bb][et_pb_text _builder_version=\u00a0\u00bb4.17.3&Prime; _module_preset=\u00a0\u00bbdefault\u00a0\u00bb text_text_color=\u00a0\u00bb#000000&Prime; header_font=\u00a0\u00bb|||on|||||\u00a0\u00bb header_text_color=\u00a0\u00bb#213A8F\u00a0\u00bb header_font_size=\u00a0\u00bb60px\u00a0\u00bb header_2_font=\u00a0\u00bb||||||||\u00a0\u00bb header_2_text_color=\u00a0\u00bb#213A8F\u00a0\u00bb header_2_font_size=\u00a0\u00bb46px\u00a0\u00bb header_4_font=\u00a0\u00bb|||on|||||\u00a0\u00bb header_4_font_size=\u00a0\u00bb16px\u00a0\u00bb custom_margin=\u00a0\u00bb||0px||false|false\u00a0\u00bb header_font_size_tablet=\u00a0\u00bb46px\u00a0\u00bb header_font_size_phone=\u00a0\u00bb32px\u00a0\u00bb header_font_size_last_edited=\u00a0\u00bbon|phone\u00a0\u00bb header_2_font_size_tablet=\u00a0\u00bb46px\u00a0\u00bb header_2_font_size_phone=\u00a0\u00bb32px\u00a0\u00bb header_2_font_size_last_edited=\u00a0\u00bbon|phone\u00a0\u00bb global_colors_info=\u00a0\u00bb{}\u00a0\u00bb]<\/p>\n<h1 style=\"text-align: center;\">All Update via USB<\/h1>\n<p>[\/et_pb_text][\/et_pb_column][\/et_pb_row][\/et_pb_section][et_pb_section fb_built=\u00a0\u00bb1&Prime; custom_padding_last_edited=\u00a0\u00bbon|phone\u00a0\u00bb disabled_on=\u00a0\u00bboff|off|off\u00a0\u00bb admin_label=\u00a0\u00bbVision Variante\u00a0\u00bb module_class=\u00a0\u00bbvision active\u00a0\u00bb _builder_version=\u00a0\u00bb4.17.3&Prime; _module_preset=\u00a0\u00bbdefault\u00a0\u00bb background_enable_image=\u00a0\u00bboff\u00a0\u00bb custom_padding_tablet=\u00a0\u00bb\u00a0\u00bb custom_padding_phone=\u00a0\u00bb0px||||false|false\u00a0\u00bb collapsed=\u00a0\u00bbon\u00a0\u00bb global_colors_info=\u00a0\u00bb{}\u00a0\u00bb][et_pb_row _builder_version=\u00a0\u00bb4.17.3&Prime; _module_preset=\u00a0\u00bbdefault\u00a0\u00bb global_colors_info=\u00a0\u00bb{}\u00a0\u00bb][et_pb_column type=\u00a0\u00bb4_4&Prime; _builder_version=\u00a0\u00bb4.17.3&Prime; _module_preset=\u00a0\u00bbdefault\u00a0\u00bb global_colors_info=\u00a0\u00bb{}\u00a0\u00bb][et_pb_text _builder_version=\u00a0\u00bb4.17.3&Prime; _module_preset=\u00a0\u00bbdefault\u00a0\u00bb header_2_font=\u00a0\u00bb||||||||\u00a0\u00bb header_2_text_color=\u00a0\u00bb#213A8F\u00a0\u00bb header_2_font_size=\u00a0\u00bb46px\u00a0\u00bb custom_margin=\u00a0\u00bb||0px||false|false\u00a0\u00bb custom_padding=\u00a0\u00bb||0px||false|false\u00a0\u00bb header_2_font_size_tablet=\u00a0\u00bb46px\u00a0\u00bb header_2_font_size_phone=\u00a0\u00bb32px\u00a0\u00bb header_2_font_size_last_edited=\u00a0\u00bbon|phone\u00a0\u00bb global_colors_info=\u00a0\u00bb{}\u00a0\u00bb]<\/p>\n<h2 class=\"panel-title\"><strong>H\u00e4ndlerpaket f\u00fcr Update via USB \/ <br \/>Dealer package for update via USB \/ <br \/>Pack pour Distributeur mise \u00e0 jour par cl\u00e9 USB:<\/strong><\/h2>\n<p>[\/et_pb_text][et_pb_divider color=\u00a0\u00bb#213A8F\u00a0\u00bb divider_weight=\u00a0\u00bb3px\u00a0\u00bb _builder_version=\u00a0\u00bb4.17.3&Prime; _module_preset=\u00a0\u00bbdefault\u00a0\u00bb width=\u00a0\u00bb15%\u00a0\u00bb custom_margin=\u00a0\u00bb15px||15px||true|false\u00a0\u00bb custom_padding=\u00a0\u00bb||||false|false\u00a0\u00bb global_colors_info=\u00a0\u00bb{}\u00a0\u00bb][\/et_pb_divider][et_pb_text _builder_version=\u00a0\u00bb4.27.4&Prime; _module_preset=\u00a0\u00bbdefault\u00a0\u00bb hover_enabled=\u00a0\u00bb0&Prime; global_colors_info=\u00a0\u00bb{}\u00a0\u00bb sticky_enabled=\u00a0\u00bb0&Prime;]Laden Sie mit dem unten hinterlegten Link das aktuelle Download Paket zum Update der Steuerger\u00e4te via USB herunter.<\/p>\n<p><span class=\"tlid-translation translation\" lang=\"en\"><span class=\"\" title=\"\">Use the link below to download the current download package for updating the ECUs via USB.<\/span><\/span><\/p>\n<p><span class=\"tlid-translation translation\" lang=\"fr\"><span class=\"\" title=\"\">Utilisez le lien ci-dessous pour t\u00e9l\u00e9charger le package de t\u00e9l\u00e9chargement actuel pour la mise \u00e0 jour via USB.<\/span><\/span><\/p>\n<p>&nbsp;<\/p>\n<p><strong><a href=\"https:\/\/update.ten-haaft.com\/Daten\/all_update_via_USB.zip\">USB Update Paket<\/a><\/strong> &#8211; (06.02.2023)<\/p>\n<p>&nbsp;<\/p>\n<p><img decoding=\"async\" src=\"https:\/\/ten-haaft.com\/wp-content\/uploads\/2022\/08\/bedienteil_vision_v5_steuergeraet-satellitenanlage-oyster-ten_haaft-300x225.png\" alt=\"Display pour USB Update\" class=\"wp-image-3538 alignnone size-medium\" width=\"300\" height=\"225\" \/><\/p>\n<p>&nbsp;<\/p>\n<p>F\u00fcr ein Vision und\/oder Solarupdate wird ein Servicebedienteil V5 ben\u00f6tigt.<\/p>\n<p><span id=\"result_box\" class=\"\" lang=\"en\"><span class=\"\">For a Vision and\/or Solar update, a service control panel V5 is required<\/span><\/span>.<\/p>\n<p>Un bo\u00eetier de contr\u00f4le V5 est n\u00e9cessaire pour faire la mise \u00e0 jour d\u2019une installation Solar ou Vision.<\/p>\n<p>&nbsp;<\/p>\n<p>&nbsp;<\/p>\n<p>Laden Sie mit dem unten hinterlegten Link die Beschreibungen zum Update der Steuerger\u00e4te via USB herunter.<\/p>\n<p><a href=\"https:\/\/update.ten-haaft.com\/Anleitung\/Beschreibung_de_USB-Update.zip\">Beschreibung_de_USB-Update<\/a><\/p>\n<p>&nbsp;<\/p>\n<p><span class=\"tlid-translation translation\" lang=\"en\"><span class=\"\" title=\"\">Use the link below to download the description for updating the ECUs via USB.<\/span><\/span><\/p>\n<p><a href=\"https:\/\/update.ten-haaft.com\/Anleitung\/Description_en_USB-Update.zip\">Description_en_USB-Update<\/a><\/p>\n<p>&nbsp;<\/p>\n<p><span class=\"tlid-translation translation\" lang=\"fr\"><span class=\"\" title=\"\">Utilisez le lien suivant pour t\u00e9l\u00e9charger les descriptions relatives \u00e0 la mise \u00e0 jour des unit\u00e9 de commande via USB.<\/span><\/span><\/p>\n<p><a href=\"https:\/\/update.ten-haaft.com\/Anleitung\/Description_fr_USB-Update.zip\">Description_fr_USB-Update<\/a>[\/et_pb_text][\/et_pb_column][\/et_pb_row][\/et_pb_section]<\/p>\n","protected":false},"excerpt":{"rendered":"<p>All Update via USBH\u00e4ndlerpaket f\u00fcr Update via USB \/ Dealer package for update via USB \/ Pack pour Distributeur mise \u00e0 jour par cl\u00e9 USB:Laden Sie mit dem unten hinterlegten Link das aktuelle Download Paket zum Update der Steuerger\u00e4te via USB herunter. Use the link below to download the current download package for updating the ECUs via USB. Utilisez le lien ci-dessous pour t\u00e9l\u00e9charger le package de t\u00e9l\u00e9chargement actuel pour la mise \u00e0 jour via USB. &nbsp; USB Update Paket &#8211; (06.02.2023) &nbsp; &nbsp; F\u00fcr ein Vision und\/oder Solarupdate wird ein Servicebedienteil V5 ben\u00f6tigt. For a Vision and\/or Solar update, a service control panel V5 is required. Un bo\u00eetier de contr\u00f4le V5 est n\u00e9cessaire pour faire la mise \u00e0 jour d\u2019une installation Solar ou Vision. &nbsp; &nbsp; Laden Sie mit dem unten hinterlegten Link die Beschreibungen zum Update der Steuerger\u00e4te via USB herunter. Beschreibung_de_USB-Update &nbsp; Use the link below to download the description for updating the ECUs via USB. Description_en_USB-Update &nbsp; Utilisez le lien suivant pour t\u00e9l\u00e9charger les descriptions relatives \u00e0 la mise \u00e0 jour des unit\u00e9 de commande via USB. Description_fr_USB-Update<\/p>\n","protected":false},"author":8,"featured_media":0,"parent":0,"menu_order":0,"comment_status":"closed","ping_status":"closed","template":"","meta":{"_et_pb_use_builder":"on","_et_pb_old_content":"","_et_gb_content_width":"","footnotes":""},"class_list":["post-5328","page","type-page","status-publish","hentry"],"yoast_head":"<!-- This site is optimized with the Yoast SEO plugin v27.3 - https:\/\/yoast.com\/product\/yoast-seo-wordpress\/ -->\n<title>Toutes les mises \u00e0 jour via USB | Oyster by ten-Haaft<\/title>\n<meta name=\"description\" content=\"T\u00e9l\u00e9chargez ici le dernier logiciel pour la mise \u00e0 jour des unit\u00e9s de contr\u00f4le et t\u00e9l\u00e9chargez-le via USB.\" \/>\n<meta name=\"robots\" content=\"index, follow, max-snippet:-1, max-image-preview:large, max-video-preview:-1\" \/>\n<link rel=\"canonical\" href=\"https:\/\/ten-haaft.com\/fr\/all_update_via_usb\/\" \/>\n<meta property=\"og:locale\" content=\"fr_FR\" \/>\n<meta property=\"og:type\" content=\"article\" \/>\n<meta property=\"og:title\" content=\"Toutes les mises \u00e0 jour via USB | Oyster by ten-Haaft\" \/>\n<meta property=\"og:description\" content=\"T\u00e9l\u00e9chargez ici le dernier logiciel pour la mise \u00e0 jour des unit\u00e9s de contr\u00f4le et t\u00e9l\u00e9chargez-le via USB.\" \/>\n<meta property=\"og:url\" content=\"https:\/\/ten-haaft.com\/fr\/all_update_via_usb\/\" \/>\n<meta property=\"og:site_name\" content=\"ten-haaft\" \/>\n<meta property=\"article:modified_time\" content=\"2025-04-04T16:35:14+00:00\" \/>\n<meta property=\"og:image\" content=\"https:\/\/ten-haaft.com\/wp-content\/uploads\/2022\/08\/bedienteil_vision_v5_steuergeraet-satellitenanlage-oyster-ten_haaft.png\" \/>\n\t<meta property=\"og:image:width\" content=\"1000\" \/>\n\t<meta property=\"og:image:height\" content=\"750\" \/>\n\t<meta property=\"og:image:type\" content=\"image\/png\" \/>\n<meta name=\"twitter:card\" content=\"summary_large_image\" \/>\n<meta name=\"twitter:label1\" content=\"Dur\u00e9e de lecture estim\u00e9e\" \/>\n\t<meta name=\"twitter:data1\" content=\"2 minutes\" \/>\n<script type=\"application\/ld+json\" class=\"yoast-schema-graph\">{\"@context\":\"https:\\\/\\\/schema.org\",\"@graph\":[{\"@type\":\"WebPage\",\"@id\":\"https:\\\/\\\/ten-haaft.com\\\/fr\\\/all_update_via_usb\\\/\",\"url\":\"https:\\\/\\\/ten-haaft.com\\\/fr\\\/all_update_via_usb\\\/\",\"name\":\"Toutes les mises \u00e0 jour via USB | Oyster by ten-Haaft\",\"isPartOf\":{\"@id\":\"https:\\\/\\\/ten-haaft.com\\\/fr\\\/#website\"},\"primaryImageOfPage\":{\"@id\":\"https:\\\/\\\/ten-haaft.com\\\/fr\\\/all_update_via_usb\\\/#primaryimage\"},\"image\":{\"@id\":\"https:\\\/\\\/ten-haaft.com\\\/fr\\\/all_update_via_usb\\\/#primaryimage\"},\"thumbnailUrl\":\"https:\\\/\\\/ten-haaft.com\\\/wp-content\\\/uploads\\\/2022\\\/08\\\/bedienteil_vision_v5_steuergeraet-satellitenanlage-oyster-ten_haaft-300x225.png\",\"datePublished\":\"2022-08-17T08:18:26+00:00\",\"dateModified\":\"2025-04-04T16:35:14+00:00\",\"description\":\"T\u00e9l\u00e9chargez ici le dernier logiciel pour la mise \u00e0 jour des unit\u00e9s de contr\u00f4le et t\u00e9l\u00e9chargez-le via USB.\",\"breadcrumb\":{\"@id\":\"https:\\\/\\\/ten-haaft.com\\\/fr\\\/all_update_via_usb\\\/#breadcrumb\"},\"inLanguage\":\"fr-FR\",\"potentialAction\":[{\"@type\":\"ReadAction\",\"target\":[\"https:\\\/\\\/ten-haaft.com\\\/fr\\\/all_update_via_usb\\\/\"]}]},{\"@type\":\"ImageObject\",\"inLanguage\":\"fr-FR\",\"@id\":\"https:\\\/\\\/ten-haaft.com\\\/fr\\\/all_update_via_usb\\\/#primaryimage\",\"url\":\"https:\\\/\\\/ten-haaft.com\\\/wp-content\\\/uploads\\\/2022\\\/08\\\/bedienteil_vision_v5_steuergeraet-satellitenanlage-oyster-ten_haaft-300x225.png\",\"contentUrl\":\"https:\\\/\\\/ten-haaft.com\\\/wp-content\\\/uploads\\\/2022\\\/08\\\/bedienteil_vision_v5_steuergeraet-satellitenanlage-oyster-ten_haaft-300x225.png\"},{\"@type\":\"BreadcrumbList\",\"@id\":\"https:\\\/\\\/ten-haaft.com\\\/fr\\\/all_update_via_usb\\\/#breadcrumb\",\"itemListElement\":[{\"@type\":\"ListItem\",\"position\":1,\"name\":\"Startseite\",\"item\":\"https:\\\/\\\/ten-haaft.com\\\/fr\\\/\"},{\"@type\":\"ListItem\",\"position\":2,\"name\":\"All Updates via USB | Oyster by ten-Haaft\"}]},{\"@type\":\"WebSite\",\"@id\":\"https:\\\/\\\/ten-haaft.com\\\/fr\\\/#website\",\"url\":\"https:\\\/\\\/ten-haaft.com\\\/fr\\\/\",\"name\":\"ten-haaft\",\"description\":\"\",\"potentialAction\":[{\"@type\":\"SearchAction\",\"target\":{\"@type\":\"EntryPoint\",\"urlTemplate\":\"https:\\\/\\\/ten-haaft.com\\\/fr\\\/?s={search_term_string}\"},\"query-input\":{\"@type\":\"PropertyValueSpecification\",\"valueRequired\":true,\"valueName\":\"search_term_string\"}}],\"inLanguage\":\"fr-FR\"}]}<\/script>\n<!-- \/ Yoast SEO plugin. -->","yoast_head_json":{"title":"Toutes les mises \u00e0 jour via USB | Oyster by ten-Haaft","description":"T\u00e9l\u00e9chargez ici le dernier logiciel pour la mise \u00e0 jour des unit\u00e9s de contr\u00f4le et t\u00e9l\u00e9chargez-le via USB.","robots":{"index":"index","follow":"follow","max-snippet":"max-snippet:-1","max-image-preview":"max-image-preview:large","max-video-preview":"max-video-preview:-1"},"canonical":"https:\/\/ten-haaft.com\/fr\/all_update_via_usb\/","og_locale":"fr_FR","og_type":"article","og_title":"Toutes les mises \u00e0 jour via USB | Oyster by ten-Haaft","og_description":"T\u00e9l\u00e9chargez ici le dernier logiciel pour la mise \u00e0 jour des unit\u00e9s de contr\u00f4le et t\u00e9l\u00e9chargez-le via USB.","og_url":"https:\/\/ten-haaft.com\/fr\/all_update_via_usb\/","og_site_name":"ten-haaft","article_modified_time":"2025-04-04T16:35:14+00:00","og_image":[{"width":1000,"height":750,"url":"https:\/\/ten-haaft.com\/wp-content\/uploads\/2022\/08\/bedienteil_vision_v5_steuergeraet-satellitenanlage-oyster-ten_haaft.png","type":"image\/png"}],"twitter_card":"summary_large_image","twitter_misc":{"Dur\u00e9e de lecture estim\u00e9e":"2 minutes"},"schema":{"@context":"https:\/\/schema.org","@graph":[{"@type":"WebPage","@id":"https:\/\/ten-haaft.com\/fr\/all_update_via_usb\/","url":"https:\/\/ten-haaft.com\/fr\/all_update_via_usb\/","name":"Toutes les mises \u00e0 jour via USB | Oyster by ten-Haaft","isPartOf":{"@id":"https:\/\/ten-haaft.com\/fr\/#website"},"primaryImageOfPage":{"@id":"https:\/\/ten-haaft.com\/fr\/all_update_via_usb\/#primaryimage"},"image":{"@id":"https:\/\/ten-haaft.com\/fr\/all_update_via_usb\/#primaryimage"},"thumbnailUrl":"https:\/\/ten-haaft.com\/wp-content\/uploads\/2022\/08\/bedienteil_vision_v5_steuergeraet-satellitenanlage-oyster-ten_haaft-300x225.png","datePublished":"2022-08-17T08:18:26+00:00","dateModified":"2025-04-04T16:35:14+00:00","description":"T\u00e9l\u00e9chargez ici le dernier logiciel pour la mise \u00e0 jour des unit\u00e9s de contr\u00f4le et t\u00e9l\u00e9chargez-le via USB.","breadcrumb":{"@id":"https:\/\/ten-haaft.com\/fr\/all_update_via_usb\/#breadcrumb"},"inLanguage":"fr-FR","potentialAction":[{"@type":"ReadAction","target":["https:\/\/ten-haaft.com\/fr\/all_update_via_usb\/"]}]},{"@type":"ImageObject","inLanguage":"fr-FR","@id":"https:\/\/ten-haaft.com\/fr\/all_update_via_usb\/#primaryimage","url":"https:\/\/ten-haaft.com\/wp-content\/uploads\/2022\/08\/bedienteil_vision_v5_steuergeraet-satellitenanlage-oyster-ten_haaft-300x225.png","contentUrl":"https:\/\/ten-haaft.com\/wp-content\/uploads\/2022\/08\/bedienteil_vision_v5_steuergeraet-satellitenanlage-oyster-ten_haaft-300x225.png"},{"@type":"BreadcrumbList","@id":"https:\/\/ten-haaft.com\/fr\/all_update_via_usb\/#breadcrumb","itemListElement":[{"@type":"ListItem","position":1,"name":"Startseite","item":"https:\/\/ten-haaft.com\/fr\/"},{"@type":"ListItem","position":2,"name":"All Updates via USB | Oyster by ten-Haaft"}]},{"@type":"WebSite","@id":"https:\/\/ten-haaft.com\/fr\/#website","url":"https:\/\/ten-haaft.com\/fr\/","name":"ten-haaft","description":"","potentialAction":[{"@type":"SearchAction","target":{"@type":"EntryPoint","urlTemplate":"https:\/\/ten-haaft.com\/fr\/?s={search_term_string}"},"query-input":{"@type":"PropertyValueSpecification","valueRequired":true,"valueName":"search_term_string"}}],"inLanguage":"fr-FR"}]}},"_links":{"self":[{"href":"https:\/\/ten-haaft.com\/fr\/wp-json\/wp\/v2\/pages\/5328","targetHints":{"allow":["GET"]}}],"collection":[{"href":"https:\/\/ten-haaft.com\/fr\/wp-json\/wp\/v2\/pages"}],"about":[{"href":"https:\/\/ten-haaft.com\/fr\/wp-json\/wp\/v2\/types\/page"}],"author":[{"embeddable":true,"href":"https:\/\/ten-haaft.com\/fr\/wp-json\/wp\/v2\/users\/8"}],"replies":[{"embeddable":true,"href":"https:\/\/ten-haaft.com\/fr\/wp-json\/wp\/v2\/comments?post=5328"}],"version-history":[{"count":9,"href":"https:\/\/ten-haaft.com\/fr\/wp-json\/wp\/v2\/pages\/5328\/revisions"}],"predecessor-version":[{"id":17942,"href":"https:\/\/ten-haaft.com\/fr\/wp-json\/wp\/v2\/pages\/5328\/revisions\/17942"}],"wp:attachment":[{"href":"https:\/\/ten-haaft.com\/fr\/wp-json\/wp\/v2\/media?parent=5328"}],"curies":[{"name":"wp","href":"https:\/\/api.w.org\/{rel}","templated":true}]}}