{"id":5598,"date":"2022-08-11T14:27:19","date_gmt":"2022-08-11T12:27:19","guid":{"rendered":"https:\/\/ten-haaft.com\/?page_id=5598"},"modified":"2023-03-23T11:42:44","modified_gmt":"2023-03-23T10:42:44","slug":"featurebox-commandunit-vision-control-center","status":"publish","type":"page","link":"https:\/\/ten-haaft.com\/fr\/featurebox-commandunit-vision-control-center\/","title":{"rendered":"FeatureBox \/ CommandUnit \/ Vision Control Center"},"content":{"rendered":"<p>[et_pb_section fb_built=\u00a0\u00bb1&Prime; custom_padding_last_edited=\u00a0\u00bbon|phone\u00a0\u00bb _builder_version=\u00a0\u00bb4.17.3&Prime; _module_preset=\u00a0\u00bbdefault\u00a0\u00bb background_enable_image=\u00a0\u00bboff\u00a0\u00bb custom_padding=\u00a0\u00bb||0px||false|false\u00a0\u00bb custom_padding_tablet=\u00a0\u00bb\u00a0\u00bb custom_padding_phone=\u00a0\u00bb0px||||false|false\u00a0\u00bb global_colors_info=\u00a0\u00bb{}\u00a0\u00bb][et_pb_row _builder_version=\u00a0\u00bb4.17.3&Prime; _module_preset=\u00a0\u00bbdefault\u00a0\u00bb global_colors_info=\u00a0\u00bb{}\u00a0\u00bb][et_pb_column type=\u00a0\u00bb4_4&Prime; _builder_version=\u00a0\u00bb4.17.3&Prime; _module_preset=\u00a0\u00bbdefault\u00a0\u00bb global_colors_info=\u00a0\u00bb{}\u00a0\u00bb][et_pb_text _builder_version=\u00a0\u00bb4.18.0&Prime; _module_preset=\u00a0\u00bbdefault\u00a0\u00bb text_text_color=\u00a0\u00bb#000000&Prime; header_font=\u00a0\u00bb|||on|||||\u00a0\u00bb header_text_color=\u00a0\u00bb#213A8F\u00a0\u00bb header_font_size=\u00a0\u00bb60px\u00a0\u00bb header_2_font=\u00a0\u00bb||||||||\u00a0\u00bb header_2_text_color=\u00a0\u00bb#213A8F\u00a0\u00bb header_2_font_size=\u00a0\u00bb46px\u00a0\u00bb header_4_font=\u00a0\u00bb|||on|||||\u00a0\u00bb header_4_font_size=\u00a0\u00bb16px\u00a0\u00bb custom_margin=\u00a0\u00bb||0px||false|false\u00a0\u00bb header_font_size_tablet=\u00a0\u00bb46px\u00a0\u00bb header_font_size_phone=\u00a0\u00bb32px\u00a0\u00bb header_font_size_last_edited=\u00a0\u00bbon|phone\u00a0\u00bb header_2_font_size_tablet=\u00a0\u00bb46px\u00a0\u00bb header_2_font_size_phone=\u00a0\u00bb32px\u00a0\u00bb header_2_font_size_last_edited=\u00a0\u00bbon|phone\u00a0\u00bb global_colors_info=\u00a0\u00bb{}\u00a0\u00bb]<\/p>\n<h1 style=\"text-align: center;\"><strong>Mises \u00e0 jour<\/strong><\/h1>\n<p>[\/et_pb_text][\/et_pb_column][\/et_pb_row][\/et_pb_section][et_pb_section fb_built=\u00a0\u00bb1&Prime; custom_padding_last_edited=\u00a0\u00bbon|phone\u00a0\u00bb disabled_on=\u00a0\u00bboff|off|off\u00a0\u00bb admin_label=\u00a0\u00bbVision Variante\u00a0\u00bb _builder_version=\u00a0\u00bb4.17.3&Prime; _module_preset=\u00a0\u00bbdefault\u00a0\u00bb background_enable_image=\u00a0\u00bboff\u00a0\u00bb custom_padding_tablet=\u00a0\u00bb\u00a0\u00bb custom_padding_phone=\u00a0\u00bb0px||||false|false\u00a0\u00bb collapsed=\u00a0\u00bbon\u00a0\u00bb global_colors_info=\u00a0\u00bb{}\u00a0\u00bb][et_pb_row _builder_version=\u00a0\u00bb4.17.3&Prime; _module_preset=\u00a0\u00bbdefault\u00a0\u00bb global_colors_info=\u00a0\u00bb{}\u00a0\u00bb][et_pb_column type=\u00a0\u00bb4_4&Prime; _builder_version=\u00a0\u00bb4.17.3&Prime; _module_preset=\u00a0\u00bbdefault\u00a0\u00bb global_colors_info=\u00a0\u00bb{}\u00a0\u00bb][et_pb_text _builder_version=\u00a0\u00bb4.18.0&Prime; _module_preset=\u00a0\u00bbdefault\u00a0\u00bb header_2_font=\u00a0\u00bb||||||||\u00a0\u00bb header_2_text_color=\u00a0\u00bb#213A8F\u00a0\u00bb header_2_font_size=\u00a0\u00bb46px\u00a0\u00bb custom_margin=\u00a0\u00bb||0px||false|false\u00a0\u00bb custom_padding=\u00a0\u00bb||0px||false|false\u00a0\u00bb hover_enabled=\u00a0\u00bb0&Prime; header_2_font_size_tablet=\u00a0\u00bb46px\u00a0\u00bb header_2_font_size_phone=\u00a0\u00bb32px\u00a0\u00bb header_2_font_size_last_edited=\u00a0\u00bbon|phone\u00a0\u00bb global_colors_info=\u00a0\u00bb{}\u00a0\u00bb sticky_enabled=\u00a0\u00bb0&Prime;]<\/p>\n<h2><strong>FeatureBox (depuis ~2017) \/ Command Unit (depuis ~2019) \/ Vision Control Center (depuis ~2021)<\/strong><\/h2>\n<p>[\/et_pb_text][et_pb_divider color=\u00a0\u00bb#213A8F\u00a0\u00bb divider_weight=\u00a0\u00bb3px\u00a0\u00bb _builder_version=\u00a0\u00bb4.17.3&Prime; _module_preset=\u00a0\u00bbdefault\u00a0\u00bb width=\u00a0\u00bb15%\u00a0\u00bb custom_margin=\u00a0\u00bb15px||15px||true|false\u00a0\u00bb custom_padding=\u00a0\u00bb||||false|false\u00a0\u00bb global_colors_info=\u00a0\u00bb{}\u00a0\u00bb][\/et_pb_divider][et_pb_text _builder_version=\u00a0\u00bb4.18.0&Prime; _module_preset=\u00a0\u00bbdefault\u00a0\u00bb hover_enabled=\u00a0\u00bb0&Prime; global_colors_info=\u00a0\u00bb{}\u00a0\u00bb sticky_enabled=\u00a0\u00bb0&Prime;]<\/p>\n<p><strong>Conseil important\u00a0:<\/strong><br \/>Avant l\u2019installation de la mise \u00e0 jour du logiciel, veuillez lire attentivement le descriptif correspondant. Maintenant, veuillez suivre pr\u00e9cis\u00e9ment les instructions, sans quoi des probl\u00e8mes de fonctionnement du syst\u00e8me pourraient se produire.\u00a0Pour plus d&rsquo;informations, n&rsquo;h\u00e9sitez pas \u00e0 contacter ten Haaft: <a href=\"tel:00497231585880\">+49 (0) 7231 58 588 0<\/a><a href=\"https:\/\/www.youtube.com\/channel\/UCVO4oTczzmuf9uoShLnERjw\/playlists%29\" target=\"_blank\" rel=\"noopener\"><\/a><\/p>\n<p>[\/et_pb_text][et_pb_text _builder_version=\u00a0\u00bb4.18.0&Prime; _module_preset=\u00a0\u00bbdefault\u00a0\u00bb header_4_font=\u00a0\u00bb|||on|||||\u00a0\u00bb header_4_text_color=\u00a0\u00bb#000000&Prime; header_4_font_size=\u00a0\u00bb16px\u00a0\u00bb custom_margin=\u00a0\u00bb||1px|||\u00a0\u00bb custom_padding=\u00a0\u00bb0px|||||\u00a0\u00bb hover_enabled=\u00a0\u00bb0&Prime; global_colors_info=\u00a0\u00bb{}\u00a0\u00bb sticky_enabled=\u00a0\u00bb0&Prime;]<\/p>\n<h3>Mise \u00e0 jour du logiciel par cl\u00e9 USB<\/h3>\n<h3><span style=\"color: #000000;\">\u00a0<\/span><\/h3>\n<p>[\/et_pb_text][et_pb_text _builder_version=\u00a0\u00bb4.18.0&Prime; _module_preset=\u00a0\u00bbdefault\u00a0\u00bb hover_enabled=\u00a0\u00bb0&Prime; global_colors_info=\u00a0\u00bb{}\u00a0\u00bb sticky_enabled=\u00a0\u00bb0&Prime;]<\/p>\n<p>Avec une cl\u00e9 USB la FeatureBox \/ la CommandUnit \/ la Vision Control Center peut \u00eatre actualis\u00e9es ainsi que tous les autres composants \u00e9lectroniques de l&rsquo;installation. Pour cela, la cl\u00e9 USB contenant le fichier conteneur (fichier UF) doit \u00eatre branch\u00e9e dans la douille USB avant la mise en marche :<\/p>\n<p><span>\u00a0<\/span><\/p>\n<p>[\/et_pb_text][et_pb_code _builder_version=\u00a0\u00bb4.17.3&Prime; _module_preset=\u00a0\u00bbdefault\u00a0\u00bb hover_enabled=\u00a0\u00bb0&Prime; global_colors_info=\u00a0\u00bb{}\u00a0\u00bb sticky_enabled=\u00a0\u00bb0&Prime;]<div><button id=\"ten-haaft_firmware_download_button\"><a target=\"_blank\" href=\"\/wp-json\/firmware\/v1\/download\">Download<\/a><\/button><span>(Versionsnummer: 4744028 -- Ver\u00f6ffentlicht am: 2025-01-08)<\/span><\/div>[\/et_pb_code][et_pb_text _builder_version=\u00a0\u00bb4.18.0&Prime; _module_preset=\u00a0\u00bbdefault\u00a0\u00bb hover_enabled=\u00a0\u00bb0&Prime; global_colors_info=\u00a0\u00bb{}\u00a0\u00bb sticky_enabled=\u00a0\u00bb0&Prime;]<\/p>\n<p>Dans cette description, la proc\u00e9dure de la mise \u00e0 jour est expliqu\u00e9e plus en d\u00e9tail :<span><\/span><\/p>\n<p><a href=\"http:\/\/update.ten-haaft.com\/Anleitung\/FR_FeatureBox_Update_via_USB-Stick.pdf\" target=\"_blank\" rel=\"noopener\">T\u00e9l\u00e9chargement de la description de la mise \u00e0 jour pour le FeatureBox<\/a><br \/><a href=\"http:\/\/update.ten-haaft.com\/Anleitung\/FR_CommandUnit_Update_via_USB-Stick.pdf\" target=\"_blank\" rel=\"noopener\"> T\u00e9l\u00e9chargement de la description de la mise \u00e0 jour pour le CommandUnit<\/a><br \/><a href=\"http:\/\/update.ten-haaft.com\/Anleitung\/FR_Update_Vision_Control_Center_2_Seiten_Flyer.pdf\" target=\"_blank\" rel=\"noopener\">T\u00e9l\u00e9chargement de la description de la mise \u00e0 jour pour le Vision Control Center<\/a><\/p>\n<p>Il est par ailleurs possible de mettre \u00e0 jour le logiciel de la FeatureBox \/ CommandUnit \u00e0 partir de votre smartphone gr\u00e2ce \u00e0 l&rsquo;APP ten Haaft.<\/p>\n<p><span>\u00a0<\/span><\/p>\n<p>[\/et_pb_text][\/et_pb_column][\/et_pb_row][\/et_pb_section]<\/p>\n","protected":false},"excerpt":{"rendered":"<p>Mises \u00e0 jourFeatureBox (depuis ~2017) \/ Command Unit (depuis ~2019) \/ Vision Control Center (depuis ~2021)Conseil important\u00a0:Avant l\u2019installation de la mise \u00e0 jour du logiciel, veuillez lire attentivement le descriptif correspondant. Maintenant, veuillez suivre pr\u00e9cis\u00e9ment les instructions, sans quoi des probl\u00e8mes de fonctionnement du syst\u00e8me pourraient se produire.\u00a0Pour plus d&rsquo;informations, n&rsquo;h\u00e9sitez pas \u00e0 contacter ten Haaft: +49 (0) 7231 58 588 0Mise \u00e0 jour du logiciel par cl\u00e9 USB \u00a0Avec une cl\u00e9 USB la FeatureBox \/ la CommandUnit \/ la Vision Control Center peut \u00eatre actualis\u00e9es ainsi que tous les autres composants \u00e9lectroniques de l&rsquo;installation. Pour cela, la cl\u00e9 USB contenant le fichier conteneur (fichier UF) doit \u00eatre branch\u00e9e dans la douille USB avant la mise en marche : \u00a0<div><button id=\"ten-haaft_firmware_download_button\"><a target=\"_blank\" href=\"\/wp-json\/firmware\/v1\/download\">Download<\/a><\/button><span>(Versionsnummer: 4744028 -- Ver\u00f6ffentlicht am: 2025-01-08)<\/span><\/div>Dans cette description, la proc\u00e9dure de la mise \u00e0 jour est expliqu\u00e9e plus en d\u00e9tail : T\u00e9l\u00e9chargement de la description de la mise \u00e0 jour pour le FeatureBox T\u00e9l\u00e9chargement de la description de la mise \u00e0 jour pour le CommandUnitT\u00e9l\u00e9chargement de la description de la mise \u00e0 jour pour le Vision Control Center Il est par ailleurs possible de mettre \u00e0 jour le logiciel de la FeatureBox \/ CommandUnit \u00e0 partir de votre smartphone gr\u00e2ce \u00e0 l&rsquo;APP ten Haaft. \u00a0<\/p>\n","protected":false},"author":8,"featured_media":0,"parent":0,"menu_order":0,"comment_status":"closed","ping_status":"closed","template":"","meta":{"_et_pb_use_builder":"on","_et_pb_old_content":"[et_pb_section fb_built=\"1\" custom_padding_last_edited=\"on|phone\" _builder_version=\"4.17.3\" _module_preset=\"default\" background_enable_image=\"off\" custom_padding=\"||0px||false|false\" custom_padding_tablet=\"\" custom_padding_phone=\"0px||||false|false\" global_colors_info=\"{}\" theme_builder_area=\"post_content\"][et_pb_row _builder_version=\"4.17.3\" _module_preset=\"default\" global_colors_info=\"{}\" theme_builder_area=\"post_content\"][et_pb_column type=\"4_4\" _builder_version=\"4.17.3\" _module_preset=\"default\" global_colors_info=\"{}\" theme_builder_area=\"post_content\"][et_pb_text _builder_version=\"4.17.3\" _module_preset=\"default\" text_text_color=\"#000000\" header_font=\"|||on|||||\" header_text_color=\"#213A8F\" header_font_size=\"60px\" header_2_font=\"||||||||\" header_2_text_color=\"#213A8F\" header_2_font_size=\"46px\" header_4_font=\"|||on|||||\" header_4_font_size=\"16px\" custom_margin=\"||0px||false|false\" hover_enabled=\"0\" header_font_size_tablet=\"46px\" header_font_size_phone=\"32px\" header_font_size_last_edited=\"on|phone\" header_2_font_size_tablet=\"46px\" header_2_font_size_phone=\"32px\" header_2_font_size_last_edited=\"on|phone\" global_colors_info=\"{}\" theme_builder_area=\"post_content\" sticky_enabled=\"0\"]\n<h1 style=\"text-align: center;\">Softwareupdate<\/h1>\n[\/et_pb_text][\/et_pb_column][\/et_pb_row][\/et_pb_section][et_pb_section fb_built=\"1\" custom_padding_last_edited=\"on|phone\" disabled_on=\"off|off|off\" admin_label=\"Vision Variante\" _builder_version=\"4.17.3\" _module_preset=\"default\" background_enable_image=\"off\" custom_padding_tablet=\"\" custom_padding_phone=\"0px||||false|false\" collapsed=\"on\" global_colors_info=\"{}\" theme_builder_area=\"post_content\"][et_pb_row _builder_version=\"4.17.3\" _module_preset=\"default\" global_colors_info=\"{}\" theme_builder_area=\"post_content\"][et_pb_column type=\"4_4\" _builder_version=\"4.17.3\" _module_preset=\"default\" global_colors_info=\"{}\" theme_builder_area=\"post_content\"][et_pb_text _builder_version=\"4.17.3\" _module_preset=\"default\" header_2_font=\"||||||||\" header_2_text_color=\"#213A8F\" header_2_font_size=\"46px\" custom_margin=\"||0px||false|false\" custom_padding=\"||0px||false|false\" header_2_font_size_tablet=\"46px\" header_2_font_size_phone=\"32px\" header_2_font_size_last_edited=\"on|phone\" global_colors_info=\"{}\" theme_builder_area=\"post_content\"]\n<h2>FeatureBox (Baujahr ab ~2017) \/ CommandUnit (Baujahr ab ~2019) \/ Vision Control Center (Baujahr ab ~2021)<\/h2>\n[\/et_pb_text][et_pb_divider color=\"#213A8F\" divider_weight=\"3px\" _builder_version=\"4.17.3\" _module_preset=\"default\" width=\"15%\" custom_margin=\"15px||15px||true|false\" custom_padding=\"||||false|false\" global_colors_info=\"{}\" theme_builder_area=\"post_content\"][\/et_pb_divider][et_pb_text _builder_version=\"4.17.3\" _module_preset=\"default\" hover_enabled=\"0\" global_colors_info=\"{}\" theme_builder_area=\"post_content\" sticky_enabled=\"0\"]\n\n<strong>Wichtiger Hinweis:<\/strong>Lesen Sie bitte die jeweilige Softwarebeschreibung vor dem Aufspielen des Softwareupdates sorgf\u00e4ltig durch. Bei einer falschen Software ist die Anlage in der Regel ohne Funktion. Bitte kontaktieren Sie bei Fragen ten Haaft. Tel.: +49 (0) 7231 58 588 0.\n\nWeitere Informationen zum Thema \u201eUpdates\u201c finden Sie unter \u201eFAQ\u201c -&gt; \u201eMeine Antenne dreht, findet jedoch kein Signal\u201c sowie auf unserem <a href=\"https:\/\/www.youtube.com\/channel\/UCVO4oTczzmuf9uoShLnERjw\/playlists%29\" target=\"_blank\" rel=\"noopener\">Youtube Kanal<\/a>\n\n[\/et_pb_text][et_pb_text _builder_version=\"4.17.3\" _module_preset=\"default\" header_4_font=\"|||on|||||\" header_4_text_color=\"#000000\" header_4_font_size=\"16px\" custom_margin=\"||1px|||\" custom_padding=\"0px|||||\" global_colors_info=\"{}\" theme_builder_area=\"post_content\"]\n<h3><span style=\"color: #000000;\">Softwareupdate via USB-Stick<\/span><\/h3>\n[\/et_pb_text][et_pb_text _builder_version=\"4.17.3\" _module_preset=\"default\" global_colors_info=\"{}\" theme_builder_area=\"post_content\"]\n\n<span>Die FeatureBox \/ die CommandUnit \/ das Vision Control Center kann \u00fcber einen USB-Stick sich selbst und alle weiteren elektronischen Komponenten der Anlage aktualisieren. Dazu muss sich der USB-Stick mit folgender Container-Datei (UF-Datei) vor dem Einschalten in der USB-Buchse befinden:<\/span>\n\n[\/et_pb_text][et_pb_code _builder_version=\"4.17.3\" _module_preset=\"default\" hover_enabled=\"0\" global_colors_info=\"{}\" theme_builder_area=\"post_content\" sticky_enabled=\"0\"][firmware_download_ten-haaft][\/et_pb_code][et_pb_text _builder_version=\"4.17.3\" _module_preset=\"default\" global_colors_info=\"{}\" theme_builder_area=\"post_content\"]\n\n<span>In dieser Beschreibung wird der Updatevorgang genauer erl\u00e4utert:<\/span>\n\n<a href=\"http:\/\/update.ten-haaft.com\/Anleitung\/DE_FeatureBox_Update_via_USB-Stick.pdf\" target=\"_blank\" rel=\"noopener\">Download der Updatebeschreibung f\u00fcr die FeatureBox<\/a>\n<a href=\"http:\/\/update.ten-haaft.com\/Anleitung\/DE_CommandUnit_Update_via_USB-Stick.pdf\" target=\"_blank\" rel=\"noopener\">Download der Updatebeschreibung f\u00fcr die CommandUnit<\/a>\n<a href=\"http:\/\/update.ten-haaft.com\/Anleitung\/DE_Update_Vision_Control_Center_2_Seiten_Flyer.pdf\" target=\"_blank\" rel=\"noopener\">Download der Updatebeschreibung f\u00fcr das Vision Control Center<\/a>\n\n<span>Alternativ kann die Software der FeatureBox \/ CommandUnit auch mit der&nbsp;<\/span><a href=\"https:\/\/ten-haaft.com\/neue-app-steuerung_inklusive\/\" target=\"_blank\" rel=\"noopener\">ten Haaft APP<\/a><span>&nbsp;von Ihrem Smartphone aus aktualisiert werden.<\/span>\n\n[\/et_pb_text][\/et_pb_column][\/et_pb_row][\/et_pb_section]","_et_gb_content_width":"","footnotes":""},"class_list":["post-5598","page","type-page","status-publish","hentry"],"yoast_head":"<!-- This site is optimized with the Yoast SEO plugin v27.3 - https:\/\/yoast.com\/product\/yoast-seo-wordpress\/ -->\n<title>FeatureBox \/ CommandUnit \/ Vision Control Center - ten-haaft<\/title>\n<meta name=\"description\" content=\"Gardez toujours les unit\u00e9s de contr\u00f4le des syst\u00e8mes satellites Oyster \u00e0 jour avec le dernier logiciel.\" \/>\n<meta name=\"robots\" content=\"index, follow, max-snippet:-1, max-image-preview:large, max-video-preview:-1\" \/>\n<link rel=\"canonical\" href=\"https:\/\/ten-haaft.com\/fr\/featurebox-commandunit-vision-control-center\/\" \/>\n<meta property=\"og:locale\" content=\"fr_FR\" \/>\n<meta property=\"og:type\" content=\"article\" \/>\n<meta property=\"og:title\" content=\"FeatureBox \/ CommandUnit \/ Vision Control Center - ten-haaft\" \/>\n<meta property=\"og:description\" content=\"Gardez toujours les unit\u00e9s de contr\u00f4le des syst\u00e8mes satellites Oyster \u00e0 jour avec le dernier logiciel.\" \/>\n<meta property=\"og:url\" content=\"https:\/\/ten-haaft.com\/fr\/featurebox-commandunit-vision-control-center\/\" \/>\n<meta property=\"og:site_name\" content=\"ten-haaft\" \/>\n<meta property=\"article:modified_time\" content=\"2023-03-23T10:42:44+00:00\" \/>\n<meta name=\"twitter:card\" content=\"summary_large_image\" \/>\n<meta name=\"twitter:label1\" content=\"Dur\u00e9e de lecture estim\u00e9e\" \/>\n\t<meta name=\"twitter:data1\" content=\"2 minutes\" \/>\n<script type=\"application\/ld+json\" class=\"yoast-schema-graph\">{\"@context\":\"https:\\\/\\\/schema.org\",\"@graph\":[{\"@type\":\"WebPage\",\"@id\":\"https:\\\/\\\/ten-haaft.com\\\/fr\\\/featurebox-commandunit-vision-control-center\\\/\",\"url\":\"https:\\\/\\\/ten-haaft.com\\\/fr\\\/featurebox-commandunit-vision-control-center\\\/\",\"name\":\"FeatureBox \\\/ CommandUnit \\\/ Vision Control Center - ten-haaft\",\"isPartOf\":{\"@id\":\"https:\\\/\\\/ten-haaft.com\\\/fr\\\/#website\"},\"datePublished\":\"2022-08-11T12:27:19+00:00\",\"dateModified\":\"2023-03-23T10:42:44+00:00\",\"description\":\"Gardez toujours les unit\u00e9s de contr\u00f4le des syst\u00e8mes satellites Oyster \u00e0 jour avec le dernier logiciel.\",\"breadcrumb\":{\"@id\":\"https:\\\/\\\/ten-haaft.com\\\/fr\\\/featurebox-commandunit-vision-control-center\\\/#breadcrumb\"},\"inLanguage\":\"fr-FR\",\"potentialAction\":[{\"@type\":\"ReadAction\",\"target\":[\"https:\\\/\\\/ten-haaft.com\\\/fr\\\/featurebox-commandunit-vision-control-center\\\/\"]}]},{\"@type\":\"BreadcrumbList\",\"@id\":\"https:\\\/\\\/ten-haaft.com\\\/fr\\\/featurebox-commandunit-vision-control-center\\\/#breadcrumb\",\"itemListElement\":[{\"@type\":\"ListItem\",\"position\":1,\"name\":\"Startseite\",\"item\":\"https:\\\/\\\/ten-haaft.com\\\/fr\\\/\"},{\"@type\":\"ListItem\",\"position\":2,\"name\":\"FeatureBox \\\/ CommandUnit \\\/ Vision Control Center\"}]},{\"@type\":\"WebSite\",\"@id\":\"https:\\\/\\\/ten-haaft.com\\\/fr\\\/#website\",\"url\":\"https:\\\/\\\/ten-haaft.com\\\/fr\\\/\",\"name\":\"ten-haaft\",\"description\":\"\",\"potentialAction\":[{\"@type\":\"SearchAction\",\"target\":{\"@type\":\"EntryPoint\",\"urlTemplate\":\"https:\\\/\\\/ten-haaft.com\\\/fr\\\/?s={search_term_string}\"},\"query-input\":{\"@type\":\"PropertyValueSpecification\",\"valueRequired\":true,\"valueName\":\"search_term_string\"}}],\"inLanguage\":\"fr-FR\"}]}<\/script>\n<!-- \/ Yoast SEO plugin. -->","yoast_head_json":{"title":"FeatureBox \/ CommandUnit \/ Vision Control Center - ten-haaft","description":"Gardez toujours les unit\u00e9s de contr\u00f4le des syst\u00e8mes satellites Oyster \u00e0 jour avec le dernier logiciel.","robots":{"index":"index","follow":"follow","max-snippet":"max-snippet:-1","max-image-preview":"max-image-preview:large","max-video-preview":"max-video-preview:-1"},"canonical":"https:\/\/ten-haaft.com\/fr\/featurebox-commandunit-vision-control-center\/","og_locale":"fr_FR","og_type":"article","og_title":"FeatureBox \/ CommandUnit \/ Vision Control Center - ten-haaft","og_description":"Gardez toujours les unit\u00e9s de contr\u00f4le des syst\u00e8mes satellites Oyster \u00e0 jour avec le dernier logiciel.","og_url":"https:\/\/ten-haaft.com\/fr\/featurebox-commandunit-vision-control-center\/","og_site_name":"ten-haaft","article_modified_time":"2023-03-23T10:42:44+00:00","twitter_card":"summary_large_image","twitter_misc":{"Dur\u00e9e de lecture estim\u00e9e":"2 minutes"},"schema":{"@context":"https:\/\/schema.org","@graph":[{"@type":"WebPage","@id":"https:\/\/ten-haaft.com\/fr\/featurebox-commandunit-vision-control-center\/","url":"https:\/\/ten-haaft.com\/fr\/featurebox-commandunit-vision-control-center\/","name":"FeatureBox \/ CommandUnit \/ Vision Control Center - ten-haaft","isPartOf":{"@id":"https:\/\/ten-haaft.com\/fr\/#website"},"datePublished":"2022-08-11T12:27:19+00:00","dateModified":"2023-03-23T10:42:44+00:00","description":"Gardez toujours les unit\u00e9s de contr\u00f4le des syst\u00e8mes satellites Oyster \u00e0 jour avec le dernier logiciel.","breadcrumb":{"@id":"https:\/\/ten-haaft.com\/fr\/featurebox-commandunit-vision-control-center\/#breadcrumb"},"inLanguage":"fr-FR","potentialAction":[{"@type":"ReadAction","target":["https:\/\/ten-haaft.com\/fr\/featurebox-commandunit-vision-control-center\/"]}]},{"@type":"BreadcrumbList","@id":"https:\/\/ten-haaft.com\/fr\/featurebox-commandunit-vision-control-center\/#breadcrumb","itemListElement":[{"@type":"ListItem","position":1,"name":"Startseite","item":"https:\/\/ten-haaft.com\/fr\/"},{"@type":"ListItem","position":2,"name":"FeatureBox \/ CommandUnit \/ Vision Control Center"}]},{"@type":"WebSite","@id":"https:\/\/ten-haaft.com\/fr\/#website","url":"https:\/\/ten-haaft.com\/fr\/","name":"ten-haaft","description":"","potentialAction":[{"@type":"SearchAction","target":{"@type":"EntryPoint","urlTemplate":"https:\/\/ten-haaft.com\/fr\/?s={search_term_string}"},"query-input":{"@type":"PropertyValueSpecification","valueRequired":true,"valueName":"search_term_string"}}],"inLanguage":"fr-FR"}]}},"_links":{"self":[{"href":"https:\/\/ten-haaft.com\/fr\/wp-json\/wp\/v2\/pages\/5598","targetHints":{"allow":["GET"]}}],"collection":[{"href":"https:\/\/ten-haaft.com\/fr\/wp-json\/wp\/v2\/pages"}],"about":[{"href":"https:\/\/ten-haaft.com\/fr\/wp-json\/wp\/v2\/types\/page"}],"author":[{"embeddable":true,"href":"https:\/\/ten-haaft.com\/fr\/wp-json\/wp\/v2\/users\/8"}],"replies":[{"embeddable":true,"href":"https:\/\/ten-haaft.com\/fr\/wp-json\/wp\/v2\/comments?post=5598"}],"version-history":[{"count":6,"href":"https:\/\/ten-haaft.com\/fr\/wp-json\/wp\/v2\/pages\/5598\/revisions"}],"predecessor-version":[{"id":11278,"href":"https:\/\/ten-haaft.com\/fr\/wp-json\/wp\/v2\/pages\/5598\/revisions\/11278"}],"wp:attachment":[{"href":"https:\/\/ten-haaft.com\/fr\/wp-json\/wp\/v2\/media?parent=5598"}],"curies":[{"name":"wp","href":"https:\/\/api.w.org\/{rel}","templated":true}]}}