{"id":5611,"date":"2022-08-11T09:04:56","date_gmt":"2022-08-11T07:04:56","guid":{"rendered":"https:\/\/ten-haaft.com\/?page_id=5611"},"modified":"2025-04-07T11:16:35","modified_gmt":"2025-04-07T09:16:35","slug":"plaques-de-fixation-traversees-de-toit","status":"publish","type":"page","link":"https:\/\/ten-haaft.com\/fr\/plaques-de-fixation-traversees-de-toit\/","title":{"rendered":"Plaques de fixation \/ travers\u00e9es de toit"},"content":{"rendered":"<p>[et_pb_section fb_built=\u00a0\u00bb1&Prime; custom_padding_last_edited=\u00a0\u00bbon|phone\u00a0\u00bb _builder_version=\u00a0\u00bb4.17.3&Prime; _module_preset=\u00a0\u00bbdefault\u00a0\u00bb background_enable_image=\u00a0\u00bboff\u00a0\u00bb custom_margin=\u00a0\u00bb||||false|false\u00a0\u00bb custom_padding=\u00a0\u00bb||0px||false|false\u00a0\u00bb custom_padding_tablet=\u00a0\u00bb\u00a0\u00bb custom_padding_phone=\u00a0\u00bb0px||||false|false\u00a0\u00bb global_colors_info=\u00a0\u00bb{}\u00a0\u00bb][et_pb_row _builder_version=\u00a0\u00bb4.17.3&Prime; _module_preset=\u00a0\u00bbdefault\u00a0\u00bb custom_margin=\u00a0\u00bb50px||||false|false\u00a0\u00bb global_colors_info=\u00a0\u00bb{}\u00a0\u00bb][et_pb_column type=\u00a0\u00bb4_4&Prime; _builder_version=\u00a0\u00bb4.17.3&Prime; _module_preset=\u00a0\u00bbdefault\u00a0\u00bb global_colors_info=\u00a0\u00bb{}\u00a0\u00bb][et_pb_text _builder_version=\u00a0\u00bb4.18.0&Prime; _module_preset=\u00a0\u00bbdefault\u00a0\u00bb header_4_font=\u00a0\u00bb|||on|||||\u00a0\u00bb header_4_text_color=\u00a0\u00bb#000000&Prime; header_4_font_size=\u00a0\u00bb16px\u00a0\u00bb custom_padding=\u00a0\u00bb0px|||||\u00a0\u00bb global_colors_info=\u00a0\u00bb{}\u00a0\u00bb]<\/p>\n<h4 style=\"text-align: center;\"><span style=\"color: #000;\"><strong>| <\/strong><\/span>Divertissement comme \u00e0 la maison\u2013 avec Oyster\u00ae<\/h4>\n<p>[\/et_pb_text][et_pb_text _builder_version=\u00a0\u00bb4.18.0&Prime; _module_preset=\u00a0\u00bbdefault\u00a0\u00bb text_text_color=\u00a0\u00bb#000000&Prime; header_font=\u00a0\u00bb|||on|||||\u00a0\u00bb header_text_color=\u00a0\u00bb#213A8F\u00a0\u00bb header_font_size=\u00a0\u00bb60px\u00a0\u00bb header_2_font=\u00a0\u00bb||||||||\u00a0\u00bb header_2_text_color=\u00a0\u00bb#213A8F\u00a0\u00bb header_2_font_size=\u00a0\u00bb46px\u00a0\u00bb header_4_font=\u00a0\u00bb|||on|||||\u00a0\u00bb header_4_font_size=\u00a0\u00bb16px\u00a0\u00bb custom_margin=\u00a0\u00bb||0px||false|false\u00a0\u00bb header_font_size_tablet=\u00a0\u00bb46px\u00a0\u00bb header_font_size_phone=\u00a0\u00bb24px\u00a0\u00bb header_font_size_last_edited=\u00a0\u00bbon|phone\u00a0\u00bb header_2_font_size_tablet=\u00a0\u00bb46px\u00a0\u00bb header_2_font_size_phone=\u00a0\u00bb32px\u00a0\u00bb header_2_font_size_last_edited=\u00a0\u00bbon|phone\u00a0\u00bb global_colors_info=\u00a0\u00bb{}\u00a0\u00bb]<\/p>\n<h1 style=\"text-align: center;\">Plaques de fixation \/ <br \/>travers\u00e9es de toit<\/h1>\n<p>[\/et_pb_text][et_pb_image src=\u00a0\u00bbhttps:\/\/ten-haaft.com\/wp-content\/uploads\/2022\/08\/mockup-oyster_montageplatten_dachdurchfuehrung-ten_haaft-satellitenanlage-montage.png\u00a0\u00bb title_text=\u00a0\u00bbmockup-oyster_montageplatten_dachdurchf\u00fchrung-ten_haaft-satellitenanlage-montage\u00a0\u00bb _builder_version=\u00a0\u00bb4.27.4&Prime; _module_preset=\u00a0\u00bbdefault\u00a0\u00bb width=\u00a0\u00bb50%\u00a0\u00bb module_alignment=\u00a0\u00bbcenter\u00a0\u00bb hover_enabled=\u00a0\u00bb0&Prime; global_colors_info=\u00a0\u00bb{}\u00a0\u00bb alt=\u00a0\u00bbMockup Instructions de Montage pour Plaques de Fixation\u00a0\u00bb sticky_enabled=\u00a0\u00bb0&Prime;][\/et_pb_image][\/et_pb_column][\/et_pb_row][\/et_pb_section][et_pb_section fb_built=\u00a0\u00bb1&Prime; _builder_version=\u00a0\u00bb4.17.3&Prime; _module_preset=\u00a0\u00bbdefault\u00a0\u00bb custom_padding=\u00a0\u00bb20px||||false|false\u00a0\u00bb global_colors_info=\u00a0\u00bb{}\u00a0\u00bb][et_pb_row use_custom_gutter=\u00a0\u00bbon\u00a0\u00bb _builder_version=\u00a0\u00bb4.17.3&Prime; _module_preset=\u00a0\u00bbdefault\u00a0\u00bb global_colors_info=\u00a0\u00bb{}\u00a0\u00bb][et_pb_column type=\u00a0\u00bb4_4&Prime; _builder_version=\u00a0\u00bb4.17.3&Prime; _module_preset=\u00a0\u00bbdefault\u00a0\u00bb global_colors_info=\u00a0\u00bb{}\u00a0\u00bb][et_pb_toggle title=\u00a0\u00bbAllemagne \/ Autriche \/ Suisse\u00a0\u00bb open_toggle_text_color=\u00a0\u00bb#213A8F\u00a0\u00bb closed_toggle_background_color=\u00a0\u00bb#FFFFFF\u00a0\u00bb icon_color=\u00a0\u00bb#213A8F\u00a0\u00bb open_icon_color=\u00a0\u00bb#213A8F\u00a0\u00bb admin_label=\u00a0\u00bbUmschalter\u00a0\u00bb _builder_version=\u00a0\u00bb4.18.0&Prime; _module_preset=\u00a0\u00bbdefault\u00a0\u00bb title_text_color=\u00a0\u00bb#213A8F\u00a0\u00bb custom_margin=\u00a0\u00bb||-2px||false|false\u00a0\u00bb border_width_all=\u00a0\u00bb2px\u00a0\u00bb border_color_all=\u00a0\u00bb#213A8F\u00a0\u00bb global_colors_info=\u00a0\u00bb{}\u00a0\u00bb]<\/p>\n<div id=\"custom-collapse-0-0\" class=\"panel-collapse in\">\n<div class=\"panel-body\"><strong><\/strong><strong>Instructions de montage<\/strong><br \/><a href=\"https:\/\/download.de.ten-haaft.gmbh\/MA_Anleitung\/DE-GB-FR_Montageanleitung_Montageplatten.pdf\" target=\"_blank\" rel=\"noopener noreferrer\">Instructions de montage pour des plaques de fixation et travers\u00e9es de toit <\/a>\u2013 (version: 02\/2021 | 1000KB)<\/div>\n<\/div>\n<p>[\/et_pb_toggle][et_pb_toggle title=\u00a0\u00bbFrance\u00a0\u00bb open_toggle_text_color=\u00a0\u00bb#213A8F\u00a0\u00bb closed_toggle_background_color=\u00a0\u00bb#FFFFFF\u00a0\u00bb icon_color=\u00a0\u00bb#213A8F\u00a0\u00bb open_icon_color=\u00a0\u00bb#213A8F\u00a0\u00bb admin_label=\u00a0\u00bbUmschalter\u00a0\u00bb _builder_version=\u00a0\u00bb4.18.0&Prime; _module_preset=\u00a0\u00bbdefault\u00a0\u00bb title_text_color=\u00a0\u00bb#213A8F\u00a0\u00bb custom_margin=\u00a0\u00bb||-2px||false|false\u00a0\u00bb border_width_all=\u00a0\u00bb2px\u00a0\u00bb border_color_all=\u00a0\u00bb#213A8F\u00a0\u00bb global_colors_info=\u00a0\u00bb{}\u00a0\u00bb]<\/p>\n<div id=\"custom-collapse-1-1\" class=\"panel-collapse in\" style=\"height: auto;\">\n<div class=\"panel-body\">\n<div id=\"custom-collapse-1-1\" class=\"panel-collapse in\" style=\"height: auto;\">\n<div class=\"panel-body\"><strong><\/strong><strong>Instructions de montage<\/strong><br \/><a href=\"https:\/\/download.de.ten-haaft.gmbh\/MA_Anleitung\/DE-GB-FR_Montageanleitung_Montageplatten.pdf\" target=\"_blank\" rel=\"noopener noreferrer\">Instructions de montage pour des plaques de fixation et travers\u00e9es de toit <\/a>\u2013 (version: 02\/2021 | 1000KB)<\/div>\n<\/div>\n<\/div>\n<\/div>\n<p>[\/et_pb_toggle][et_pb_toggle title=\u00a0\u00bbGrande-Bretagne &#038; Irlande du Nord\u00a0\u00bb open_toggle_text_color=\u00a0\u00bb#213A8F\u00a0\u00bb closed_toggle_background_color=\u00a0\u00bb#FFFFFF\u00a0\u00bb icon_color=\u00a0\u00bb#213A8F\u00a0\u00bb open_icon_color=\u00a0\u00bb#213A8F\u00a0\u00bb admin_label=\u00a0\u00bbUmschalter\u00a0\u00bb _builder_version=\u00a0\u00bb4.18.0&Prime; _module_preset=\u00a0\u00bbdefault\u00a0\u00bb title_text_color=\u00a0\u00bb#213A8F\u00a0\u00bb custom_margin=\u00a0\u00bb||-2px||false|false\u00a0\u00bb border_width_all=\u00a0\u00bb2px\u00a0\u00bb border_color_all=\u00a0\u00bb#213A8F\u00a0\u00bb global_colors_info=\u00a0\u00bb{}\u00a0\u00bb]<\/p>\n<div id=\"custom-collapse-2-2\" class=\"panel-collapse in\" style=\"height: auto;\">\n<div class=\"panel-body\">\n<div id=\"custom-collapse-2-2\" class=\"panel-collapse in\" style=\"height: auto;\">\n<div class=\"panel-body\"><strong><\/strong><strong><\/strong><strong>Instructions de montage<\/strong><br \/><a href=\"https:\/\/download.de.ten-haaft.gmbh\/MA_Anleitung\/DE-GB-FR_Montageanleitung_Montageplatten.pdf\" target=\"_blank\" rel=\"noopener noreferrer\">Instructions de montage pour des plaques de fixation et travers\u00e9es de toit <\/a>\u2013 (version: 02\/2021 | 1000KB)<\/div>\n<\/div>\n<\/div>\n<\/div>\n<p>[\/et_pb_toggle][\/et_pb_column][\/et_pb_row][\/et_pb_section]<\/p>\n","protected":false},"excerpt":{"rendered":"<p>| Divertissement comme \u00e0 la maison\u2013 avec Oyster\u00aePlaques de fixation \/ travers\u00e9es de toit Instructions de montageInstructions de montage pour des plaques de fixation et travers\u00e9es de toit \u2013 (version: 02\/2021 | 1000KB) Instructions de montageInstructions de montage pour des plaques de fixation et travers\u00e9es de toit \u2013 (version: 02\/2021 | 1000KB) Instructions de montageInstructions de montage pour des plaques de fixation et travers\u00e9es de toit \u2013 (version: 02\/2021 | 1000KB)<\/p>\n","protected":false},"author":8,"featured_media":0,"parent":0,"menu_order":0,"comment_status":"closed","ping_status":"closed","template":"","meta":{"_et_pb_use_builder":"on","_et_pb_old_content":"[et_pb_section fb_built=\"1\" custom_padding_last_edited=\"on|phone\" _builder_version=\"4.17.3\" _module_preset=\"default\" background_enable_image=\"off\" custom_margin=\"||||false|false\" custom_padding=\"||0px||false|false\" custom_padding_tablet=\"\" custom_padding_phone=\"0px||||false|false\" global_colors_info=\"{}\"][et_pb_row _builder_version=\"4.17.3\" _module_preset=\"default\" custom_margin=\"50px||||false|false\" global_colors_info=\"{}\"][et_pb_column type=\"4_4\" _builder_version=\"4.17.3\" _module_preset=\"default\" global_colors_info=\"{}\"][et_pb_text _builder_version=\"4.17.3\" _module_preset=\"default\" header_4_font=\"|||on|||||\" header_4_text_color=\"#000000\" header_4_font_size=\"16px\" custom_padding=\"0px|||||\" global_colors_info=\"{}\"]\n<h4 style=\"text-align: center;\"><span style=\"color: #000;\"><strong>|<\/strong><\/span> Entertainment wie ZU HAUSE \u2013 mit Oyster\u00ae<\/h4>\n[\/et_pb_text][et_pb_text _builder_version=\"4.17.3\" _module_preset=\"default\" text_text_color=\"#000000\" header_font=\"|||on|||||\" header_text_color=\"#213A8F\" header_font_size=\"60px\" header_2_font=\"||||||||\" header_2_text_color=\"#213A8F\" header_2_font_size=\"46px\" header_4_font=\"|||on|||||\" header_4_font_size=\"16px\" custom_margin=\"||0px||false|false\" header_font_size_tablet=\"46px\" header_font_size_phone=\"24px\" header_font_size_last_edited=\"on|phone\" header_2_font_size_tablet=\"46px\" header_2_font_size_phone=\"32px\" header_2_font_size_last_edited=\"on|phone\" global_colors_info=\"{}\"]\n<h1 style=\"text-align: center;\">Montageplatten \/ Dachdurchf\u00fchrung Montageanleitungen<\/h1>\n[\/et_pb_text][et_pb_image src=\"https:\/\/ten-haaft.com\/wp-content\/uploads\/2022\/08\/mockup-oyster_montageplatten_dachdurchfuehrung-ten_haaft-satellitenanlage-montage.png\" title_text=\"mockup-oyster_montageplatten_dachdurchf\u00fchrung-ten_haaft-satellitenanlage-montage\" _builder_version=\"4.17.3\" _module_preset=\"default\" width=\"50%\" module_alignment=\"center\" global_colors_info=\"{}\"][\/et_pb_image][\/et_pb_column][\/et_pb_row][\/et_pb_section][et_pb_section fb_built=\"1\" _builder_version=\"4.17.3\" _module_preset=\"default\" custom_padding=\"20px||||false|false\" global_colors_info=\"{}\"][et_pb_row use_custom_gutter=\"on\" _builder_version=\"4.17.3\" _module_preset=\"default\" global_colors_info=\"{}\"][et_pb_column type=\"4_4\" _builder_version=\"4.17.3\" _module_preset=\"default\" global_colors_info=\"{}\"][et_pb_toggle title=\"Deutschland \/ \u00d6sterreich \/ Schweiz\" open_toggle_text_color=\"#213A8F\" closed_toggle_background_color=\"#FFFFFF\" icon_color=\"#213A8F\" open_icon_color=\"#213A8F\" admin_label=\"Umschalter\" _builder_version=\"4.17.3\" _module_preset=\"default\" title_text_color=\"#213A8F\" custom_margin=\"||-2px||false|false\" border_width_all=\"2px\" border_color_all=\"#213A8F\" global_colors_info=\"{}\"]\n<div id=\"custom-collapse-0-0\" class=\"panel-collapse in\">\n<div class=\"panel-body\"><strong><\/strong><strong>Anleitung<\/strong>\n<a href=\"https:\/\/download.ten-haaft.com\/MA_Anleitung\/DE-GB-FR_Montageanleitung_Montageplatten.pdf\" target=\"_blank\" rel=\"noopener noreferrer\">Montageanleitung f\u00fcr Montageplatten und Dachdurchf\u00fchrungen <\/a>\u2013 (Stand: 02\/2021 | 1000KB)<\/div>\n<\/div>\n[\/et_pb_toggle][et_pb_toggle title=\"Frankreich \/ France\" open_toggle_text_color=\"#213A8F\" closed_toggle_background_color=\"#FFFFFF\" icon_color=\"#213A8F\" open_icon_color=\"#213A8F\" admin_label=\"Umschalter\" _builder_version=\"4.17.3\" _module_preset=\"default\" title_text_color=\"#213A8F\" custom_margin=\"||-2px||false|false\" border_width_all=\"2px\" border_color_all=\"#213A8F\" global_colors_info=\"{}\"]\n<div id=\"custom-collapse-1-1\" class=\"panel-collapse in\" style=\"height: auto;\">\n<div class=\"panel-body\">\n<div id=\"custom-collapse-1-1\" class=\"panel-collapse in\" style=\"height: auto;\">\n<div class=\"panel-body\"><strong><\/strong><strong>Anleitung<\/strong>\n<a href=\"https:\/\/download.ten-haaft.com\/MA_Anleitung\/DE-GB-FR_Montageanleitung_Montageplatten.pdf\" target=\"_blank\" rel=\"noopener noreferrer\">Montageanleitung f\u00fcr Montageplatten und Dachdurchf\u00fchrungen <\/a>\u2013 (Stand: 02\/2021 | 1000KB)<\/div>\n<\/div>\n<\/div>\n<\/div>\n[\/et_pb_toggle][et_pb_toggle title=\"UK &amp; Nordirland \/ UK &amp; Northern Ireland\" open_toggle_text_color=\"#213A8F\" closed_toggle_background_color=\"#FFFFFF\" icon_color=\"#213A8F\" open_icon_color=\"#213A8F\" admin_label=\"Umschalter\" _builder_version=\"4.17.3\" _module_preset=\"default\" title_text_color=\"#213A8F\" custom_margin=\"||-2px||false|false\" border_width_all=\"2px\" border_color_all=\"#213A8F\" global_colors_info=\"{}\"]\n<div id=\"custom-collapse-2-2\" class=\"panel-collapse in\" style=\"height: auto;\">\n<div class=\"panel-body\">\n<div id=\"custom-collapse-2-2\" class=\"panel-collapse in\" style=\"height: auto;\">\n<div class=\"panel-body\"><strong><\/strong><strong>Anleitung<\/strong>\n<a href=\"https:\/\/download.ten-haaft.com\/MA_Anleitung\/DE-GB-FR_Montageanleitung_Montageplatten.pdf\" target=\"_blank\" rel=\"noopener noreferrer\">Montageanleitung f\u00fcr Montageplatten und Dachdurchf\u00fchrungen <\/a>\u2013 (Stand: 02\/2021 | 1000KB)<\/div>\n<\/div>\n<\/div>\n<\/div>\n[\/et_pb_toggle][\/et_pb_column][\/et_pb_row][\/et_pb_section]","_et_gb_content_width":"","footnotes":""},"class_list":["post-5611","page","type-page","status-publish","hentry"],"yoast_head":"<!-- This site is optimized with the Yoast SEO plugin v27.3 - https:\/\/yoast.com\/product\/yoast-seo-wordpress\/ -->\n<title>Plaques de fixation \/ travers\u00e9es de toit - ten-haaft<\/title>\n<meta name=\"description\" content=\"Les instructions de montage pour les plaques de montage et la travers\u00e9e de toit peuvent \u00eatre t\u00e9l\u00e9charg\u00e9es facilement et sont disponibles en 3 langues.\" \/>\n<meta name=\"robots\" content=\"index, follow, max-snippet:-1, max-image-preview:large, max-video-preview:-1\" \/>\n<link rel=\"canonical\" href=\"https:\/\/ten-haaft.com\/fr\/plaques-de-fixation-traversees-de-toit\/\" \/>\n<meta property=\"og:locale\" content=\"fr_FR\" \/>\n<meta property=\"og:type\" content=\"article\" \/>\n<meta property=\"og:title\" content=\"Plaques de fixation \/ travers\u00e9es de toit - ten-haaft\" \/>\n<meta property=\"og:description\" content=\"Les instructions de montage pour les plaques de montage et la travers\u00e9e de toit peuvent \u00eatre t\u00e9l\u00e9charg\u00e9es facilement et sont disponibles en 3 langues.\" \/>\n<meta property=\"og:url\" content=\"https:\/\/ten-haaft.com\/fr\/plaques-de-fixation-traversees-de-toit\/\" \/>\n<meta property=\"og:site_name\" content=\"ten-haaft\" \/>\n<meta property=\"article:modified_time\" content=\"2025-04-07T09:16:35+00:00\" \/>\n<meta name=\"twitter:card\" content=\"summary_large_image\" \/>\n<meta name=\"twitter:label1\" content=\"Dur\u00e9e de lecture estim\u00e9e\" \/>\n\t<meta name=\"twitter:data1\" content=\"2 minutes\" \/>\n<script type=\"application\/ld+json\" class=\"yoast-schema-graph\">{\"@context\":\"https:\\\/\\\/schema.org\",\"@graph\":[{\"@type\":\"WebPage\",\"@id\":\"https:\\\/\\\/ten-haaft.com\\\/fr\\\/plaques-de-fixation-traversees-de-toit\\\/\",\"url\":\"https:\\\/\\\/ten-haaft.com\\\/fr\\\/plaques-de-fixation-traversees-de-toit\\\/\",\"name\":\"Plaques de fixation \\\/ travers\u00e9es de toit - ten-haaft\",\"isPartOf\":{\"@id\":\"https:\\\/\\\/ten-haaft.com\\\/fr\\\/#website\"},\"datePublished\":\"2022-08-11T07:04:56+00:00\",\"dateModified\":\"2025-04-07T09:16:35+00:00\",\"description\":\"Les instructions de montage pour les plaques de montage et la travers\u00e9e de toit peuvent \u00eatre t\u00e9l\u00e9charg\u00e9es facilement et sont disponibles en 3 langues.\",\"breadcrumb\":{\"@id\":\"https:\\\/\\\/ten-haaft.com\\\/fr\\\/plaques-de-fixation-traversees-de-toit\\\/#breadcrumb\"},\"inLanguage\":\"fr-FR\",\"potentialAction\":[{\"@type\":\"ReadAction\",\"target\":[\"https:\\\/\\\/ten-haaft.com\\\/fr\\\/plaques-de-fixation-traversees-de-toit\\\/\"]}]},{\"@type\":\"BreadcrumbList\",\"@id\":\"https:\\\/\\\/ten-haaft.com\\\/fr\\\/plaques-de-fixation-traversees-de-toit\\\/#breadcrumb\",\"itemListElement\":[{\"@type\":\"ListItem\",\"position\":1,\"name\":\"Startseite\",\"item\":\"https:\\\/\\\/ten-haaft.com\\\/fr\\\/\"},{\"@type\":\"ListItem\",\"position\":2,\"name\":\"Plaques de fixation \\\/ travers\u00e9es de toit\"}]},{\"@type\":\"WebSite\",\"@id\":\"https:\\\/\\\/ten-haaft.com\\\/fr\\\/#website\",\"url\":\"https:\\\/\\\/ten-haaft.com\\\/fr\\\/\",\"name\":\"ten-haaft\",\"description\":\"\",\"potentialAction\":[{\"@type\":\"SearchAction\",\"target\":{\"@type\":\"EntryPoint\",\"urlTemplate\":\"https:\\\/\\\/ten-haaft.com\\\/fr\\\/?s={search_term_string}\"},\"query-input\":{\"@type\":\"PropertyValueSpecification\",\"valueRequired\":true,\"valueName\":\"search_term_string\"}}],\"inLanguage\":\"fr-FR\"}]}<\/script>\n<!-- \/ Yoast SEO plugin. -->","yoast_head_json":{"title":"Plaques de fixation \/ travers\u00e9es de toit - ten-haaft","description":"Les instructions de montage pour les plaques de montage et la travers\u00e9e de toit peuvent \u00eatre t\u00e9l\u00e9charg\u00e9es facilement et sont disponibles en 3 langues.","robots":{"index":"index","follow":"follow","max-snippet":"max-snippet:-1","max-image-preview":"max-image-preview:large","max-video-preview":"max-video-preview:-1"},"canonical":"https:\/\/ten-haaft.com\/fr\/plaques-de-fixation-traversees-de-toit\/","og_locale":"fr_FR","og_type":"article","og_title":"Plaques de fixation \/ travers\u00e9es de toit - ten-haaft","og_description":"Les instructions de montage pour les plaques de montage et la travers\u00e9e de toit peuvent \u00eatre t\u00e9l\u00e9charg\u00e9es facilement et sont disponibles en 3 langues.","og_url":"https:\/\/ten-haaft.com\/fr\/plaques-de-fixation-traversees-de-toit\/","og_site_name":"ten-haaft","article_modified_time":"2025-04-07T09:16:35+00:00","twitter_card":"summary_large_image","twitter_misc":{"Dur\u00e9e de lecture estim\u00e9e":"2 minutes"},"schema":{"@context":"https:\/\/schema.org","@graph":[{"@type":"WebPage","@id":"https:\/\/ten-haaft.com\/fr\/plaques-de-fixation-traversees-de-toit\/","url":"https:\/\/ten-haaft.com\/fr\/plaques-de-fixation-traversees-de-toit\/","name":"Plaques de fixation \/ travers\u00e9es de toit - ten-haaft","isPartOf":{"@id":"https:\/\/ten-haaft.com\/fr\/#website"},"datePublished":"2022-08-11T07:04:56+00:00","dateModified":"2025-04-07T09:16:35+00:00","description":"Les instructions de montage pour les plaques de montage et la travers\u00e9e de toit peuvent \u00eatre t\u00e9l\u00e9charg\u00e9es facilement et sont disponibles en 3 langues.","breadcrumb":{"@id":"https:\/\/ten-haaft.com\/fr\/plaques-de-fixation-traversees-de-toit\/#breadcrumb"},"inLanguage":"fr-FR","potentialAction":[{"@type":"ReadAction","target":["https:\/\/ten-haaft.com\/fr\/plaques-de-fixation-traversees-de-toit\/"]}]},{"@type":"BreadcrumbList","@id":"https:\/\/ten-haaft.com\/fr\/plaques-de-fixation-traversees-de-toit\/#breadcrumb","itemListElement":[{"@type":"ListItem","position":1,"name":"Startseite","item":"https:\/\/ten-haaft.com\/fr\/"},{"@type":"ListItem","position":2,"name":"Plaques de fixation \/ travers\u00e9es de toit"}]},{"@type":"WebSite","@id":"https:\/\/ten-haaft.com\/fr\/#website","url":"https:\/\/ten-haaft.com\/fr\/","name":"ten-haaft","description":"","potentialAction":[{"@type":"SearchAction","target":{"@type":"EntryPoint","urlTemplate":"https:\/\/ten-haaft.com\/fr\/?s={search_term_string}"},"query-input":{"@type":"PropertyValueSpecification","valueRequired":true,"valueName":"search_term_string"}}],"inLanguage":"fr-FR"}]}},"_links":{"self":[{"href":"https:\/\/ten-haaft.com\/fr\/wp-json\/wp\/v2\/pages\/5611","targetHints":{"allow":["GET"]}}],"collection":[{"href":"https:\/\/ten-haaft.com\/fr\/wp-json\/wp\/v2\/pages"}],"about":[{"href":"https:\/\/ten-haaft.com\/fr\/wp-json\/wp\/v2\/types\/page"}],"author":[{"embeddable":true,"href":"https:\/\/ten-haaft.com\/fr\/wp-json\/wp\/v2\/users\/8"}],"replies":[{"embeddable":true,"href":"https:\/\/ten-haaft.com\/fr\/wp-json\/wp\/v2\/comments?post=5611"}],"version-history":[{"count":8,"href":"https:\/\/ten-haaft.com\/fr\/wp-json\/wp\/v2\/pages\/5611\/revisions"}],"predecessor-version":[{"id":17985,"href":"https:\/\/ten-haaft.com\/fr\/wp-json\/wp\/v2\/pages\/5611\/revisions\/17985"}],"wp:attachment":[{"href":"https:\/\/ten-haaft.com\/fr\/wp-json\/wp\/v2\/media?parent=5611"}],"curies":[{"name":"wp","href":"https:\/\/api.w.org\/{rel}","templated":true}]}}