{"id":5712,"date":"2022-08-09T11:32:23","date_gmt":"2022-08-09T09:32:23","guid":{"rendered":"https:\/\/ten-haaft.com\/?page_id=5712"},"modified":"2025-04-14T10:19:11","modified_gmt":"2025-04-14T08:19:11","slug":"mises-a-jour-oyster-connect","status":"publish","type":"page","link":"https:\/\/ten-haaft.com\/fr\/mises-a-jour-oyster-connect\/","title":{"rendered":"Mises \u00e0 jour Oyster\u00ae Connect"},"content":{"rendered":"<p>[et_pb_section fb_built=\u00a0\u00bb1&Prime; custom_padding_last_edited=\u00a0\u00bbon|phone\u00a0\u00bb _builder_version=\u00a0\u00bb4.18.0&Prime; _module_preset=\u00a0\u00bbdefault\u00a0\u00bb background_enable_image=\u00a0\u00bboff\u00a0\u00bb custom_padding=\u00a0\u00bb||35px|||\u00a0\u00bb custom_padding_tablet=\u00a0\u00bb\u00a0\u00bb custom_padding_phone=\u00a0\u00bb||0px||false|false\u00a0\u00bb global_colors_info=\u00a0\u00bb{}\u00a0\u00bb][et_pb_row _builder_version=\u00a0\u00bb4.17.3&Prime; _module_preset=\u00a0\u00bbdefault\u00a0\u00bb global_colors_info=\u00a0\u00bb{}\u00a0\u00bb][et_pb_column type=\u00a0\u00bb4_4&Prime; _builder_version=\u00a0\u00bb4.17.3&Prime; _module_preset=\u00a0\u00bbdefault\u00a0\u00bb global_colors_info=\u00a0\u00bb{}\u00a0\u00bb][et_pb_text _builder_version=\u00a0\u00bb4.18.0&Prime; _module_preset=\u00a0\u00bbdefault\u00a0\u00bb text_text_color=\u00a0\u00bb#000000&Prime; header_font=\u00a0\u00bb|||on|||||\u00a0\u00bb header_text_color=\u00a0\u00bb#213A8F\u00a0\u00bb header_font_size=\u00a0\u00bb60px\u00a0\u00bb header_2_font=\u00a0\u00bb||||||||\u00a0\u00bb header_2_text_color=\u00a0\u00bb#213A8F\u00a0\u00bb header_2_font_size=\u00a0\u00bb46px\u00a0\u00bb header_4_font=\u00a0\u00bb|||on|||||\u00a0\u00bb header_4_font_size=\u00a0\u00bb16px\u00a0\u00bb custom_margin=\u00a0\u00bb||0px||false|false\u00a0\u00bb header_font_size_tablet=\u00a0\u00bb46px\u00a0\u00bb header_font_size_phone=\u00a0\u00bb32px\u00a0\u00bb header_font_size_last_edited=\u00a0\u00bbon|phone\u00a0\u00bb header_2_font_size_tablet=\u00a0\u00bb46px\u00a0\u00bb header_2_font_size_phone=\u00a0\u00bb32px\u00a0\u00bb header_2_font_size_last_edited=\u00a0\u00bbon|phone\u00a0\u00bb global_colors_info=\u00a0\u00bb{}\u00a0\u00bb]<\/p>\n<h1 style=\"text-align: center;\">Mises \u00e0 jour Oyster\u00ae Connect<\/h1>\n<p>[\/et_pb_text][\/et_pb_column][\/et_pb_row][\/et_pb_section][et_pb_section fb_built=\u00a0\u00bb1&Prime; custom_padding_last_edited=\u00a0\u00bbon|phone\u00a0\u00bb disabled_on=\u00a0\u00bboff|off|off\u00a0\u00bb admin_label=\u00a0\u00bbVision Variante\u00a0\u00bb module_class=\u00a0\u00bbvision active\u00a0\u00bb _builder_version=\u00a0\u00bb4.18.0&Prime; _module_preset=\u00a0\u00bbdefault\u00a0\u00bb background_enable_image=\u00a0\u00bboff\u00a0\u00bb custom_margin=\u00a0\u00bb||||false|false\u00a0\u00bb custom_padding=\u00a0\u00bb0px|||||\u00a0\u00bb custom_padding_tablet=\u00a0\u00bb\u00a0\u00bb custom_padding_phone=\u00a0\u00bb0px||0px||true|false\u00a0\u00bb collapsed=\u00a0\u00bbon\u00a0\u00bb global_colors_info=\u00a0\u00bb{}\u00a0\u00bb][et_pb_row _builder_version=\u00a0\u00bb4.17.3&Prime; _module_preset=\u00a0\u00bbdefault\u00a0\u00bb custom_padding=\u00a0\u00bb||0px|||\u00a0\u00bb global_colors_info=\u00a0\u00bb{}\u00a0\u00bb][et_pb_column type=\u00a0\u00bb4_4&Prime; _builder_version=\u00a0\u00bb4.17.3&Prime; _module_preset=\u00a0\u00bbdefault\u00a0\u00bb global_colors_info=\u00a0\u00bb{}\u00a0\u00bb][et_pb_text _builder_version=\u00a0\u00bb4.18.0&Prime; _module_preset=\u00a0\u00bbdefault\u00a0\u00bb header_2_font=\u00a0\u00bb||||||||\u00a0\u00bb header_2_text_color=\u00a0\u00bb#213A8F\u00a0\u00bb header_2_font_size=\u00a0\u00bb46px\u00a0\u00bb custom_margin=\u00a0\u00bb||0px||false|false\u00a0\u00bb custom_padding=\u00a0\u00bb||0px||false|false\u00a0\u00bb header_2_font_size_tablet=\u00a0\u00bb46px\u00a0\u00bb header_2_font_size_phone=\u00a0\u00bb32px\u00a0\u00bb header_2_font_size_last_edited=\u00a0\u00bbon|phone\u00a0\u00bb global_colors_info=\u00a0\u00bb{}\u00a0\u00bb]<\/p>\n<h2 class=\"panel-title\">Mise \u00e0 jour du logiciel Oyster\u00ae Connect apr\u00e8s la premi\u00e8re mise en service<\/h2>\n<p>[\/et_pb_text][\/et_pb_column][\/et_pb_row][et_pb_row column_structure=\u00a0\u00bb3_5,2_5&Prime; _builder_version=\u00a0\u00bb4.18.0&Prime; _module_preset=\u00a0\u00bbdefault\u00a0\u00bb custom_margin=\u00a0\u00bb50px||50px||true|false\u00a0\u00bb custom_margin_tablet=\u00a0\u00bb50px||50px||true|false\u00a0\u00bb custom_margin_phone=\u00a0\u00bb0px||||false|false\u00a0\u00bb custom_margin_last_edited=\u00a0\u00bbon|phone\u00a0\u00bb border_color_all=\u00a0\u00bbRGBA(255,255,255,0)\u00a0\u00bb border_color_bottom=\u00a0\u00bb#213A8F\u00a0\u00bb global_colors_info=\u00a0\u00bb{}\u00a0\u00bb custom_css_main_element_last_edited=\u00a0\u00bbon|desktop\u00a0\u00bb custom_css_main_element_phone=\u00a0\u00bb \u00a0\u00bb custom_css_main_element_tablet=\u00a0\u00bbdisplay: flex;||align-items: center;||justify-content: center;||\u00a0\u00bb][et_pb_column type=\u00a0\u00bb3_5&Prime; _builder_version=\u00a0\u00bb4.17.3&Prime; _module_preset=\u00a0\u00bbdefault\u00a0\u00bb global_colors_info=\u00a0\u00bb{}\u00a0\u00bb][et_pb_text _builder_version=\u00a0\u00bb4.27.0&Prime; _module_preset=\u00a0\u00bbdefault\u00a0\u00bb width=\u00a0\u00bb120%\u00a0\u00bb custom_margin=\u00a0\u00bb|4px||||\u00a0\u00bb custom_padding=\u00a0\u00bb|0px||||\u00a0\u00bb global_colors_info=\u00a0\u00bb{}\u00a0\u00bb]<\/p>\n<p>Le logiciel de l&rsquo;Oyster\u00ae Connect est continuellement am\u00e9lior\u00e9. Bien entendu, ten Haaft a \u00e9quip\u00e9 votre Oyster\u00ae Connect r\u00e9cemment acquise avec le logiciel le plus r\u00e9cent \u00e0 la date de production. N\u00e9anmoins, il est fortement recommand\u00e9 de proc\u00e9der \u00e0 une mise \u00e0 jour du logiciel imm\u00e9diatement apr\u00e8s la premi\u00e8re mise en service.<\/p>\n<p>Version actuelle d&rsquo;Oyster Connect : (V2.1.36 - 19.08.2024\r\n)<\/p>\n<p>Veuillez suivre les \u00e9tapes suivantes pour effectuer la mise \u00e0 jour du logiciel :<\/p>\n<p>L&rsquo;Oyster\u00ae Connect doit d\u00e9j\u00e0 \u00eatre connect\u00e9e \u00e0 Internet via LTE ou Wi-Fi. Veuillez vous r\u00e9f\u00e9rer au manuel \u00ab Oyster CONNECT &#8211; Instructions avanc\u00e9es \u00bb aux pages 6 &#8211; 13 pour plus de d\u00e9tails.<\/p>\n<p>Remarque : La taille du fichier de mise \u00e0 jour est d&rsquo;environ 100 Mo. Il est donc recommand\u00e9 d&rsquo;\u00eatre connect\u00e9 via Wi-Fi plut\u00f4t que LTE pour \u00e9viter une utilisation excessive de votre volume de donn\u00e9es LTE.<\/p>\n<p><strong>M\u00e9thode 1 : Lancer la mise \u00e0 jour via un bouton sur l&rsquo;unit\u00e9 int\u00e9rieure<\/strong><\/p>\n<ul>\n<li>Environ 10 minutes apr\u00e8s la mise sous tension, l&rsquo;Oyster\u00ae Connect v\u00e9rifie automatiquement si une mise \u00e0 jour du logiciel est disponible.<\/li>\n<li>Si une mise \u00e0 jour est disponible, cela est signal\u00e9 par l&rsquo;allumage permanent de la LED4 (orange\/ambre).<\/li>\n<li>Dans ce cas, la mise \u00e0 jour du logiciel peut \u00eatre facilement lanc\u00e9e en maintenant enfonc\u00e9 le bouton \u00ab\u00a0i\u00a0\u00bb \u00e0 l&rsquo;avant de l&rsquo;unit\u00e9 int\u00e9rieure pendant 10 secondes.<\/li>\n<li>Le processus de mise \u00e0 jour commence alors automatiquement et se termine \u00e9galement automatiquement apr\u00e8s environ 5 \u00e0 10 minutes par un red\u00e9marrage du syst\u00e8me. Pendant ce processus, les LED \u00e0 l&rsquo;avant de l&rsquo;unit\u00e9 int\u00e9rieure affichent un motif lumineux sp\u00e9cial.<\/li>\n<\/ul>\n<p><strong>M\u00e9thode 2 : Lancer la mise \u00e0 jour via la page de configuration Oyster\u00ae Connect<\/strong><\/p>\n<ul>\n<li>Acc\u00e9dez \u00e0 la page de configuration \u00e0 l&rsquo;adresse <a rel=\"noopener\" target=\"_new\" href=\"http:\/\/oyster.connect\">http:\/\/oyster.connect<\/a> ou <a rel=\"noopener\" target=\"_new\" href=\"http:\/\/192.168.240.1\">http:\/\/192.168.240.1<\/a>.<\/li>\n<li>S\u00e9lectionnez l&rsquo;onglet \u00ab\u00a0System Setup\u00a0\u00bb.<\/li>\n<li>Connectez-vous avec le nom d&rsquo;utilisateur par d\u00e9faut \u00ab\u00a0oyster\u00a0\u00bb et le mot de passe \u00ab\u00a0connect\u00a0\u00bb.<\/li>\n<li>Appuyez sur le bouton [Start Update Now].<\/li>\n<li>L&rsquo;Oyster\u00ae Connect v\u00e9rifiera maintenant sur le serveur de mise \u00e0 jour ten Haaft si une nouvelle version du logiciel est disponible.<\/li>\n<li>Si le logiciel install\u00e9 est d\u00e9j\u00e0 \u00e0 jour, le message \u00ab\u00a0The local version is latest\u00a0\u00bb appara\u00eetra et aucun t\u00e9l\u00e9chargement n&rsquo;aura lieu.<\/li>\n<li>Si une nouvelle version du logiciel est disponible, l&rsquo;Oyster\u00ae Connect commencera automatiquement \u00e0 t\u00e9l\u00e9charger le fichier de mise \u00e0 jour depuis le serveur. Vous n&rsquo;avez rien de plus \u00e0 faire !<\/li>\n<li>Pendant l&rsquo;installation du nouveau logiciel, les LED \u00e0 l&rsquo;avant de l&rsquo;unit\u00e9 int\u00e9rieure affichent un motif de clignotement sp\u00e9cial. Pendant ce temps, l&rsquo;unit\u00e9 int\u00e9rieure ne doit pas \u00eatre d\u00e9connect\u00e9e de l&rsquo;alimentation !<\/li>\n<li>Ensuite, l&rsquo;Oyster\u00ae Connect red\u00e9marrera automatiquement.<\/li>\n<li>Le red\u00e9marrage est termin\u00e9 lorsque la LED jaune a cess\u00e9 de clignoter.<\/li>\n<li>La mise \u00e0 jour du firmware a \u00e9t\u00e9 effectu\u00e9e avec succ\u00e8s.<\/li>\n<\/ul>\n<p>[\/et_pb_text][\/et_pb_column][et_pb_column type=\u00a0\u00bb2_5&Prime; _builder_version=\u00a0\u00bb4.17.3&Prime; _module_preset=\u00a0\u00bbdefault\u00a0\u00bb global_colors_info=\u00a0\u00bb{}\u00a0\u00bb][et_pb_image src=\u00a0\u00bbhttps:\/\/ten-haaft.com\/wp-content\/uploads\/2022\/06\/oyster_connect-internetantenne-lte_wlan-outdoor-unit.png\u00a0\u00bb alt=\u00a0\u00bbOyster Connect Appareil\u00a0\u00bb title_text=\u00a0\u00bboyster_connect-internetantenne-lte_wlan-outdoor-unit\u00a0\u00bb align=\u00a0\u00bbcenter\u00a0\u00bb _builder_version=\u00a0\u00bb4.27.4&Prime; _module_preset=\u00a0\u00bbdefault\u00a0\u00bb width=\u00a0\u00bb50%\u00a0\u00bb hover_enabled=\u00a0\u00bb0&Prime; global_colors_info=\u00a0\u00bb{}\u00a0\u00bb sticky_enabled=\u00a0\u00bb0&Prime;][\/et_pb_image][et_pb_text _builder_version=\u00a0\u00bb4.17.3&Prime; _module_preset=\u00a0\u00bbdefault\u00a0\u00bb header_4_font=\u00a0\u00bb|||on|||||\u00a0\u00bb header_4_text_color=\u00a0\u00bb#000000&Prime; header_4_font_size=\u00a0\u00bb16px\u00a0\u00bb text_orientation=\u00a0\u00bbcenter\u00a0\u00bb custom_padding=\u00a0\u00bb0px|||||\u00a0\u00bb global_colors_info=\u00a0\u00bb{}\u00a0\u00bb]<\/p>\n<p><strong>Oyster\u00ae Connect<\/strong><\/p>\n<p>[\/et_pb_text][\/et_pb_column][\/et_pb_row][\/et_pb_section]<\/p>\n","protected":false},"excerpt":{"rendered":"<p>Mises \u00e0 jour Oyster\u00ae ConnectMise \u00e0 jour du logiciel Oyster\u00ae Connect apr\u00e8s la premi\u00e8re mise en serviceLe logiciel de l&rsquo;Oyster\u00ae Connect est continuellement am\u00e9lior\u00e9. Bien entendu, ten Haaft a \u00e9quip\u00e9 votre Oyster\u00ae Connect r\u00e9cemment acquise avec le logiciel le plus r\u00e9cent \u00e0 la date de production. N\u00e9anmoins, il est fortement recommand\u00e9 de proc\u00e9der \u00e0 une mise \u00e0 jour du logiciel imm\u00e9diatement apr\u00e8s la premi\u00e8re mise en service. Version actuelle d&rsquo;Oyster Connect : (V2.1.36 - 19.08.2024\r\n) Veuillez suivre les \u00e9tapes suivantes pour effectuer la mise \u00e0 jour du logiciel : L&rsquo;Oyster\u00ae Connect doit d\u00e9j\u00e0 \u00eatre connect\u00e9e \u00e0 Internet via LTE ou Wi-Fi. Veuillez vous r\u00e9f\u00e9rer au manuel \u00ab Oyster CONNECT &#8211; Instructions avanc\u00e9es \u00bb aux pages 6 &#8211; 13 pour plus de d\u00e9tails. Remarque : La taille du fichier de mise \u00e0 jour est d&rsquo;environ 100 Mo. Il est donc recommand\u00e9 d&rsquo;\u00eatre connect\u00e9 via Wi-Fi plut\u00f4t que LTE pour \u00e9viter une utilisation excessive de votre volume de donn\u00e9es LTE. M\u00e9thode 1 : Lancer la mise \u00e0 jour via un bouton sur l&rsquo;unit\u00e9 int\u00e9rieure Environ 10 minutes apr\u00e8s la mise sous tension, l&rsquo;Oyster\u00ae Connect v\u00e9rifie automatiquement si une mise \u00e0 jour du logiciel est disponible. Si une mise \u00e0 jour est disponible, cela [&hellip;]<\/p>\n","protected":false},"author":8,"featured_media":0,"parent":0,"menu_order":0,"comment_status":"closed","ping_status":"closed","template":"","meta":{"_et_pb_use_builder":"on","_et_pb_old_content":"<!-- wp:divi\/placeholder -->\n[et_pb_section fb_built=\"1\" custom_padding_last_edited=\"on|phone\" _builder_version=\"4.18.0\" _module_preset=\"default\" background_enable_image=\"off\" custom_padding_tablet=\"\" custom_padding_phone=\"||0px||false|false\" global_colors_info=\"{}\"][et_pb_row _builder_version=\"4.17.3\" _module_preset=\"default\" global_colors_info=\"{}\"][et_pb_column type=\"4_4\" _builder_version=\"4.17.3\" _module_preset=\"default\" global_colors_info=\"{}\"][et_pb_text _builder_version=\"4.17.3\" _module_preset=\"default\" text_text_color=\"#000000\" header_font=\"|||on|||||\" header_text_color=\"#213A8F\" header_font_size=\"60px\" header_2_font=\"||||||||\" header_2_text_color=\"#213A8F\" header_2_font_size=\"46px\" header_4_font=\"|||on|||||\" header_4_font_size=\"16px\" custom_margin=\"||0px||false|false\" header_font_size_tablet=\"46px\" header_font_size_phone=\"32px\" header_font_size_last_edited=\"on|phone\" header_2_font_size_tablet=\"46px\" header_2_font_size_phone=\"32px\" header_2_font_size_last_edited=\"on|phone\" global_colors_info=\"{}\"]<h1 style=\"text-align: center;\">Oyster\u00ae Connect Softwareupdates<\/h1>[\/et_pb_text][\/et_pb_column][\/et_pb_row][\/et_pb_section][et_pb_section fb_built=\"1\" custom_padding_last_edited=\"on|phone\" disabled_on=\"off|off|off\" admin_label=\"Vision Variante\" module_class=\"vision active\" _builder_version=\"4.18.0\" _module_preset=\"default\" background_enable_image=\"off\" custom_padding_tablet=\"\" custom_padding_phone=\"0px||0px||true|false\" hover_enabled=\"0\" collapsed=\"on\" global_colors_info=\"{}\" sticky_enabled=\"0\" custom_margin=\"||||false|false\"][et_pb_row _builder_version=\"4.17.3\" _module_preset=\"default\" global_colors_info=\"{}\"][et_pb_column type=\"4_4\" _builder_version=\"4.17.3\" _module_preset=\"default\" global_colors_info=\"{}\"][et_pb_text _builder_version=\"4.17.3\" _module_preset=\"default\" header_2_font=\"||||||||\" header_2_text_color=\"#213A8F\" header_2_font_size=\"46px\" custom_margin=\"||0px||false|false\" custom_padding=\"||0px||false|false\" header_2_font_size_tablet=\"46px\" header_2_font_size_phone=\"32px\" header_2_font_size_last_edited=\"on|phone\" global_colors_info=\"{}\"]<h2 class=\"panel-title\">Oyster\u00ae Connect Software-Update nach Erstinbetriebnahme<\/h2>[\/et_pb_text][\/et_pb_column][\/et_pb_row][et_pb_row column_structure=\"3_5,2_5\" _builder_version=\"4.18.0\" _module_preset=\"default\" custom_margin=\"50px||50px||true|false\" hover_enabled=\"0\" border_color_all=\"RGBA(255,255,255,0)\" border_color_bottom=\"#213A8F\" global_colors_info=\"{}\" custom_css_main_element_last_edited=\"on|desktop\" custom_css_main_element_phone=\" \" custom_css_main_element_tablet=\"display: flex;||align-items: center;||justify-content: center;||\" custom_margin_last_edited=\"on|phone\" custom_margin_phone=\"0px||||false|false\" sticky_enabled=\"0\" custom_margin_tablet=\"50px||50px||true|false\"][et_pb_column type=\"3_5\" _builder_version=\"4.17.3\" _module_preset=\"default\" global_colors_info=\"{}\"][et_pb_text _builder_version=\"4.17.3\" _module_preset=\"default\" global_colors_info=\"{}\"]<p>Die Software der Oyster\u00ae Connect wird stets weiterentwickelt. Nat\u00fcrlich hat ten Haaft Ihrer frisch erworbenen Oyster\u00ae Connect die zum Produktionsdatum neueste Software mitgegeben.<br \/>Dennoch empfiehlt es sich auf jeden Fall direkt nach der Erstinbetriebnahme ein Software-Update durchzuf\u00fchren.<\/p>\n<p><strong>Bei diesem ersten Software-Update empfiehlt es sich noch einen extra Schritt zu machen, welcher nur dieses erste Mal erforderlich ist: Einen Reset auf Werkseinstellung. <\/strong><\/p>\n<p>Dadurch wird sichergestellt, dass auch die Benutzer-Dateien aktualisiert werden, welche bei einem normalen Update absichtlich nicht angefasst werden. Dies dient der Sicherstellung der reibungslosen Funktion, da dann alle Bestandteile der Software auf dem neuesten Stand sind.<\/p>\n<p>Sie k\u00f6nnen diesen Reset auch jederzeit nachtr\u00e4glich durchf\u00fchren. Allerdings werden dadurch alle von Ihnen gegebenenfalls schon ver\u00e4nderten Indoor WLAN-Passworte und sonstigen Einstelllungen der Oyster\u00ae Connect auf Werkseinstellung zur\u00fcckgesetzt!<\/p>\n<p>&nbsp;<\/p>\n<p>F\u00fchren Sie folgende Schritte f\u00fcr das Software-Update durch:<\/p>\n<ul>\n<li>Die Oyster\u00ae Connect muss \u00fcber LTE oder WLAN mit dem Internet verbunden sein.<br \/><em>Hinweis: Die Gr\u00f6\u00dfe der Update-Datei betr\u00e4gt ca. 100MB. Es empfiehlt sich deshalb eher mit einem WLAN als mit LTE verbunden zu sein, um ihr LTE Datenvolumen nicht unn\u00f6tig zu belasten<\/em>.<\/li>\n<li>Rufen Sie die Konfigurations-Webseite unter <a href=\"https:\/\/\/oyster.connect\" target=\"_blank\" rel=\"noopener noreferrer\">https:\/\/oyster.connect<\/a> oder <a href=\"https:\/\/192.168.240.1\" target=\"_blank\" rel=\"noopener noreferrer\">https:\/\/192.168.240.1<\/a><\/li>\n<li>W\u00e4hlen Sie den Tab \u201eSystem Setup\u201c.<\/li>\n<li>Loggen Sie sich mit dem Standard Benutzernamen \u201e<strong>oyster<\/strong>\u201c und dem Passwort \u201e<strong>connect<\/strong>\u201c ein.<\/li>\n<li>Bet\u00e4tigen Sie den Button \u201eCheck Update\u201c<\/li>\n<li>Die Oyster\u00ae Connect wird nun auf dem ten Haaft Update Server das Vorhandensein einer neueren Software \u00fcberpr\u00fcfen.<\/li>\n<li>Sollte Ihre bereits installierte Software schon auf dem neuesten Stand sein, so erscheint die Meldung \u201eThe local version is latest\u201c und kein Download findet statt.<\/li>\n<li>Ist eine neuere Software verf\u00fcgbar, so beginnt die Oyster\u00ae Connect automatisch mit dem Download der Update-Datei vom Server. Sie m\u00fcssen nichts weiter unternehmen!<\/li>\n<li>W\u00e4hrend der Installation der neuen Software zeigen die LED an der Vorderseite der Indoor Unit ein spezielles Blinkmuster. W\u00e4hrenddessen darf die Indoor Unit nicht vom Strom getrennt werden!<\/li>\n<li>Anschlie\u00dfend wird die Oyster\u00ae Connect automatisch einen Neustart ausf\u00fchren.<\/li>\n<li>Der Neustart ist beendet, wenn die gelbe LED aufgeh\u00f6rt hat zu blinken.<\/li>\n<li>Das Firmware Update wurde erfolgreich durchgef\u00fchrt.<\/li>\n<\/ul>\n<p>Hier die Schritte zum Reset auf Werkseinstellung:<\/p>\n<ul>\n<li>Sollte dies nicht der Fall sein, fahren Sie bitte die Oyster\u00ae Connect durch Dr\u00fccken der Power-Taste herunter und starten Sie diese anschlie\u00dfend wieder. Warten Sie bis die gelbe LED aufgeh\u00f6rt hat zu blinken.<\/li>\n<li>Dr\u00fccken und halten Sie die \u201ei\u201c-Taste an der Vorderseite der Indoor Unit f\u00fcr mindestens 10 Sekunden gedr\u00fcckt.<\/li>\n<li>Die Oyster\u00ae Connect wird dann gegebenenfalls nochmals selbstst\u00e4ndig neu starten.<\/li>\n<li>Die Werkseinstellung wurde erfolgreich \u00fcbernommen.<\/li>\n<\/ul>\n<p>&nbsp;<\/p>\n<p><strong>PDF-Datei-Anleitung<\/strong><br \/><a href=\"https:\/\/ten-haaft.com\/wp-content\/uploads\/2021\/04\/Schritt_Erstbetriebnahme.pdf\" target=\"_blank\" rel=\"noopener noreferrer\">Schritt_Erstbetriebnahme<\/a><\/p>\n<p><a href=\"https:\/\/ten-haaft.com\/updates\/updates-featurebox\/\" target=\"_blank\" rel=\"noopener\"><\/a><\/p>[\/et_pb_text][\/et_pb_column][et_pb_column type=\"2_5\" _builder_version=\"4.17.3\" _module_preset=\"default\" global_colors_info=\"{}\"][et_pb_image src=\"https:\/\/ten-haaft.com\/wp-content\/uploads\/2022\/06\/oyster_connect-internetantenne-lte_wlan-outdoor-unit.png\" title_text=\"oyster_connect-internetantenne-lte_wlan-outdoor-unit\" align=\"center\" _builder_version=\"4.17.3\" _module_preset=\"default\" width=\"50%\" global_colors_info=\"{}\"][\/et_pb_image][et_pb_text _builder_version=\"4.17.3\" _module_preset=\"default\" header_4_font=\"|||on|||||\" header_4_text_color=\"#000000\" header_4_font_size=\"16px\" text_orientation=\"center\" custom_padding=\"0px|||||\" global_colors_info=\"{}\"]<p><strong>Oyster\u00ae Connect<\/strong><\/p>[\/et_pb_text][\/et_pb_column][\/et_pb_row][\/et_pb_section]\n<!-- \/wp:divi\/placeholder -->","_et_gb_content_width":"","footnotes":""},"class_list":["post-5712","page","type-page","status-publish","hentry"],"yoast_head":"<!-- This site is optimized with the Yoast SEO plugin v27.3 - https:\/\/yoast.com\/product\/yoast-seo-wordpress\/ -->\n<title>Mises \u00e0 jour Oyster\u00ae Connect - ten-haaft<\/title>\n<meta name=\"description\" content=\"Assurez-vous que votre antenne satellite ten-Haaft est toujours \u00e0 jour. Vous trouverez ici des informations sur la mise \u00e0 jour du logiciel de votre \u00e9quipement.\" \/>\n<meta name=\"robots\" content=\"index, follow, max-snippet:-1, max-image-preview:large, max-video-preview:-1\" \/>\n<link rel=\"canonical\" href=\"https:\/\/ten-haaft.com\/fr\/mises-a-jour-oyster-connect\/\" \/>\n<meta property=\"og:locale\" content=\"fr_FR\" \/>\n<meta property=\"og:type\" content=\"article\" \/>\n<meta property=\"og:title\" content=\"Mises \u00e0 jour Oyster\u00ae Connect - ten-haaft\" \/>\n<meta property=\"og:description\" content=\"Assurez-vous que votre antenne satellite ten-Haaft est toujours \u00e0 jour. Vous trouverez ici des informations sur la mise \u00e0 jour du logiciel de votre \u00e9quipement.\" \/>\n<meta property=\"og:url\" content=\"https:\/\/ten-haaft.com\/fr\/mises-a-jour-oyster-connect\/\" \/>\n<meta property=\"og:site_name\" content=\"ten-haaft\" \/>\n<meta property=\"article:modified_time\" content=\"2025-04-14T08:19:11+00:00\" \/>\n<meta name=\"twitter:card\" content=\"summary_large_image\" \/>\n<meta name=\"twitter:label1\" content=\"Dur\u00e9e de lecture estim\u00e9e\" \/>\n\t<meta name=\"twitter:data1\" content=\"4 minutes\" \/>\n<script type=\"application\/ld+json\" class=\"yoast-schema-graph\">{\"@context\":\"https:\\\/\\\/schema.org\",\"@graph\":[{\"@type\":\"WebPage\",\"@id\":\"https:\\\/\\\/ten-haaft.com\\\/fr\\\/mises-a-jour-oyster-connect\\\/\",\"url\":\"https:\\\/\\\/ten-haaft.com\\\/fr\\\/mises-a-jour-oyster-connect\\\/\",\"name\":\"Mises \u00e0 jour Oyster\u00ae Connect - ten-haaft\",\"isPartOf\":{\"@id\":\"https:\\\/\\\/ten-haaft.com\\\/fr\\\/#website\"},\"datePublished\":\"2022-08-09T09:32:23+00:00\",\"dateModified\":\"2025-04-14T08:19:11+00:00\",\"description\":\"Assurez-vous que votre antenne satellite ten-Haaft est toujours \u00e0 jour. Vous trouverez ici des informations sur la mise \u00e0 jour du logiciel de votre \u00e9quipement.\",\"breadcrumb\":{\"@id\":\"https:\\\/\\\/ten-haaft.com\\\/fr\\\/mises-a-jour-oyster-connect\\\/#breadcrumb\"},\"inLanguage\":\"fr-FR\",\"potentialAction\":[{\"@type\":\"ReadAction\",\"target\":[\"https:\\\/\\\/ten-haaft.com\\\/fr\\\/mises-a-jour-oyster-connect\\\/\"]}]},{\"@type\":\"BreadcrumbList\",\"@id\":\"https:\\\/\\\/ten-haaft.com\\\/fr\\\/mises-a-jour-oyster-connect\\\/#breadcrumb\",\"itemListElement\":[{\"@type\":\"ListItem\",\"position\":1,\"name\":\"Startseite\",\"item\":\"https:\\\/\\\/ten-haaft.com\\\/fr\\\/\"},{\"@type\":\"ListItem\",\"position\":2,\"name\":\"Mises \u00e0 jour Oyster\u00ae Connect\"}]},{\"@type\":\"WebSite\",\"@id\":\"https:\\\/\\\/ten-haaft.com\\\/fr\\\/#website\",\"url\":\"https:\\\/\\\/ten-haaft.com\\\/fr\\\/\",\"name\":\"ten-haaft\",\"description\":\"\",\"potentialAction\":[{\"@type\":\"SearchAction\",\"target\":{\"@type\":\"EntryPoint\",\"urlTemplate\":\"https:\\\/\\\/ten-haaft.com\\\/fr\\\/?s={search_term_string}\"},\"query-input\":{\"@type\":\"PropertyValueSpecification\",\"valueRequired\":true,\"valueName\":\"search_term_string\"}}],\"inLanguage\":\"fr-FR\"}]}<\/script>\n<!-- \/ Yoast SEO plugin. -->","yoast_head_json":{"title":"Mises \u00e0 jour Oyster\u00ae Connect - ten-haaft","description":"Assurez-vous que votre antenne satellite ten-Haaft est toujours \u00e0 jour. Vous trouverez ici des informations sur la mise \u00e0 jour du logiciel de votre \u00e9quipement.","robots":{"index":"index","follow":"follow","max-snippet":"max-snippet:-1","max-image-preview":"max-image-preview:large","max-video-preview":"max-video-preview:-1"},"canonical":"https:\/\/ten-haaft.com\/fr\/mises-a-jour-oyster-connect\/","og_locale":"fr_FR","og_type":"article","og_title":"Mises \u00e0 jour Oyster\u00ae Connect - ten-haaft","og_description":"Assurez-vous que votre antenne satellite ten-Haaft est toujours \u00e0 jour. Vous trouverez ici des informations sur la mise \u00e0 jour du logiciel de votre \u00e9quipement.","og_url":"https:\/\/ten-haaft.com\/fr\/mises-a-jour-oyster-connect\/","og_site_name":"ten-haaft","article_modified_time":"2025-04-14T08:19:11+00:00","twitter_card":"summary_large_image","twitter_misc":{"Dur\u00e9e de lecture estim\u00e9e":"4 minutes"},"schema":{"@context":"https:\/\/schema.org","@graph":[{"@type":"WebPage","@id":"https:\/\/ten-haaft.com\/fr\/mises-a-jour-oyster-connect\/","url":"https:\/\/ten-haaft.com\/fr\/mises-a-jour-oyster-connect\/","name":"Mises \u00e0 jour Oyster\u00ae Connect - ten-haaft","isPartOf":{"@id":"https:\/\/ten-haaft.com\/fr\/#website"},"datePublished":"2022-08-09T09:32:23+00:00","dateModified":"2025-04-14T08:19:11+00:00","description":"Assurez-vous que votre antenne satellite ten-Haaft est toujours \u00e0 jour. Vous trouverez ici des informations sur la mise \u00e0 jour du logiciel de votre \u00e9quipement.","breadcrumb":{"@id":"https:\/\/ten-haaft.com\/fr\/mises-a-jour-oyster-connect\/#breadcrumb"},"inLanguage":"fr-FR","potentialAction":[{"@type":"ReadAction","target":["https:\/\/ten-haaft.com\/fr\/mises-a-jour-oyster-connect\/"]}]},{"@type":"BreadcrumbList","@id":"https:\/\/ten-haaft.com\/fr\/mises-a-jour-oyster-connect\/#breadcrumb","itemListElement":[{"@type":"ListItem","position":1,"name":"Startseite","item":"https:\/\/ten-haaft.com\/fr\/"},{"@type":"ListItem","position":2,"name":"Mises \u00e0 jour Oyster\u00ae Connect"}]},{"@type":"WebSite","@id":"https:\/\/ten-haaft.com\/fr\/#website","url":"https:\/\/ten-haaft.com\/fr\/","name":"ten-haaft","description":"","potentialAction":[{"@type":"SearchAction","target":{"@type":"EntryPoint","urlTemplate":"https:\/\/ten-haaft.com\/fr\/?s={search_term_string}"},"query-input":{"@type":"PropertyValueSpecification","valueRequired":true,"valueName":"search_term_string"}}],"inLanguage":"fr-FR"}]}},"_links":{"self":[{"href":"https:\/\/ten-haaft.com\/fr\/wp-json\/wp\/v2\/pages\/5712","targetHints":{"allow":["GET"]}}],"collection":[{"href":"https:\/\/ten-haaft.com\/fr\/wp-json\/wp\/v2\/pages"}],"about":[{"href":"https:\/\/ten-haaft.com\/fr\/wp-json\/wp\/v2\/types\/page"}],"author":[{"embeddable":true,"href":"https:\/\/ten-haaft.com\/fr\/wp-json\/wp\/v2\/users\/8"}],"replies":[{"embeddable":true,"href":"https:\/\/ten-haaft.com\/fr\/wp-json\/wp\/v2\/comments?post=5712"}],"version-history":[{"count":13,"href":"https:\/\/ten-haaft.com\/fr\/wp-json\/wp\/v2\/pages\/5712\/revisions"}],"predecessor-version":[{"id":18043,"href":"https:\/\/ten-haaft.com\/fr\/wp-json\/wp\/v2\/pages\/5712\/revisions\/18043"}],"wp:attachment":[{"href":"https:\/\/ten-haaft.com\/fr\/wp-json\/wp\/v2\/media?parent=5712"}],"curies":[{"name":"wp","href":"https:\/\/api.w.org\/{rel}","templated":true}]}}