{"id":6006,"date":"2022-08-15T09:24:17","date_gmt":"2022-08-15T07:24:17","guid":{"rendered":"https:\/\/ten-haaft.com\/?page_id=6006"},"modified":"2025-04-07T10:08:31","modified_gmt":"2025-04-07T08:08:31","slug":"mises-a-jour-soundbar","status":"publish","type":"page","link":"https:\/\/ten-haaft.com\/fr\/mises-a-jour-soundbar\/","title":{"rendered":"Mises \u00e0 jour Soundbar"},"content":{"rendered":"<p>[et_pb_section fb_built=\u00a0\u00bb1&Prime; custom_padding_last_edited=\u00a0\u00bbon|phone\u00a0\u00bb _builder_version=\u00a0\u00bb4.18.0&Prime; _module_preset=\u00a0\u00bbdefault\u00a0\u00bb background_enable_image=\u00a0\u00bboff\u00a0\u00bb custom_padding_tablet=\u00a0\u00bb\u00a0\u00bb custom_padding_phone=\u00a0\u00bb||0px||false|false\u00a0\u00bb global_colors_info=\u00a0\u00bb{}\u00a0\u00bb][et_pb_row _builder_version=\u00a0\u00bb4.17.3&Prime; _module_preset=\u00a0\u00bbdefault\u00a0\u00bb global_colors_info=\u00a0\u00bb{}\u00a0\u00bb][et_pb_column type=\u00a0\u00bb4_4&Prime; _builder_version=\u00a0\u00bb4.17.3&Prime; _module_preset=\u00a0\u00bbdefault\u00a0\u00bb global_colors_info=\u00a0\u00bb{}\u00a0\u00bb][et_pb_text _builder_version=\u00a0\u00bb4.18.0&Prime; _module_preset=\u00a0\u00bbdefault\u00a0\u00bb text_text_color=\u00a0\u00bb#000000&Prime; header_font=\u00a0\u00bb|||on|||||\u00a0\u00bb header_text_color=\u00a0\u00bb#213A8F\u00a0\u00bb header_font_size=\u00a0\u00bb60px\u00a0\u00bb header_2_font=\u00a0\u00bb||||||||\u00a0\u00bb header_2_text_color=\u00a0\u00bb#213A8F\u00a0\u00bb header_2_font_size=\u00a0\u00bb46px\u00a0\u00bb header_4_font=\u00a0\u00bb|||on|||||\u00a0\u00bb header_4_font_size=\u00a0\u00bb16px\u00a0\u00bb custom_margin=\u00a0\u00bb||0px||false|false\u00a0\u00bb header_font_size_tablet=\u00a0\u00bb46px\u00a0\u00bb header_font_size_phone=\u00a0\u00bb32px\u00a0\u00bb header_font_size_last_edited=\u00a0\u00bbon|phone\u00a0\u00bb header_2_font_size_tablet=\u00a0\u00bb46px\u00a0\u00bb header_2_font_size_phone=\u00a0\u00bb32px\u00a0\u00bb header_2_font_size_last_edited=\u00a0\u00bbon|phone\u00a0\u00bb global_colors_info=\u00a0\u00bb{}\u00a0\u00bb]<\/p>\n<h1 style=\"text-align: center;\">Mises \u00e0 jour Soundbar<\/h1>\n<p>[\/et_pb_text][\/et_pb_column][\/et_pb_row][\/et_pb_section][et_pb_section fb_built=\u00a0\u00bb1&Prime; custom_padding_last_edited=\u00a0\u00bbon|phone\u00a0\u00bb disabled_on=\u00a0\u00bboff|off|off\u00a0\u00bb admin_label=\u00a0\u00bbVision Variante\u00a0\u00bb module_class=\u00a0\u00bbvision active\u00a0\u00bb _builder_version=\u00a0\u00bb4.18.0&Prime; _module_preset=\u00a0\u00bbdefault\u00a0\u00bb background_enable_image=\u00a0\u00bboff\u00a0\u00bb custom_padding=\u00a0\u00bb||||false|false\u00a0\u00bb custom_padding_tablet=\u00a0\u00bb\u00a0\u00bb custom_padding_phone=\u00a0\u00bb0px||||false|false\u00a0\u00bb collapsed=\u00a0\u00bbon\u00a0\u00bb global_colors_info=\u00a0\u00bb{}\u00a0\u00bb][et_pb_row _builder_version=\u00a0\u00bb4.17.3&Prime; _module_preset=\u00a0\u00bbdefault\u00a0\u00bb global_colors_info=\u00a0\u00bb{}\u00a0\u00bb][et_pb_column type=\u00a0\u00bb4_4&Prime; _builder_version=\u00a0\u00bb4.17.3&Prime; _module_preset=\u00a0\u00bbdefault\u00a0\u00bb global_colors_info=\u00a0\u00bb{}\u00a0\u00bb][et_pb_text _builder_version=\u00a0\u00bb4.17.3&Prime; _module_preset=\u00a0\u00bbdefault\u00a0\u00bb header_2_font=\u00a0\u00bb||||||||\u00a0\u00bb header_2_text_color=\u00a0\u00bb#213A8F\u00a0\u00bb header_2_font_size=\u00a0\u00bb46px\u00a0\u00bb custom_margin=\u00a0\u00bb||0px||false|false\u00a0\u00bb custom_padding=\u00a0\u00bb||0px||false|false\u00a0\u00bb header_2_font_size_tablet=\u00a0\u00bb46px\u00a0\u00bb header_2_font_size_phone=\u00a0\u00bb32px\u00a0\u00bb header_2_font_size_last_edited=\u00a0\u00bbon|phone\u00a0\u00bb global_colors_info=\u00a0\u00bb{}\u00a0\u00bb]<\/p>\n<h2 class=\"panel-title\">Oyster\u00ae Soundbar<\/h2>\n<p>[\/et_pb_text][et_pb_divider color=\u00a0\u00bb#213A8F\u00a0\u00bb divider_weight=\u00a0\u00bb3px\u00a0\u00bb _builder_version=\u00a0\u00bb4.17.3&Prime; _module_preset=\u00a0\u00bbdefault\u00a0\u00bb width=\u00a0\u00bb15%\u00a0\u00bb custom_margin=\u00a0\u00bb15px||15px||true|false\u00a0\u00bb custom_padding=\u00a0\u00bb||||false|false\u00a0\u00bb global_colors_info=\u00a0\u00bb{}\u00a0\u00bb][\/et_pb_divider][et_pb_text _builder_version=\u00a0\u00bb4.18.0&Prime; _module_preset=\u00a0\u00bbdefault\u00a0\u00bb global_colors_info=\u00a0\u00bb{}\u00a0\u00bb]<\/p>\n<p><strong><\/strong><strong>Conseil important\u00a0:<\/strong><br \/>Avant l\u2019installation de la mise \u00e0 jour du logiciel, veuillez lire attentivement le descriptif correspondant. Maintenant, veuillez suivre pr\u00e9cis\u00e9ment les instructions, sans quoi des probl\u00e8mes de fonctionnement du syst\u00e8me pourraient se produire.<\/p>\n<p>[\/et_pb_text][\/et_pb_column][\/et_pb_row][\/et_pb_section][et_pb_section fb_built=\u00a0\u00bb1&Prime; custom_padding_last_edited=\u00a0\u00bbon|phone\u00a0\u00bb disabled_on=\u00a0\u00bboff|off|off\u00a0\u00bb admin_label=\u00a0\u00bbPremium Variante\u00a0\u00bb module_class=\u00a0\u00bbpremium\u00a0\u00bb _builder_version=\u00a0\u00bb4.17.3&Prime; _module_preset=\u00a0\u00bbdefault\u00a0\u00bb background_enable_image=\u00a0\u00bboff\u00a0\u00bb custom_padding_tablet=\u00a0\u00bb\u00a0\u00bb custom_padding_phone=\u00a0\u00bb0px||||false|false\u00a0\u00bb border_color_all=\u00a0\u00bbRGBA(255,255,255,0)\u00a0\u00bb collapsed=\u00a0\u00bbon\u00a0\u00bb global_colors_info=\u00a0\u00bb{}\u00a0\u00bb][et_pb_row column_structure=\u00a0\u00bb3_5,2_5&Prime; _builder_version=\u00a0\u00bb4.17.3&Prime; _module_preset=\u00a0\u00bbdefault\u00a0\u00bb custom_margin=\u00a0\u00bb50px||50px||true|false\u00a0\u00bb border_color_all=\u00a0\u00bbRGBA(255,255,255,0)\u00a0\u00bb border_width_bottom=\u00a0\u00bb2px\u00a0\u00bb global_colors_info=\u00a0\u00bb{}\u00a0\u00bb custom_css_main_element_last_edited=\u00a0\u00bbon|desktop\u00a0\u00bb custom_css_main_element_phone=\u00a0\u00bb \u00a0\u00bb custom_css_main_element_tablet=\u00a0\u00bbdisplay: flex;||align-items: center;||justify-content: center;||\u00a0\u00bb][et_pb_column type=\u00a0\u00bb3_5&Prime; _builder_version=\u00a0\u00bb4.17.3&Prime; _module_preset=\u00a0\u00bbdefault\u00a0\u00bb global_colors_info=\u00a0\u00bb{}\u00a0\u00bb][et_pb_text _builder_version=\u00a0\u00bb4.17.3&Prime; _module_preset=\u00a0\u00bbdefault\u00a0\u00bb header_4_font=\u00a0\u00bb|||on|||||\u00a0\u00bb header_4_text_color=\u00a0\u00bb#000000&Prime; header_4_font_size=\u00a0\u00bb16px\u00a0\u00bb custom_margin=\u00a0\u00bb||1px|||\u00a0\u00bb custom_padding=\u00a0\u00bb0px|||||\u00a0\u00bb global_colors_info=\u00a0\u00bb{}\u00a0\u00bb]<\/p>\n<h3><span style=\"color: #000000;\">Oyster\u00ae Soundbar<\/span><\/h3>\n<p>[\/et_pb_text][et_pb_text _builder_version=\u00a0\u00bb4.18.0&Prime; _module_preset=\u00a0\u00bbdefault\u00a0\u00bb global_colors_info=\u00a0\u00bb{}\u00a0\u00bb]<\/p>\n<p style=\"text-align: left;\"><strong>Mises \u00e0 jour :<\/strong><\/p>\n<p><a href=\"https:\/\/update.ten-haaft.com\/Anleitung\/DE_Software_Update_Soundbar_SB19BT.pdf\" target=\"_blank\" rel=\"noopener\"><\/a><a href=\"https:\/\/update.ten-haaft.com\/Anleitung\/DE_Update_Soundbar_Flyer.pdf\" target=\"_blank\" rel=\"noopener\">T\u00e9l\u00e9chargement de la description de mise \u00e0 jour Soundbar<\/a><br \/><a href=\"https:\/\/update.ten-haaft.com\/Daten\/HT711.zip\" target=\"_blank\" rel=\"noopener\">Mise \u00e0 jour Soundbar SB19BT<\/a> (10.08.2022)<\/p>\n<p>&nbsp;<\/p>\n<p>[\/et_pb_text][\/et_pb_column][et_pb_column type=\u00a0\u00bb2_5&Prime; _builder_version=\u00a0\u00bb4.17.3&Prime; _module_preset=\u00a0\u00bbdefault\u00a0\u00bb global_colors_info=\u00a0\u00bb{}\u00a0\u00bb][et_pb_image src=\u00a0\u00bbhttps:\/\/ten-haaft.com\/wp-content\/uploads\/2022\/08\/soundbar_oyster-musik-avtex-box.png\u00a0\u00bb title_text=\u00a0\u00bbsoundbar_oyster-musik-avtex-box\u00a0\u00bb align=\u00a0\u00bbcenter\u00a0\u00bb _builder_version=\u00a0\u00bb4.27.4&Prime; _module_preset=\u00a0\u00bbdefault\u00a0\u00bb width=\u00a0\u00bb50%\u00a0\u00bb hover_enabled=\u00a0\u00bb0&Prime; global_colors_info=\u00a0\u00bb{}\u00a0\u00bb alt=\u00a0\u00bbOyster Soundbar\u00a0\u00bb sticky_enabled=\u00a0\u00bb0&Prime;][\/et_pb_image][et_pb_text _builder_version=\u00a0\u00bb4.17.3&Prime; _module_preset=\u00a0\u00bbdefault\u00a0\u00bb header_4_font=\u00a0\u00bb|||on|||||\u00a0\u00bb header_4_text_color=\u00a0\u00bb#000000&Prime; header_4_font_size=\u00a0\u00bb16px\u00a0\u00bb text_orientation=\u00a0\u00bbcenter\u00a0\u00bb custom_padding=\u00a0\u00bb0px|||||\u00a0\u00bb global_colors_info=\u00a0\u00bb{}\u00a0\u00bb]<strong>Oyster\u00ae Soundbar<\/strong>[\/et_pb_text][\/et_pb_column][\/et_pb_row][\/et_pb_section]<\/p>\n","protected":false},"excerpt":{"rendered":"<p>Mises \u00e0 jour SoundbarOyster\u00ae SoundbarConseil important\u00a0:Avant l\u2019installation de la mise \u00e0 jour du logiciel, veuillez lire attentivement le descriptif correspondant. Maintenant, veuillez suivre pr\u00e9cis\u00e9ment les instructions, sans quoi des probl\u00e8mes de fonctionnement du syst\u00e8me pourraient se produire.Oyster\u00ae SoundbarMises \u00e0 jour : T\u00e9l\u00e9chargement de la description de mise \u00e0 jour SoundbarMise \u00e0 jour Soundbar SB19BT (10.08.2022) &nbsp;Oyster\u00ae Soundbar<\/p>\n","protected":false},"author":8,"featured_media":0,"parent":0,"menu_order":0,"comment_status":"closed","ping_status":"closed","template":"","meta":{"_et_pb_use_builder":"on","_et_pb_old_content":"[et_pb_section fb_built=\"1\" custom_padding_last_edited=\"on|phone\" _builder_version=\"4.18.0\" _module_preset=\"default\" background_enable_image=\"off\" custom_padding_tablet=\"\" custom_padding_phone=\"||0px||false|false\" hover_enabled=\"0\" global_colors_info=\"{}\" sticky_enabled=\"0\"][et_pb_row _builder_version=\"4.17.3\" _module_preset=\"default\" global_colors_info=\"{}\"][et_pb_column type=\"4_4\" _builder_version=\"4.17.3\" _module_preset=\"default\" global_colors_info=\"{}\"][et_pb_text _builder_version=\"4.17.3\" _module_preset=\"default\" text_text_color=\"#000000\" header_font=\"|||on|||||\" header_text_color=\"#213A8F\" header_font_size=\"60px\" header_2_font=\"||||||||\" header_2_text_color=\"#213A8F\" header_2_font_size=\"46px\" header_4_font=\"|||on|||||\" header_4_font_size=\"16px\" custom_margin=\"||0px||false|false\" header_font_size_tablet=\"46px\" header_font_size_phone=\"32px\" header_font_size_last_edited=\"on|phone\" header_2_font_size_tablet=\"46px\" header_2_font_size_phone=\"32px\" header_2_font_size_last_edited=\"on|phone\" global_colors_info=\"{}\"]\n<h1 style=\"text-align: center;\">Soundbar Softwareupdates<\/h1>\n[\/et_pb_text][\/et_pb_column][\/et_pb_row][\/et_pb_section][et_pb_section fb_built=\"1\" custom_padding_last_edited=\"on|phone\" disabled_on=\"off|off|off\" admin_label=\"Vision Variante\" module_class=\"vision active\" _builder_version=\"4.18.0\" _module_preset=\"default\" background_enable_image=\"off\" custom_padding_tablet=\"\" custom_padding_phone=\"0px||||false|false\" hover_enabled=\"0\" collapsed=\"on\" global_colors_info=\"{}\" custom_padding=\"||||false|false\" sticky_enabled=\"0\"][et_pb_row _builder_version=\"4.17.3\" _module_preset=\"default\" global_colors_info=\"{}\"][et_pb_column type=\"4_4\" _builder_version=\"4.17.3\" _module_preset=\"default\" global_colors_info=\"{}\"][et_pb_text _builder_version=\"4.17.3\" _module_preset=\"default\" header_2_font=\"||||||||\" header_2_text_color=\"#213A8F\" header_2_font_size=\"46px\" custom_margin=\"||0px||false|false\" custom_padding=\"||0px||false|false\" header_2_font_size_tablet=\"46px\" header_2_font_size_phone=\"32px\" header_2_font_size_last_edited=\"on|phone\" global_colors_info=\"{}\"]\n<h2 class=\"panel-title\">Oyster\u00ae Soundbar<\/h2>\n[\/et_pb_text][et_pb_divider color=\"#213A8F\" divider_weight=\"3px\" _builder_version=\"4.17.3\" _module_preset=\"default\" width=\"15%\" custom_margin=\"15px||15px||true|false\" custom_padding=\"||||false|false\" global_colors_info=\"{}\"][\/et_pb_divider][et_pb_text _builder_version=\"4.17.3\" _module_preset=\"default\" global_colors_info=\"{}\"]\n\n<strong>Wichtiger Hinweis:<\/strong>\nLesen Sie bitte vor dem Aufspielen des Softwareupdates die jeweilige Beschreibung sorgf\u00e4ltig durch. Bitte folgen Sie nun genau den Anweisungen, da es sonst zu Funktionsst\u00f6rungen der Anlage kommen kann.\n\n[\/et_pb_text][\/et_pb_column][\/et_pb_row][\/et_pb_section][et_pb_section fb_built=\"1\" custom_padding_last_edited=\"on|phone\" disabled_on=\"off|off|off\" admin_label=\"Premium Variante\" module_class=\"premium\" _builder_version=\"4.17.3\" _module_preset=\"default\" background_enable_image=\"off\" custom_padding_tablet=\"\" custom_padding_phone=\"0px||||false|false\" border_color_all=\"RGBA(255,255,255,0)\" collapsed=\"on\" global_colors_info=\"{}\"][et_pb_row column_structure=\"3_5,2_5\" _builder_version=\"4.17.3\" _module_preset=\"default\" custom_margin=\"50px||50px||true|false\" border_color_all=\"RGBA(255,255,255,0)\" border_width_bottom=\"2px\" global_colors_info=\"{}\" custom_css_main_element_last_edited=\"on|desktop\" custom_css_main_element_phone=\" \" custom_css_main_element_tablet=\"display: flex;||align-items: center;||justify-content: center;||\"][et_pb_column type=\"3_5\" _builder_version=\"4.17.3\" _module_preset=\"default\" global_colors_info=\"{}\"][et_pb_text _builder_version=\"4.17.3\" _module_preset=\"default\" header_4_font=\"|||on|||||\" header_4_text_color=\"#000000\" header_4_font_size=\"16px\" custom_margin=\"||1px|||\" custom_padding=\"0px|||||\" global_colors_info=\"{}\"]\n<h3><span style=\"color: #000000;\">Oyster\u00ae Soundbar<\/span><\/h3>\n[\/et_pb_text][et_pb_text _builder_version=\"4.17.3\" _module_preset=\"default\" global_colors_info=\"{}\"]\n\n<strong>Update :<\/strong>\n\n<a href=\"https:\/\/update.ten-haaft.com\/Anleitung\/DE_Software_Update_Soundbar_SB19BT.pdf\" target=\"_blank\" rel=\"noopener\"><\/a><a href=\"https:\/\/update.ten-haaft.com\/Anleitung\/DE_Update_Soundbar_Flyer.pdf\" target=\"_blank\" rel=\"noopener\">Download der Updatebeschreibung f\u00fcr die Soundbar<\/a>\n<a href=\"https:\/\/update.ten-haaft.com\/Daten\/HT711.zip\" target=\"_blank\" rel=\"noopener\">Software Update Soundbar SB19BT<\/a> (10.08.2022)\n\n&nbsp;\n\n[\/et_pb_text][\/et_pb_column][et_pb_column type=\"2_5\" _builder_version=\"4.17.3\" _module_preset=\"default\" global_colors_info=\"{}\"][et_pb_image src=\"https:\/\/ten-haaft.com\/wp-content\/uploads\/2022\/08\/soundbar_oyster-musik-avtex-box.png\" title_text=\"soundbar_oyster-musik-avtex-box\" align=\"center\" _builder_version=\"4.17.3\" _module_preset=\"default\" width=\"50%\" global_colors_info=\"{}\"][\/et_pb_image][et_pb_text _builder_version=\"4.17.3\" _module_preset=\"default\" header_4_font=\"|||on|||||\" header_4_text_color=\"#000000\" header_4_font_size=\"16px\" text_orientation=\"center\" custom_padding=\"0px|||||\" global_colors_info=\"{}\"]\n\n<strong>Oyster\u00ae Soundbar<\/strong>\n\n[\/et_pb_text][\/et_pb_column][\/et_pb_row][\/et_pb_section]","_et_gb_content_width":"","footnotes":""},"class_list":["post-6006","page","type-page","status-publish","hentry"],"yoast_head":"<!-- This site is optimized with the Yoast SEO plugin v27.3 - https:\/\/yoast.com\/product\/yoast-seo-wordpress\/ -->\n<title>Mises \u00e0 jour Soundbar - ten-haaft<\/title>\n<meta name=\"description\" content=\"Assurez-vous que votre antenne satellite ten-Haaft est toujours \u00e0 jour. Vous trouverez ici des informations sur la mise \u00e0 jour du logiciel de votre \u00e9quipement.\" \/>\n<meta name=\"robots\" content=\"index, follow, max-snippet:-1, max-image-preview:large, max-video-preview:-1\" \/>\n<link rel=\"canonical\" href=\"https:\/\/ten-haaft.com\/fr\/mises-a-jour-soundbar\/\" \/>\n<meta property=\"og:locale\" content=\"fr_FR\" \/>\n<meta property=\"og:type\" content=\"article\" \/>\n<meta property=\"og:title\" content=\"Mises \u00e0 jour Soundbar - ten-haaft\" \/>\n<meta property=\"og:description\" content=\"Assurez-vous que votre antenne satellite ten-Haaft est toujours \u00e0 jour. Vous trouverez ici des informations sur la mise \u00e0 jour du logiciel de votre \u00e9quipement.\" \/>\n<meta property=\"og:url\" content=\"https:\/\/ten-haaft.com\/fr\/mises-a-jour-soundbar\/\" \/>\n<meta property=\"og:site_name\" content=\"ten-haaft\" \/>\n<meta property=\"article:modified_time\" content=\"2025-04-07T08:08:31+00:00\" \/>\n<meta name=\"twitter:card\" content=\"summary_large_image\" \/>\n<meta name=\"twitter:label1\" content=\"Dur\u00e9e de lecture estim\u00e9e\" \/>\n\t<meta name=\"twitter:data1\" content=\"2 minutes\" \/>\n<script type=\"application\/ld+json\" class=\"yoast-schema-graph\">{\"@context\":\"https:\\\/\\\/schema.org\",\"@graph\":[{\"@type\":\"WebPage\",\"@id\":\"https:\\\/\\\/ten-haaft.com\\\/fr\\\/mises-a-jour-soundbar\\\/\",\"url\":\"https:\\\/\\\/ten-haaft.com\\\/fr\\\/mises-a-jour-soundbar\\\/\",\"name\":\"Mises \u00e0 jour Soundbar - ten-haaft\",\"isPartOf\":{\"@id\":\"https:\\\/\\\/ten-haaft.com\\\/fr\\\/#website\"},\"datePublished\":\"2022-08-15T07:24:17+00:00\",\"dateModified\":\"2025-04-07T08:08:31+00:00\",\"description\":\"Assurez-vous que votre antenne satellite ten-Haaft est toujours \u00e0 jour. Vous trouverez ici des informations sur la mise \u00e0 jour du logiciel de votre \u00e9quipement.\",\"breadcrumb\":{\"@id\":\"https:\\\/\\\/ten-haaft.com\\\/fr\\\/mises-a-jour-soundbar\\\/#breadcrumb\"},\"inLanguage\":\"fr-FR\",\"potentialAction\":[{\"@type\":\"ReadAction\",\"target\":[\"https:\\\/\\\/ten-haaft.com\\\/fr\\\/mises-a-jour-soundbar\\\/\"]}]},{\"@type\":\"BreadcrumbList\",\"@id\":\"https:\\\/\\\/ten-haaft.com\\\/fr\\\/mises-a-jour-soundbar\\\/#breadcrumb\",\"itemListElement\":[{\"@type\":\"ListItem\",\"position\":1,\"name\":\"Startseite\",\"item\":\"https:\\\/\\\/ten-haaft.com\\\/fr\\\/\"},{\"@type\":\"ListItem\",\"position\":2,\"name\":\"Mises \u00e0 jour Soundbar\"}]},{\"@type\":\"WebSite\",\"@id\":\"https:\\\/\\\/ten-haaft.com\\\/fr\\\/#website\",\"url\":\"https:\\\/\\\/ten-haaft.com\\\/fr\\\/\",\"name\":\"ten-haaft\",\"description\":\"\",\"potentialAction\":[{\"@type\":\"SearchAction\",\"target\":{\"@type\":\"EntryPoint\",\"urlTemplate\":\"https:\\\/\\\/ten-haaft.com\\\/fr\\\/?s={search_term_string}\"},\"query-input\":{\"@type\":\"PropertyValueSpecification\",\"valueRequired\":true,\"valueName\":\"search_term_string\"}}],\"inLanguage\":\"fr-FR\"}]}<\/script>\n<!-- \/ Yoast SEO plugin. -->","yoast_head_json":{"title":"Mises \u00e0 jour Soundbar - ten-haaft","description":"Assurez-vous que votre antenne satellite ten-Haaft est toujours \u00e0 jour. Vous trouverez ici des informations sur la mise \u00e0 jour du logiciel de votre \u00e9quipement.","robots":{"index":"index","follow":"follow","max-snippet":"max-snippet:-1","max-image-preview":"max-image-preview:large","max-video-preview":"max-video-preview:-1"},"canonical":"https:\/\/ten-haaft.com\/fr\/mises-a-jour-soundbar\/","og_locale":"fr_FR","og_type":"article","og_title":"Mises \u00e0 jour Soundbar - ten-haaft","og_description":"Assurez-vous que votre antenne satellite ten-Haaft est toujours \u00e0 jour. Vous trouverez ici des informations sur la mise \u00e0 jour du logiciel de votre \u00e9quipement.","og_url":"https:\/\/ten-haaft.com\/fr\/mises-a-jour-soundbar\/","og_site_name":"ten-haaft","article_modified_time":"2025-04-07T08:08:31+00:00","twitter_card":"summary_large_image","twitter_misc":{"Dur\u00e9e de lecture estim\u00e9e":"2 minutes"},"schema":{"@context":"https:\/\/schema.org","@graph":[{"@type":"WebPage","@id":"https:\/\/ten-haaft.com\/fr\/mises-a-jour-soundbar\/","url":"https:\/\/ten-haaft.com\/fr\/mises-a-jour-soundbar\/","name":"Mises \u00e0 jour Soundbar - ten-haaft","isPartOf":{"@id":"https:\/\/ten-haaft.com\/fr\/#website"},"datePublished":"2022-08-15T07:24:17+00:00","dateModified":"2025-04-07T08:08:31+00:00","description":"Assurez-vous que votre antenne satellite ten-Haaft est toujours \u00e0 jour. Vous trouverez ici des informations sur la mise \u00e0 jour du logiciel de votre \u00e9quipement.","breadcrumb":{"@id":"https:\/\/ten-haaft.com\/fr\/mises-a-jour-soundbar\/#breadcrumb"},"inLanguage":"fr-FR","potentialAction":[{"@type":"ReadAction","target":["https:\/\/ten-haaft.com\/fr\/mises-a-jour-soundbar\/"]}]},{"@type":"BreadcrumbList","@id":"https:\/\/ten-haaft.com\/fr\/mises-a-jour-soundbar\/#breadcrumb","itemListElement":[{"@type":"ListItem","position":1,"name":"Startseite","item":"https:\/\/ten-haaft.com\/fr\/"},{"@type":"ListItem","position":2,"name":"Mises \u00e0 jour Soundbar"}]},{"@type":"WebSite","@id":"https:\/\/ten-haaft.com\/fr\/#website","url":"https:\/\/ten-haaft.com\/fr\/","name":"ten-haaft","description":"","potentialAction":[{"@type":"SearchAction","target":{"@type":"EntryPoint","urlTemplate":"https:\/\/ten-haaft.com\/fr\/?s={search_term_string}"},"query-input":{"@type":"PropertyValueSpecification","valueRequired":true,"valueName":"search_term_string"}}],"inLanguage":"fr-FR"}]}},"_links":{"self":[{"href":"https:\/\/ten-haaft.com\/fr\/wp-json\/wp\/v2\/pages\/6006","targetHints":{"allow":["GET"]}}],"collection":[{"href":"https:\/\/ten-haaft.com\/fr\/wp-json\/wp\/v2\/pages"}],"about":[{"href":"https:\/\/ten-haaft.com\/fr\/wp-json\/wp\/v2\/types\/page"}],"author":[{"embeddable":true,"href":"https:\/\/ten-haaft.com\/fr\/wp-json\/wp\/v2\/users\/8"}],"replies":[{"embeddable":true,"href":"https:\/\/ten-haaft.com\/fr\/wp-json\/wp\/v2\/comments?post=6006"}],"version-history":[{"count":6,"href":"https:\/\/ten-haaft.com\/fr\/wp-json\/wp\/v2\/pages\/6006\/revisions"}],"predecessor-version":[{"id":17976,"href":"https:\/\/ten-haaft.com\/fr\/wp-json\/wp\/v2\/pages\/6006\/revisions\/17976"}],"wp:attachment":[{"href":"https:\/\/ten-haaft.com\/fr\/wp-json\/wp\/v2\/media?parent=6006"}],"curies":[{"name":"wp","href":"https:\/\/api.w.org\/{rel}","templated":true}]}}