{"id":6632,"date":"2022-07-05T10:09:39","date_gmt":"2022-07-05T08:09:39","guid":{"rendered":"https:\/\/ten-haaft.com\/?page_id=6632"},"modified":"2024-06-27T10:32:04","modified_gmt":"2024-06-27T08:32:04","slug":"recherche-de-concessionnaires","status":"publish","type":"page","link":"https:\/\/ten-haaft.com\/fr\/recherche-de-concessionnaires\/","title":{"rendered":"Recherche de concessionnaires"},"content":{"rendered":"<p>[et_pb_section fb_built=\u00a0\u00bb1&Prime; _builder_version=\u00a0\u00bb4.17.3&Prime; _module_preset=\u00a0\u00bbdefault\u00a0\u00bb global_colors_info=\u00a0\u00bb{}\u00a0\u00bb][et_pb_row _builder_version=\u00a0\u00bb4.17.3&Prime; _module_preset=\u00a0\u00bbdefault\u00a0\u00bb custom_margin=\u00a0\u00bb||0px||false|false\u00a0\u00bb custom_padding=\u00a0\u00bb||0px||false|false\u00a0\u00bb global_colors_info=\u00a0\u00bb{}\u00a0\u00bb][et_pb_column type=\u00a0\u00bb4_4&Prime; _builder_version=\u00a0\u00bb4.17.3&Prime; _module_preset=\u00a0\u00bbdefault\u00a0\u00bb global_colors_info=\u00a0\u00bb{}\u00a0\u00bb][et_pb_text _builder_version=\u00a0\u00bb4.18.0&Prime; _module_preset=\u00a0\u00bbdefault\u00a0\u00bb text_text_color=\u00a0\u00bb#000000&Prime; header_font=\u00a0\u00bb|||on|||||\u00a0\u00bb header_text_color=\u00a0\u00bb#213A8F\u00a0\u00bb header_font_size=\u00a0\u00bb60px\u00a0\u00bb header_2_font=\u00a0\u00bb||||||||\u00a0\u00bb header_2_text_color=\u00a0\u00bb#213A8F\u00a0\u00bb header_2_font_size=\u00a0\u00bb46px\u00a0\u00bb header_4_font=\u00a0\u00bb|||on|||||\u00a0\u00bb header_4_font_size=\u00a0\u00bb16px\u00a0\u00bb custom_margin=\u00a0\u00bb||0px||false|false\u00a0\u00bb header_font_size_tablet=\u00a0\u00bb46px\u00a0\u00bb header_font_size_phone=\u00a0\u00bb32px\u00a0\u00bb header_font_size_last_edited=\u00a0\u00bbon|phone\u00a0\u00bb header_2_font_size_tablet=\u00a0\u00bb46px\u00a0\u00bb header_2_font_size_phone=\u00a0\u00bb32px\u00a0\u00bb header_2_font_size_last_edited=\u00a0\u00bbon|phone\u00a0\u00bb global_colors_info=\u00a0\u00bb{}\u00a0\u00bb]<\/p>\n<h1 style=\"text-align: center;\">Recherche de concessionnaires<\/h1>\n<p>[\/et_pb_text][\/et_pb_column][\/et_pb_row][et_pb_row _builder_version=\u00a0\u00bb4.17.3&Prime; _module_preset=\u00a0\u00bbdefault\u00a0\u00bb global_colors_info=\u00a0\u00bb{}\u00a0\u00bb][et_pb_column type=\u00a0\u00bb4_4&Prime; _builder_version=\u00a0\u00bb4.17.3&Prime; _module_preset=\u00a0\u00bbdefault\u00a0\u00bb global_colors_info=\u00a0\u00bb{}\u00a0\u00bb][et_pb_text _builder_version=\u00a0\u00bb4.17.3&Prime; _module_preset=\u00a0\u00bbdefault\u00a0\u00bb global_colors_info=\u00a0\u00bb{}\u00a0\u00bb]<style>\r\n\t#wpsl-stores .wpsl-store-thumb {height:45px !important; width:45px !important;}\r\n\t#wpsl-stores, #wpsl-direction-details, #wpsl-gmap {height:550px !important;}\r\n\t#wpsl-gmap .wpsl-info-window {max-width:225px !important;}\r\n\t.wpsl-input label, #wpsl-radius label, #wpsl-category label {width:95px;}\r\n\t#wpsl-search-input  {width:179px;}\r\n<\/style>\r\n<div id=\"wpsl-wrap\">\r\n\t<div class=\"wpsl-search wpsl-clearfix wpsl-filter wpsl-checkboxes-enabled\">\r\n\t\t<div id=\"wpsl-search-wrap\">\r\n\t\t\t<form autocomplete=\"off\">\r\n\t\t\t<div class=\"wpsl-input\">\r\n\t\t\t\t<div><label for=\"wpsl-search-input\">Votre localisation<\/label><\/div>\r\n\t\t\t\t<input id=\"wpsl-search-input\" type=\"text\" value=\"\" name=\"wpsl-search-input\" placeholder=\"\" aria-required=\"true\" \/>\r\n\t\t\t<\/div>\r\n\t\t\t<div class=\"wpsl-select-wrap\">\r\n\t\t\t\t<div id=\"wpsl-radius\">\r\n\t\t\t\t\t<label for=\"wpsl-radius-dropdown\">Rayon de recherche<\/label>\r\n\t\t\t\t\t<select id=\"wpsl-radius-dropdown\" class=\"wpsl-dropdown\" name=\"wpsl-radius\">\r\n\t\t\t\t\t\t<option value=\"10\">10 km<\/option><option value=\"25\">25 km<\/option><option value=\"50\">50 km<\/option><option value=\"100\">100 km<\/option><option value=\"200\">200 km<\/option><option selected=\"selected\" value=\"500\">500 km<\/option>\r\n\t\t\t\t\t<\/select>\r\n\t\t\t\t<\/div>\r\n\t\t\t<\/div>\r\n<div id='custom_category_div'><span id='cat_headline'>Cat\u00e9gorie:<\/span><ul id=\"wpsl-checkbox-filter\" class=\"wpsl-checkbox-3-columns\"><li><label><input type=\"checkbox\" value=\"56\"  \/>Centre de service agr\u00e9\u00e9 &amp; vente<\/label><\/li><li><label><input type=\"checkbox\" value=\"55\"  \/>R\u00e9paration &amp; vente<\/label><\/li><li><label><input type=\"checkbox\" value=\"73\"  \/>tecklift<\/label><\/li><li><label><input type=\"checkbox\" value=\"53\"  \/>ten Haaft GmbH, Keltern<\/label><\/li><li><label><input type=\"checkbox\" value=\"54\"  \/>Vente<\/label><\/li><\/ul><\/div>\t\t\t\t<div id=\"wpsl-bedienteil\">\r\n\t\t\t\t\t<label for=\"wpsl-bedienteil-dropdown\">Boitier de commande disponibletes?<\/label>\r\n\t\t\t\t\t<select id=\"wpsl-bedienteil-dropdown\" class=\"wpsl-dropdown wpsl-custom-dropdown\" name=\"wpsl-bedienteil\">\r\n\t\t\t\t\t\t<option value='any'>peu importe<\/option>\t\t\t\t\t\t<option value='yes'>oui<\/option>\t\t\t\t\t<\/select>\r\n\t\t\t\t<\/div>\r\n\t\t\t\t<div class=\"wpsl-search-btn-wrap\"><input id=\"wpsl-search-btn\" type=\"submit\" value=\"Chercher\"><\/div>\r\n\t\t<\/form>\r\n\t\t<\/div>\r\n\t<\/div>\r\n\t<div id=\"wpsl-gmap\" class=\"wpsl-gmap-canvas\"><\/div>\r\n\t<div id=\"wpsl-result-list\">\r\n\t\t<div id=\"wpsl-stores\" >\r\n\t\t\t<ul><\/ul>\r\n\t\t<\/div>\r\n\t\t<div id=\"wpsl-direction-details\">\r\n\t\t\t<ul><\/ul>\r\n\t\t<\/div>\r\n\t<\/div>\r\n<\/div>\r\n[\/et_pb_text][\/et_pb_column][\/et_pb_row][et_pb_row column_structure=\u00a0\u00bb1_2,1_2&Prime; _builder_version=\u00a0\u00bb4.17.3&Prime; _module_preset=\u00a0\u00bbdefault\u00a0\u00bb global_colors_info=\u00a0\u00bb{}\u00a0\u00bb][et_pb_column type=\u00a0\u00bb1_2&Prime; _builder_version=\u00a0\u00bb4.17.3&Prime; _module_preset=\u00a0\u00bbdefault\u00a0\u00bb global_colors_info=\u00a0\u00bb{}\u00a0\u00bb][et_pb_text _builder_version=\u00a0\u00bb4.25.1&Prime; _module_preset=\u00a0\u00bbdefault\u00a0\u00bb text_text_color=\u00a0\u00bb#000000&Prime; hover_enabled=\u00a0\u00bb0&Prime; global_colors_info=\u00a0\u00bb{}\u00a0\u00bb sticky_enabled=\u00a0\u00bb0&Prime;]<\/p>\n<h3>Brochure des points de services<\/h3>\n<p>Notre brochure des points de services actuelle est \u00e0 votre disposition pour t\u00e9l\u00e9chargement ici :<br \/><a href=\"https:\/\/download.ten-haaft.com\/servicestellenheft_ten_haaft.pdf\" target=\"_blank\" rel=\"noopener noreferrer\">servicestellenheft_ten_haaft.pdf<\/a><span>\u00a0<\/span>\u2013 (Version: 05\/2024)<\/p>\n<p>[\/et_pb_text][\/et_pb_column][et_pb_column type=\u00a0\u00bb1_2&Prime; _builder_version=\u00a0\u00bb4.17.3&Prime; _module_preset=\u00a0\u00bbdefault\u00a0\u00bb global_colors_info=\u00a0\u00bb{}\u00a0\u00bb][\/et_pb_column][\/et_pb_row][\/et_pb_section]<\/p>\n","protected":false},"excerpt":{"rendered":"<p>Recherche de concessionnaires<style>\r\n\t#wpsl-stores .wpsl-store-thumb {height:45px !important; width:45px !important;}\r\n\t#wpsl-stores, #wpsl-direction-details, #wpsl-gmap {height:550px !important;}\r\n\t#wpsl-gmap .wpsl-info-window {max-width:225px !important;}\r\n\t.wpsl-input label, #wpsl-radius label, #wpsl-category label {width:95px;}\r\n\t#wpsl-search-input  {width:179px;}\r\n<\/style>\r\n<div id=\"wpsl-wrap\">\r\n\t<div class=\"wpsl-search wpsl-clearfix wpsl-filter wpsl-checkboxes-enabled\">\r\n\t\t<div id=\"wpsl-search-wrap\">\r\n\t\t\t<form autocomplete=\"off\">\r\n\t\t\t<div class=\"wpsl-input\">\r\n\t\t\t\t<div><label for=\"wpsl-search-input\">Votre localisation<\/label><\/div>\r\n\t\t\t\t<input id=\"wpsl-search-input\" type=\"text\" value=\"\" name=\"wpsl-search-input\" placeholder=\"\" aria-required=\"true\" \/>\r\n\t\t\t<\/div>\r\n\t\t\t<div class=\"wpsl-select-wrap\">\r\n\t\t\t\t<div id=\"wpsl-radius\">\r\n\t\t\t\t\t<label for=\"wpsl-radius-dropdown\">Rayon de recherche<\/label>\r\n\t\t\t\t\t<select id=\"wpsl-radius-dropdown\" class=\"wpsl-dropdown\" name=\"wpsl-radius\">\r\n\t\t\t\t\t\t<option value=\"10\">10 km<\/option><option value=\"25\">25 km<\/option><option value=\"50\">50 km<\/option><option value=\"100\">100 km<\/option><option value=\"200\">200 km<\/option><option selected=\"selected\" value=\"500\">500 km<\/option>\r\n\t\t\t\t\t<\/select>\r\n\t\t\t\t<\/div>\r\n\t\t\t<\/div>\r\n<div id='custom_category_div'><span id='cat_headline'>Cat\u00e9gorie:<\/span><ul id=\"wpsl-checkbox-filter\" class=\"wpsl-checkbox-3-columns\"><li><label><input type=\"checkbox\" value=\"56\"  \/>Centre de service agr\u00e9\u00e9 &amp; vente<\/label><\/li><li><label><input type=\"checkbox\" value=\"55\"  \/>R\u00e9paration &amp; vente<\/label><\/li><li><label><input type=\"checkbox\" value=\"73\"  \/>tecklift<\/label><\/li><li><label><input type=\"checkbox\" value=\"53\"  \/>ten Haaft GmbH, Keltern<\/label><\/li><li><label><input type=\"checkbox\" value=\"54\"  \/>Vente<\/label><\/li><\/ul><\/div>\t\t\t\t<div id=\"wpsl-bedienteil\">\r\n\t\t\t\t\t<label for=\"wpsl-bedienteil-dropdown\">Boitier de commande disponibletes?<\/label>\r\n\t\t\t\t\t<select id=\"wpsl-bedienteil-dropdown\" class=\"wpsl-dropdown wpsl-custom-dropdown\" name=\"wpsl-bedienteil\">\r\n\t\t\t\t\t\t<option value='any'>peu importe<\/option>\t\t\t\t\t\t<option value='yes'>oui<\/option>\t\t\t\t\t<\/select>\r\n\t\t\t\t<\/div>\r\n\t\t\t\t<div class=\"wpsl-search-btn-wrap\"><input id=\"wpsl-search-btn\" type=\"submit\" value=\"Chercher\"><\/div>\r\n\t\t<\/form>\r\n\t\t<\/div>\r\n\t<\/div>\r\n\t<div id=\"wpsl-gmap\" class=\"wpsl-gmap-canvas\"><\/div>\r\n\t<div id=\"wpsl-result-list\">\r\n\t\t<div id=\"wpsl-stores\" >\r\n\t\t\t<ul><\/ul>\r\n\t\t<\/div>\r\n\t\t<div id=\"wpsl-direction-details\">\r\n\t\t\t<ul><\/ul>\r\n\t\t<\/div>\r\n\t<\/div>\r\n<\/div>\r\nBrochure des points de services Notre brochure des points de services actuelle est \u00e0 votre disposition pour t\u00e9l\u00e9chargement ici :servicestellenheft_ten_haaft.pdf\u00a0\u2013 (Version: 05\/2024)<\/p>\n","protected":false},"author":8,"featured_media":0,"parent":0,"menu_order":0,"comment_status":"closed","ping_status":"closed","template":"","meta":{"_et_pb_use_builder":"on","_et_pb_old_content":"[et_pb_section fb_built=\"1\" _builder_version=\"4.17.3\" _module_preset=\"default\" global_colors_info=\"{}\"][et_pb_row _builder_version=\"4.17.3\" _module_preset=\"default\" custom_margin=\"||0px||false|false\" custom_padding=\"||0px||false|false\" global_colors_info=\"{}\"][et_pb_column type=\"4_4\" _builder_version=\"4.17.3\" _module_preset=\"default\" global_colors_info=\"{}\"][et_pb_text _builder_version=\"4.17.3\" _module_preset=\"default\" text_text_color=\"#000000\" header_font=\"|||on|||||\" header_text_color=\"#213A8F\" header_font_size=\"60px\" header_2_font=\"||||||||\" header_2_text_color=\"#213A8F\" header_2_font_size=\"46px\" header_4_font=\"|||on|||||\" header_4_font_size=\"16px\" custom_margin=\"||0px||false|false\" header_font_size_tablet=\"46px\" header_font_size_phone=\"32px\" header_font_size_last_edited=\"on|phone\" header_2_font_size_tablet=\"46px\" header_2_font_size_phone=\"32px\" header_2_font_size_last_edited=\"on|phone\" global_colors_info=\"{}\"]\n<h1 style=\"text-align: center;\">H\u00e4ndlersuche<\/h1>\n[\/et_pb_text][\/et_pb_column][\/et_pb_row][et_pb_row _builder_version=\"4.17.3\" _module_preset=\"default\" global_colors_info=\"{}\"][et_pb_column type=\"4_4\" _builder_version=\"4.17.3\" _module_preset=\"default\" global_colors_info=\"{}\"][et_pb_text _builder_version=\"4.17.3\" _module_preset=\"default\" global_colors_info=\"{}\"]\n\n[wpsl template=\"custom\" map_type=\"roadmap\" auto_locate=\"true\" start_marker=\"red\" store_marker=\"blue\" category_filter_type=\"checkbox\"]\n\n[\/et_pb_text][\/et_pb_column][\/et_pb_row][et_pb_row column_structure=\"1_2,1_2\" _builder_version=\"4.17.3\" _module_preset=\"default\" global_colors_info=\"{}\"][et_pb_column type=\"1_2\" _builder_version=\"4.17.3\" _module_preset=\"default\" global_colors_info=\"{}\"][et_pb_text _builder_version=\"4.17.3\" _module_preset=\"default\" text_text_color=\"#000000\" global_colors_info=\"{}\"]\n<h3>Servicestellenheft<\/h3>\nUnser aktuelles Servicestellenheft steht Ihnen hier zum Download zur Verf\u00fcgung:\n<a href=\"https:\/\/download.ten-haaft.com\/servicestellenheft_ten_haaft.pdf\" target=\"_blank\" rel=\"noopener noreferrer\">servicestellenheft_ten_haaft.pdf<\/a><span>&nbsp;<\/span>\u2013 (Stand: 03\/2022)\n\n[\/et_pb_text][\/et_pb_column][et_pb_column type=\"1_2\" _builder_version=\"4.17.3\" _module_preset=\"default\" global_colors_info=\"{}\"][\/et_pb_column][\/et_pb_row][\/et_pb_section]","_et_gb_content_width":"","footnotes":""},"class_list":["post-6632","page","type-page","status-publish","hentry"],"yoast_head":"<!-- This site is optimized with the Yoast SEO plugin v27.3 - https:\/\/yoast.com\/product\/yoast-seo-wordpress\/ -->\n<title>Recherche de concessionnaires - ten-haaft<\/title>\n<meta name=\"description\" content=\"Vous souhaitez d\u00e9couvrir l&#039;un de nos produits sur place ? Cliquez ici pour savoir o\u00f9 se trouve le concessionnaire le plus proche de chez vous.\" \/>\n<meta name=\"robots\" content=\"index, follow, max-snippet:-1, max-image-preview:large, max-video-preview:-1\" \/>\n<link rel=\"canonical\" href=\"https:\/\/ten-haaft.com\/fr\/recherche-de-concessionnaires\/\" \/>\n<meta property=\"og:locale\" content=\"fr_FR\" \/>\n<meta property=\"og:type\" content=\"article\" \/>\n<meta property=\"og:title\" content=\"Recherche de concessionnaires - ten-haaft\" \/>\n<meta property=\"og:description\" content=\"Vous souhaitez d\u00e9couvrir l&#039;un de nos produits sur place ? Cliquez ici pour savoir o\u00f9 se trouve le concessionnaire le plus proche de chez vous.\" \/>\n<meta property=\"og:url\" content=\"https:\/\/ten-haaft.com\/fr\/recherche-de-concessionnaires\/\" \/>\n<meta property=\"og:site_name\" content=\"ten-haaft\" \/>\n<meta property=\"article:modified_time\" content=\"2024-06-27T08:32:04+00:00\" \/>\n<meta name=\"twitter:card\" content=\"summary_large_image\" \/>\n<meta name=\"twitter:label1\" content=\"Dur\u00e9e de lecture estim\u00e9e\" \/>\n\t<meta name=\"twitter:data1\" content=\"1 minute\" \/>\n<script type=\"application\/ld+json\" class=\"yoast-schema-graph\">{\"@context\":\"https:\\\/\\\/schema.org\",\"@graph\":[{\"@type\":\"WebPage\",\"@id\":\"https:\\\/\\\/ten-haaft.com\\\/fr\\\/recherche-de-concessionnaires\\\/\",\"url\":\"https:\\\/\\\/ten-haaft.com\\\/fr\\\/recherche-de-concessionnaires\\\/\",\"name\":\"Recherche de concessionnaires - ten-haaft\",\"isPartOf\":{\"@id\":\"https:\\\/\\\/ten-haaft.com\\\/fr\\\/#website\"},\"datePublished\":\"2022-07-05T08:09:39+00:00\",\"dateModified\":\"2024-06-27T08:32:04+00:00\",\"description\":\"Vous souhaitez d\u00e9couvrir l'un de nos produits sur place ? Cliquez ici pour savoir o\u00f9 se trouve le concessionnaire le plus proche de chez vous.\",\"breadcrumb\":{\"@id\":\"https:\\\/\\\/ten-haaft.com\\\/fr\\\/recherche-de-concessionnaires\\\/#breadcrumb\"},\"inLanguage\":\"fr-FR\",\"potentialAction\":[{\"@type\":\"ReadAction\",\"target\":[\"https:\\\/\\\/ten-haaft.com\\\/fr\\\/recherche-de-concessionnaires\\\/\"]}]},{\"@type\":\"BreadcrumbList\",\"@id\":\"https:\\\/\\\/ten-haaft.com\\\/fr\\\/recherche-de-concessionnaires\\\/#breadcrumb\",\"itemListElement\":[{\"@type\":\"ListItem\",\"position\":1,\"name\":\"Startseite\",\"item\":\"https:\\\/\\\/ten-haaft.com\\\/fr\\\/\"},{\"@type\":\"ListItem\",\"position\":2,\"name\":\"Recherche de concessionnaires\"}]},{\"@type\":\"WebSite\",\"@id\":\"https:\\\/\\\/ten-haaft.com\\\/fr\\\/#website\",\"url\":\"https:\\\/\\\/ten-haaft.com\\\/fr\\\/\",\"name\":\"ten-haaft\",\"description\":\"\",\"potentialAction\":[{\"@type\":\"SearchAction\",\"target\":{\"@type\":\"EntryPoint\",\"urlTemplate\":\"https:\\\/\\\/ten-haaft.com\\\/fr\\\/?s={search_term_string}\"},\"query-input\":{\"@type\":\"PropertyValueSpecification\",\"valueRequired\":true,\"valueName\":\"search_term_string\"}}],\"inLanguage\":\"fr-FR\"}]}<\/script>\n<!-- \/ Yoast SEO plugin. -->","yoast_head_json":{"title":"Recherche de concessionnaires - ten-haaft","description":"Vous souhaitez d\u00e9couvrir l'un de nos produits sur place ? Cliquez ici pour savoir o\u00f9 se trouve le concessionnaire le plus proche de chez vous.","robots":{"index":"index","follow":"follow","max-snippet":"max-snippet:-1","max-image-preview":"max-image-preview:large","max-video-preview":"max-video-preview:-1"},"canonical":"https:\/\/ten-haaft.com\/fr\/recherche-de-concessionnaires\/","og_locale":"fr_FR","og_type":"article","og_title":"Recherche de concessionnaires - ten-haaft","og_description":"Vous souhaitez d\u00e9couvrir l'un de nos produits sur place ? Cliquez ici pour savoir o\u00f9 se trouve le concessionnaire le plus proche de chez vous.","og_url":"https:\/\/ten-haaft.com\/fr\/recherche-de-concessionnaires\/","og_site_name":"ten-haaft","article_modified_time":"2024-06-27T08:32:04+00:00","twitter_card":"summary_large_image","twitter_misc":{"Dur\u00e9e de lecture estim\u00e9e":"1 minute"},"schema":{"@context":"https:\/\/schema.org","@graph":[{"@type":"WebPage","@id":"https:\/\/ten-haaft.com\/fr\/recherche-de-concessionnaires\/","url":"https:\/\/ten-haaft.com\/fr\/recherche-de-concessionnaires\/","name":"Recherche de concessionnaires - ten-haaft","isPartOf":{"@id":"https:\/\/ten-haaft.com\/fr\/#website"},"datePublished":"2022-07-05T08:09:39+00:00","dateModified":"2024-06-27T08:32:04+00:00","description":"Vous souhaitez d\u00e9couvrir l'un de nos produits sur place ? Cliquez ici pour savoir o\u00f9 se trouve le concessionnaire le plus proche de chez vous.","breadcrumb":{"@id":"https:\/\/ten-haaft.com\/fr\/recherche-de-concessionnaires\/#breadcrumb"},"inLanguage":"fr-FR","potentialAction":[{"@type":"ReadAction","target":["https:\/\/ten-haaft.com\/fr\/recherche-de-concessionnaires\/"]}]},{"@type":"BreadcrumbList","@id":"https:\/\/ten-haaft.com\/fr\/recherche-de-concessionnaires\/#breadcrumb","itemListElement":[{"@type":"ListItem","position":1,"name":"Startseite","item":"https:\/\/ten-haaft.com\/fr\/"},{"@type":"ListItem","position":2,"name":"Recherche de concessionnaires"}]},{"@type":"WebSite","@id":"https:\/\/ten-haaft.com\/fr\/#website","url":"https:\/\/ten-haaft.com\/fr\/","name":"ten-haaft","description":"","potentialAction":[{"@type":"SearchAction","target":{"@type":"EntryPoint","urlTemplate":"https:\/\/ten-haaft.com\/fr\/?s={search_term_string}"},"query-input":{"@type":"PropertyValueSpecification","valueRequired":true,"valueName":"search_term_string"}}],"inLanguage":"fr-FR"}]}},"_links":{"self":[{"href":"https:\/\/ten-haaft.com\/fr\/wp-json\/wp\/v2\/pages\/6632","targetHints":{"allow":["GET"]}}],"collection":[{"href":"https:\/\/ten-haaft.com\/fr\/wp-json\/wp\/v2\/pages"}],"about":[{"href":"https:\/\/ten-haaft.com\/fr\/wp-json\/wp\/v2\/types\/page"}],"author":[{"embeddable":true,"href":"https:\/\/ten-haaft.com\/fr\/wp-json\/wp\/v2\/users\/8"}],"replies":[{"embeddable":true,"href":"https:\/\/ten-haaft.com\/fr\/wp-json\/wp\/v2\/comments?post=6632"}],"version-history":[{"count":11,"href":"https:\/\/ten-haaft.com\/fr\/wp-json\/wp\/v2\/pages\/6632\/revisions"}],"predecessor-version":[{"id":16757,"href":"https:\/\/ten-haaft.com\/fr\/wp-json\/wp\/v2\/pages\/6632\/revisions\/16757"}],"wp:attachment":[{"href":"https:\/\/ten-haaft.com\/fr\/wp-json\/wp\/v2\/media?parent=6632"}],"curies":[{"name":"wp","href":"https:\/\/api.w.org\/{rel}","templated":true}]}}