{"id":9431,"date":"2023-01-23T11:19:50","date_gmt":"2023-01-23T10:19:50","guid":{"rendered":"https:\/\/ten-haaft.com\/?page_id=9431"},"modified":"2025-04-07T11:28:53","modified_gmt":"2025-04-07T09:28:53","slug":"oyster-70-montageanleitungen","status":"publish","type":"page","link":"https:\/\/ten-haaft.com\/fr\/oyster-70-montageanleitungen\/","title":{"rendered":"Oyster\u00ae 70 Montageanleitungen"},"content":{"rendered":"<p>[et_pb_section fb_built=\u00a0\u00bb1&Prime; custom_padding_last_edited=\u00a0\u00bbon|phone\u00a0\u00bb _builder_version=\u00a0\u00bb4.17.3&Prime; _module_preset=\u00a0\u00bbdefault\u00a0\u00bb background_enable_image=\u00a0\u00bboff\u00a0\u00bb custom_margin=\u00a0\u00bb||||false|false\u00a0\u00bb custom_padding=\u00a0\u00bb||0px||false|false\u00a0\u00bb custom_padding_tablet=\u00a0\u00bb\u00a0\u00bb custom_padding_phone=\u00a0\u00bb0px||||false|false\u00a0\u00bb global_colors_info=\u00a0\u00bb{}\u00a0\u00bb][et_pb_row _builder_version=\u00a0\u00bb4.17.3&Prime; _module_preset=\u00a0\u00bbdefault\u00a0\u00bb custom_margin=\u00a0\u00bb50px||||false|false\u00a0\u00bb global_colors_info=\u00a0\u00bb{}\u00a0\u00bb][et_pb_column type=\u00a0\u00bb4_4&Prime; _builder_version=\u00a0\u00bb4.17.3&Prime; _module_preset=\u00a0\u00bbdefault\u00a0\u00bb global_colors_info=\u00a0\u00bb{}\u00a0\u00bb][et_pb_text _builder_version=\u00a0\u00bb4.19.4&Prime; _module_preset=\u00a0\u00bbdefault\u00a0\u00bb header_4_font=\u00a0\u00bb|||on|||||\u00a0\u00bb header_4_text_color=\u00a0\u00bb#000000&Prime; header_4_font_size=\u00a0\u00bb16px\u00a0\u00bb custom_padding=\u00a0\u00bb0px|||||\u00a0\u00bb global_colors_info=\u00a0\u00bb{}\u00a0\u00bb]<\/p>\n<h4 style=\"text-align: center;\"><span style=\"color: #000;\"><strong>| <\/strong><\/span>Divertissement comme \u00e0 la maison\u2013 avec Oyster\u00ae<\/h4>\n<p>[\/et_pb_text][et_pb_text _builder_version=\u00a0\u00bb4.19.4&Prime; _module_preset=\u00a0\u00bbdefault\u00a0\u00bb text_text_color=\u00a0\u00bb#000000&Prime; header_font=\u00a0\u00bb|||on|||||\u00a0\u00bb header_text_color=\u00a0\u00bb#213A8F\u00a0\u00bb header_font_size=\u00a0\u00bb60px\u00a0\u00bb header_2_font=\u00a0\u00bb||||||||\u00a0\u00bb header_2_text_color=\u00a0\u00bb#213A8F\u00a0\u00bb header_2_font_size=\u00a0\u00bb46px\u00a0\u00bb header_4_font=\u00a0\u00bb|||on|||||\u00a0\u00bb header_4_font_size=\u00a0\u00bb16px\u00a0\u00bb custom_margin=\u00a0\u00bb||0px||false|false\u00a0\u00bb header_font_size_tablet=\u00a0\u00bb46px\u00a0\u00bb header_font_size_phone=\u00a0\u00bb24px\u00a0\u00bb header_font_size_last_edited=\u00a0\u00bbon|phone\u00a0\u00bb header_2_font_size_tablet=\u00a0\u00bb46px\u00a0\u00bb header_2_font_size_phone=\u00a0\u00bb32px\u00a0\u00bb header_2_font_size_last_edited=\u00a0\u00bbon|phone\u00a0\u00bb global_colors_info=\u00a0\u00bb{}\u00a0\u00bb]<\/p>\n<h1 style=\"text-align: center;\">Manuel de montage Oyster\u00ae 70<\/h1>\n<p>[\/et_pb_text][et_pb_image src=\u00a0\u00bbhttps:\/\/ten-haaft.com\/wp-content\/uploads\/2023\/01\/mockup-oyster_70-ten_haaft-satellitenanlage-montage.jpg\u00a0\u00bb title_text=\u00a0\u00bbmockup-oyster_70-ten_haaft-satellitenanlage-montage\u00a0\u00bb _builder_version=\u00a0\u00bb4.27.4&Prime; _module_preset=\u00a0\u00bbdefault\u00a0\u00bb width=\u00a0\u00bb50%\u00a0\u00bb module_alignment=\u00a0\u00bbcenter\u00a0\u00bb hover_enabled=\u00a0\u00bb0&Prime; global_colors_info=\u00a0\u00bb{}\u00a0\u00bb alt=\u00a0\u00bbMockup Manuel de Montage Oyster 70&Prime; sticky_enabled=\u00a0\u00bb0&Prime;][\/et_pb_image][\/et_pb_column][\/et_pb_row][\/et_pb_section][et_pb_section fb_built=\u00a0\u00bb1&Prime; _builder_version=\u00a0\u00bb4.17.3&Prime; _module_preset=\u00a0\u00bbdefault\u00a0\u00bb custom_padding=\u00a0\u00bb20px||||false|false\u00a0\u00bb global_colors_info=\u00a0\u00bb{}\u00a0\u00bb][et_pb_row use_custom_gutter=\u00a0\u00bbon\u00a0\u00bb _builder_version=\u00a0\u00bb4.17.3&Prime; _module_preset=\u00a0\u00bbdefault\u00a0\u00bb global_colors_info=\u00a0\u00bb{}\u00a0\u00bb][et_pb_column type=\u00a0\u00bb4_4&Prime; _builder_version=\u00a0\u00bb4.17.3&Prime; _module_preset=\u00a0\u00bbdefault\u00a0\u00bb global_colors_info=\u00a0\u00bb{}\u00a0\u00bb][et_pb_toggle title=\u00a0\u00bbAllemagne \/ Autriche \/ Suisse\u00a0\u00bb open_toggle_text_color=\u00a0\u00bb#213A8F\u00a0\u00bb closed_toggle_background_color=\u00a0\u00bb#FFFFFF\u00a0\u00bb icon_color=\u00a0\u00bb#213A8F\u00a0\u00bb open_icon_color=\u00a0\u00bb#213A8F\u00a0\u00bb admin_label=\u00a0\u00bbUmschalter\u00a0\u00bb _builder_version=\u00a0\u00bb4.19.4&Prime; _module_preset=\u00a0\u00bbdefault\u00a0\u00bb title_text_color=\u00a0\u00bb#213A8F\u00a0\u00bb custom_margin=\u00a0\u00bb||-2px||false|false\u00a0\u00bb border_width_all=\u00a0\u00bb2px\u00a0\u00bb border_color_all=\u00a0\u00bb#213A8F\u00a0\u00bb global_colors_info=\u00a0\u00bb{}\u00a0\u00bb]<\/p>\n<p><strong>Instructions d\u2019utilisation et de montage<\/strong><br \/><a href=\"https:\/\/download.ten-haaft.com\/BA_Anleitung\/BA_deutsch\/DE_EN_FR_BA_MA_Oyster_70_3.150.0602.pdf\" target=\"_blank\" rel=\"noopener noreferrer\">BA_MA_Oyster_70 <\/a>\u2013 (version: 01\/2023)<\/p>\n<p>[\/et_pb_toggle][et_pb_toggle title=\u00a0\u00bbFrance\u00a0\u00bb open_toggle_text_color=\u00a0\u00bb#213A8F\u00a0\u00bb closed_toggle_background_color=\u00a0\u00bb#FFFFFF\u00a0\u00bb icon_color=\u00a0\u00bb#213A8F\u00a0\u00bb open_icon_color=\u00a0\u00bb#213A8F\u00a0\u00bb admin_label=\u00a0\u00bbUmschalter\u00a0\u00bb _builder_version=\u00a0\u00bb4.19.4&Prime; _module_preset=\u00a0\u00bbdefault\u00a0\u00bb title_text_color=\u00a0\u00bb#213A8F\u00a0\u00bb custom_margin=\u00a0\u00bb||-2px||false|false\u00a0\u00bb border_width_all=\u00a0\u00bb2px\u00a0\u00bb border_color_all=\u00a0\u00bb#213A8F\u00a0\u00bb global_colors_info=\u00a0\u00bb{}\u00a0\u00bb]<\/p>\n<div id=\"custom-collapse-1-1\" class=\"panel-collapse in\" style=\"height: auto;\">\n<div class=\"panel-body\"><strong><\/strong><strong><\/strong><strong>Instructions d\u2019utilisation et de montage<\/strong><br \/><a href=\"https:\/\/download.ten-haaft.com\/BA_Anleitung\/BA_deutsch\/DE_EN_FR_BA_MA_Oyster_70_3.150.0602.pdf\" target=\"_blank\" rel=\"noopener noreferrer\">BA_MA_Oyster_70 <\/a>\u2013 (version: 01\/2023)<\/div>\n<\/div>\n<p>[\/et_pb_toggle][et_pb_toggle title=\u00a0\u00bbGrande-Bretagne &#038; Irlande du Nord\u00a0\u00bb open_toggle_text_color=\u00a0\u00bb#213A8F\u00a0\u00bb closed_toggle_background_color=\u00a0\u00bb#FFFFFF\u00a0\u00bb icon_color=\u00a0\u00bb#213A8F\u00a0\u00bb open_icon_color=\u00a0\u00bb#213A8F\u00a0\u00bb admin_label=\u00a0\u00bbUmschalter\u00a0\u00bb _builder_version=\u00a0\u00bb4.19.4&Prime; _module_preset=\u00a0\u00bbdefault\u00a0\u00bb title_text_color=\u00a0\u00bb#213A8F\u00a0\u00bb custom_margin=\u00a0\u00bb||-2px||false|false\u00a0\u00bb border_width_all=\u00a0\u00bb2px\u00a0\u00bb border_color_all=\u00a0\u00bb#213A8F\u00a0\u00bb global_colors_info=\u00a0\u00bb{}\u00a0\u00bb]<\/p>\n<div id=\"custom-collapse-2-2\" class=\"panel-collapse in\" style=\"height: auto;\">\n<div class=\"panel-body\"><strong><\/strong><strong><\/strong><strong>Instructions d\u2019utilisation et de montage<\/strong><br \/><a href=\"https:\/\/download.ten-haaft.com\/BA_Anleitung\/BA_deutsch\/DE_EN_FR_BA_MA_Oyster_70_3.150.0602.pdf\" target=\"_blank\" rel=\"noopener noreferrer\">BA_MA_Oyster_70 <\/a>\u2013 (version: 01\/2023)<\/div>\n<\/div>\n<p>[\/et_pb_toggle][\/et_pb_column][\/et_pb_row][\/et_pb_section]<\/p>\n","protected":false},"excerpt":{"rendered":"<p>| Divertissement comme \u00e0 la maison\u2013 avec Oyster\u00aeManuel de montage Oyster\u00ae 70Instructions d\u2019utilisation et de montageBA_MA_Oyster_70 \u2013 (version: 01\/2023) Instructions d\u2019utilisation et de montageBA_MA_Oyster_70 \u2013 (version: 01\/2023) Instructions d\u2019utilisation et de montageBA_MA_Oyster_70 \u2013 (version: 01\/2023)<\/p>\n","protected":false},"author":8,"featured_media":0,"parent":0,"menu_order":0,"comment_status":"closed","ping_status":"closed","template":"","meta":{"_et_pb_use_builder":"on","_et_pb_old_content":"","_et_gb_content_width":"","footnotes":""},"class_list":["post-9431","page","type-page","status-publish","hentry"],"yoast_head":"<!-- This site is optimized with the Yoast SEO plugin v27.3 - https:\/\/yoast.com\/product\/yoast-seo-wordpress\/ -->\n<title>Oyster\u00ae 70 Montageanleitungen - ten-haaft<\/title>\n<meta name=\"description\" content=\"L\u00b4instruction de montage facilement \u00e0 t\u00e9l\u00e9charger dans le monde entier en 3 langues diff\u00e9rentes.\" \/>\n<meta name=\"robots\" content=\"index, follow, max-snippet:-1, max-image-preview:large, max-video-preview:-1\" \/>\n<link rel=\"canonical\" href=\"https:\/\/ten-haaft.com\/fr\/oyster-70-montageanleitungen\/\" \/>\n<meta property=\"og:locale\" content=\"fr_FR\" \/>\n<meta property=\"og:type\" content=\"article\" \/>\n<meta property=\"og:title\" content=\"Oyster\u00ae 70 Montageanleitungen - ten-haaft\" \/>\n<meta property=\"og:description\" content=\"L\u00b4instruction de montage facilement \u00e0 t\u00e9l\u00e9charger dans le monde entier en 3 langues diff\u00e9rentes.\" \/>\n<meta property=\"og:url\" content=\"https:\/\/ten-haaft.com\/fr\/oyster-70-montageanleitungen\/\" \/>\n<meta property=\"og:site_name\" content=\"ten-haaft\" \/>\n<meta property=\"article:modified_time\" content=\"2025-04-07T09:28:53+00:00\" \/>\n<meta name=\"twitter:card\" content=\"summary_large_image\" \/>\n<meta name=\"twitter:label1\" content=\"Dur\u00e9e de lecture estim\u00e9e\" \/>\n\t<meta name=\"twitter:data1\" content=\"1 minute\" \/>\n<script type=\"application\/ld+json\" class=\"yoast-schema-graph\">{\"@context\":\"https:\\\/\\\/schema.org\",\"@graph\":[{\"@type\":\"WebPage\",\"@id\":\"https:\\\/\\\/ten-haaft.com\\\/fr\\\/oyster-70-montageanleitungen\\\/\",\"url\":\"https:\\\/\\\/ten-haaft.com\\\/fr\\\/oyster-70-montageanleitungen\\\/\",\"name\":\"Oyster\u00ae 70 Montageanleitungen - ten-haaft\",\"isPartOf\":{\"@id\":\"https:\\\/\\\/ten-haaft.com\\\/fr\\\/#website\"},\"datePublished\":\"2023-01-23T10:19:50+00:00\",\"dateModified\":\"2025-04-07T09:28:53+00:00\",\"description\":\"L\u00b4instruction de montage facilement \u00e0 t\u00e9l\u00e9charger dans le monde entier en 3 langues diff\u00e9rentes.\",\"breadcrumb\":{\"@id\":\"https:\\\/\\\/ten-haaft.com\\\/fr\\\/oyster-70-montageanleitungen\\\/#breadcrumb\"},\"inLanguage\":\"fr-FR\",\"potentialAction\":[{\"@type\":\"ReadAction\",\"target\":[\"https:\\\/\\\/ten-haaft.com\\\/fr\\\/oyster-70-montageanleitungen\\\/\"]}]},{\"@type\":\"BreadcrumbList\",\"@id\":\"https:\\\/\\\/ten-haaft.com\\\/fr\\\/oyster-70-montageanleitungen\\\/#breadcrumb\",\"itemListElement\":[{\"@type\":\"ListItem\",\"position\":1,\"name\":\"Startseite\",\"item\":\"https:\\\/\\\/ten-haaft.com\\\/fr\\\/\"},{\"@type\":\"ListItem\",\"position\":2,\"name\":\"Oyster\u00ae 70 Montageanleitungen\"}]},{\"@type\":\"WebSite\",\"@id\":\"https:\\\/\\\/ten-haaft.com\\\/fr\\\/#website\",\"url\":\"https:\\\/\\\/ten-haaft.com\\\/fr\\\/\",\"name\":\"ten-haaft\",\"description\":\"\",\"potentialAction\":[{\"@type\":\"SearchAction\",\"target\":{\"@type\":\"EntryPoint\",\"urlTemplate\":\"https:\\\/\\\/ten-haaft.com\\\/fr\\\/?s={search_term_string}\"},\"query-input\":{\"@type\":\"PropertyValueSpecification\",\"valueRequired\":true,\"valueName\":\"search_term_string\"}}],\"inLanguage\":\"fr-FR\"}]}<\/script>\n<!-- \/ Yoast SEO plugin. -->","yoast_head_json":{"title":"Oyster\u00ae 70 Montageanleitungen - ten-haaft","description":"L\u00b4instruction de montage facilement \u00e0 t\u00e9l\u00e9charger dans le monde entier en 3 langues diff\u00e9rentes.","robots":{"index":"index","follow":"follow","max-snippet":"max-snippet:-1","max-image-preview":"max-image-preview:large","max-video-preview":"max-video-preview:-1"},"canonical":"https:\/\/ten-haaft.com\/fr\/oyster-70-montageanleitungen\/","og_locale":"fr_FR","og_type":"article","og_title":"Oyster\u00ae 70 Montageanleitungen - ten-haaft","og_description":"L\u00b4instruction de montage facilement \u00e0 t\u00e9l\u00e9charger dans le monde entier en 3 langues diff\u00e9rentes.","og_url":"https:\/\/ten-haaft.com\/fr\/oyster-70-montageanleitungen\/","og_site_name":"ten-haaft","article_modified_time":"2025-04-07T09:28:53+00:00","twitter_card":"summary_large_image","twitter_misc":{"Dur\u00e9e de lecture estim\u00e9e":"1 minute"},"schema":{"@context":"https:\/\/schema.org","@graph":[{"@type":"WebPage","@id":"https:\/\/ten-haaft.com\/fr\/oyster-70-montageanleitungen\/","url":"https:\/\/ten-haaft.com\/fr\/oyster-70-montageanleitungen\/","name":"Oyster\u00ae 70 Montageanleitungen - ten-haaft","isPartOf":{"@id":"https:\/\/ten-haaft.com\/fr\/#website"},"datePublished":"2023-01-23T10:19:50+00:00","dateModified":"2025-04-07T09:28:53+00:00","description":"L\u00b4instruction de montage facilement \u00e0 t\u00e9l\u00e9charger dans le monde entier en 3 langues diff\u00e9rentes.","breadcrumb":{"@id":"https:\/\/ten-haaft.com\/fr\/oyster-70-montageanleitungen\/#breadcrumb"},"inLanguage":"fr-FR","potentialAction":[{"@type":"ReadAction","target":["https:\/\/ten-haaft.com\/fr\/oyster-70-montageanleitungen\/"]}]},{"@type":"BreadcrumbList","@id":"https:\/\/ten-haaft.com\/fr\/oyster-70-montageanleitungen\/#breadcrumb","itemListElement":[{"@type":"ListItem","position":1,"name":"Startseite","item":"https:\/\/ten-haaft.com\/fr\/"},{"@type":"ListItem","position":2,"name":"Oyster\u00ae 70 Montageanleitungen"}]},{"@type":"WebSite","@id":"https:\/\/ten-haaft.com\/fr\/#website","url":"https:\/\/ten-haaft.com\/fr\/","name":"ten-haaft","description":"","potentialAction":[{"@type":"SearchAction","target":{"@type":"EntryPoint","urlTemplate":"https:\/\/ten-haaft.com\/fr\/?s={search_term_string}"},"query-input":{"@type":"PropertyValueSpecification","valueRequired":true,"valueName":"search_term_string"}}],"inLanguage":"fr-FR"}]}},"_links":{"self":[{"href":"https:\/\/ten-haaft.com\/fr\/wp-json\/wp\/v2\/pages\/9431","targetHints":{"allow":["GET"]}}],"collection":[{"href":"https:\/\/ten-haaft.com\/fr\/wp-json\/wp\/v2\/pages"}],"about":[{"href":"https:\/\/ten-haaft.com\/fr\/wp-json\/wp\/v2\/types\/page"}],"author":[{"embeddable":true,"href":"https:\/\/ten-haaft.com\/fr\/wp-json\/wp\/v2\/users\/8"}],"replies":[{"embeddable":true,"href":"https:\/\/ten-haaft.com\/fr\/wp-json\/wp\/v2\/comments?post=9431"}],"version-history":[{"count":9,"href":"https:\/\/ten-haaft.com\/fr\/wp-json\/wp\/v2\/pages\/9431\/revisions"}],"predecessor-version":[{"id":17989,"href":"https:\/\/ten-haaft.com\/fr\/wp-json\/wp\/v2\/pages\/9431\/revisions\/17989"}],"wp:attachment":[{"href":"https:\/\/ten-haaft.com\/fr\/wp-json\/wp\/v2\/media?parent=9431"}],"curies":[{"name":"wp","href":"https:\/\/api.w.org\/{rel}","templated":true}]}}